{"id":34337,"date":"2025-04-11T12:03:31","date_gmt":"2025-04-11T12:03:31","guid":{"rendered":"https:\/\/mainstream.eu\/?page_id=34337"},"modified":"2025-12-08T15:40:23","modified_gmt":"2025-12-08T15:40:23","slug":"aws-for-startup","status":"publish","type":"page","link":"https:\/\/mainstream.eu\/en\/public-cloud\/aws\/aws-for-startups","title":{"rendered":"AWS for startups"},"content":{"rendered":"","protected":false},"excerpt":{"rendered":"","protected":false},"author":4,"featured_media":11525,"parent":23923,"menu_order":0,"comment_status":"closed","ping_status":"closed","template":"page-builder.php","meta":{"_acf_changed":false,"footnotes":""},"class_list":["post-34337","page","type-page","status-publish","has-post-thumbnail","hentry"],"acf":[],"yoast_head":"<!-- This site is optimized with the Yoast SEO plugin v27.3 - https:\/\/yoast.com\/product\/yoast-seo-wordpress\/ -->\n<title>AWS for startups - Mainstream<\/title>\n<meta name=\"description\" content=\"Pro\u0161irite i izgradite svoj startup uz besplatne AWS kredite i tehni\u010dku podr\u0161ku, od AWS arhitekture do DevOps-a.\" \/>\n<meta name=\"robots\" content=\"index, follow, max-snippet:-1, max-image-preview:large, max-video-preview:-1\" \/>\n<link rel=\"canonical\" href=\"https:\/\/mainstream.eu\/en\/public-cloud\/aws\/aws-for-startups\/\" \/>\n<meta property=\"og:locale\" content=\"en_US\" \/>\n<meta property=\"og:type\" content=\"article\" \/>\n<meta property=\"og:title\" content=\"AWS for startups - Mainstream\" \/>\n<meta property=\"og:description\" content=\"Pro\u0161irite i izgradite svoj startup uz besplatne AWS kredite i tehni\u010dku podr\u0161ku, od AWS arhitekture do DevOps-a.\" \/>\n<meta property=\"og:url\" content=\"https:\/\/mainstream.eu\/en\/public-cloud\/aws\/aws-for-startups\/\" \/>\n<meta property=\"og:site_name\" content=\"Mainstream\" \/>\n<meta property=\"article:modified_time\" content=\"2025-12-08T15:40:23+00:00\" \/>\n<meta property=\"og:image\" content=\"https:\/\/mainstream.eu\/wp-content\/uploads\/2022\/09\/aws-sertifikacija.png\" \/>\n\t<meta property=\"og:image:width\" content=\"1024\" \/>\n\t<meta property=\"og:image:height\" content=\"536\" \/>\n\t<meta property=\"og:image:type\" content=\"image\/png\" \/>\n<meta name=\"twitter:card\" content=\"summary_large_image\" \/>\n<meta name=\"twitter:label1\" content=\"Est. reading time\" \/>\n\t<meta name=\"twitter:data1\" content=\"1 minute\" \/>\n<script type=\"application\/ld+json\" class=\"yoast-schema-graph\">{\"@context\":\"https:\\\/\\\/schema.org\",\"@graph\":[{\"@type\":\"WebPage\",\"@id\":\"https:\\\/\\\/mainstream.eu\\\/en\\\/public-cloud\\\/aws\\\/aws-for-startups\\\/\",\"url\":\"https:\\\/\\\/mainstream.eu\\\/en\\\/public-cloud\\\/aws\\\/aws-for-startups\\\/\",\"name\":\"AWS for startups - Mainstream\",\"isPartOf\":{\"@id\":\"https:\\\/\\\/mainstream.eu\\\/sr\\\/#website\"},\"primaryImageOfPage\":{\"@id\":\"https:\\\/\\\/mainstream.eu\\\/en\\\/public-cloud\\\/aws\\\/aws-for-startups\\\/#primaryimage\"},\"image\":{\"@id\":\"https:\\\/\\\/mainstream.eu\\\/en\\\/public-cloud\\\/aws\\\/aws-for-startups\\\/#primaryimage\"},\"thumbnailUrl\":\"https:\\\/\\\/mainstream.eu\\\/wp-content\\\/uploads\\\/2022\\\/09\\\/aws-sertifikacija.png\",\"datePublished\":\"2025-04-11T12:03:31+00:00\",\"dateModified\":\"2025-12-08T15:40:23+00:00\",\"description\":\"Pro\u0161irite i izgradite svoj startup uz besplatne AWS kredite i tehni\u010dku podr\u0161ku, od AWS arhitekture do DevOps-a.\",\"breadcrumb\":{\"@id\":\"https:\\\/\\\/mainstream.eu\\\/en\\\/public-cloud\\\/aws\\\/aws-for-startups\\\/#breadcrumb\"},\"inLanguage\":\"en-US\",\"potentialAction\":[{\"@type\":\"ReadAction\",\"target\":[\"https:\\\/\\\/mainstream.eu\\\/en\\\/public-cloud\\\/aws\\\/aws-for-startups\\\/\"]}]},{\"@type\":\"ImageObject\",\"inLanguage\":\"en-US\",\"@id\":\"https:\\\/\\\/mainstream.eu\\\/en\\\/public-cloud\\\/aws\\\/aws-for-startups\\\/#primaryimage\",\"url\":\"https:\\\/\\\/mainstream.eu\\\/wp-content\\\/uploads\\\/2022\\\/09\\\/aws-sertifikacija.png\",\"contentUrl\":\"https:\\\/\\\/mainstream.eu\\\/wp-content\\\/uploads\\\/2022\\\/09\\\/aws-sertifikacija.png\",\"width\":1024,\"height\":536},{\"@type\":\"BreadcrumbList\",\"@id\":\"https:\\\/\\\/mainstream.eu\\\/en\\\/public-cloud\\\/aws\\\/aws-for-startups\\\/#breadcrumb\",\"itemListElement\":[{\"@type\":\"ListItem\",\"position\":1,\"name\":\"Home\",\"item\":\"https:\\\/\\\/mainstream.eu\\\/en\\\/\"},{\"@type\":\"ListItem\",\"position\":2,\"name\":\"Cloud services\",\"item\":\"https:\\\/\\\/mainstream.eu\\\/en\\\/cloud-services\\\/\"},{\"@type\":\"ListItem\",\"position\":3,\"name\":\"AWS for startups\"}]},{\"@type\":\"WebSite\",\"@id\":\"https:\\\/\\\/mainstream.eu\\\/sr\\\/#website\",\"url\":\"https:\\\/\\\/mainstream.eu\\\/sr\\\/\",\"name\":\"Mainstream\",\"description\":\"\",\"potentialAction\":[{\"@type\":\"SearchAction\",\"target\":{\"@type\":\"EntryPoint\",\"urlTemplate\":\"https:\\\/\\\/mainstream.eu\\\/sr\\\/?s={search_term_string}\"},\"query-input\":{\"@type\":\"PropertyValueSpecification\",\"valueRequired\":true,\"valueName\":\"search_term_string\"}}],\"inLanguage\":\"en-US\"}]}<\/script>\n<!-- \/ Yoast SEO plugin. -->","yoast_head_json":{"title":"AWS for startups - Mainstream","description":"Pro\u0161irite i izgradite svoj startup uz besplatne AWS kredite i tehni\u010dku podr\u0161ku, od AWS arhitekture do DevOps-a.","robots":{"index":"index","follow":"follow","max-snippet":"max-snippet:-1","max-image-preview":"max-image-preview:large","max-video-preview":"max-video-preview:-1"},"canonical":"https:\/\/mainstream.eu\/en\/public-cloud\/aws\/aws-for-startups\/","og_locale":"en_US","og_type":"article","og_title":"AWS for startups - Mainstream","og_description":"Pro\u0161irite i izgradite svoj startup uz besplatne AWS kredite i tehni\u010dku podr\u0161ku, od AWS arhitekture do DevOps-a.","og_url":"https:\/\/mainstream.eu\/en\/public-cloud\/aws\/aws-for-startups\/","og_site_name":"Mainstream","article_modified_time":"2025-12-08T15:40:23+00:00","og_image":[{"width":1024,"height":536,"url":"https:\/\/mainstream.eu\/wp-content\/uploads\/2022\/09\/aws-sertifikacija.png","type":"image\/png"}],"twitter_card":"summary_large_image","twitter_misc":{"Est. reading time":"1 minute"},"schema":{"@context":"https:\/\/schema.org","@graph":[{"@type":"WebPage","@id":"https:\/\/mainstream.eu\/en\/public-cloud\/aws\/aws-for-startups\/","url":"https:\/\/mainstream.eu\/en\/public-cloud\/aws\/aws-for-startups\/","name":"AWS for startups - Mainstream","isPartOf":{"@id":"https:\/\/mainstream.eu\/sr\/#website"},"primaryImageOfPage":{"@id":"https:\/\/mainstream.eu\/en\/public-cloud\/aws\/aws-for-startups\/#primaryimage"},"image":{"@id":"https:\/\/mainstream.eu\/en\/public-cloud\/aws\/aws-for-startups\/#primaryimage"},"thumbnailUrl":"https:\/\/mainstream.eu\/wp-content\/uploads\/2022\/09\/aws-sertifikacija.png","datePublished":"2025-04-11T12:03:31+00:00","dateModified":"2025-12-08T15:40:23+00:00","description":"Pro\u0161irite i izgradite svoj startup uz besplatne AWS kredite i tehni\u010dku podr\u0161ku, od AWS arhitekture do DevOps-a.","breadcrumb":{"@id":"https:\/\/mainstream.eu\/en\/public-cloud\/aws\/aws-for-startups\/#breadcrumb"},"inLanguage":"en-US","potentialAction":[{"@type":"ReadAction","target":["https:\/\/mainstream.eu\/en\/public-cloud\/aws\/aws-for-startups\/"]}]},{"@type":"ImageObject","inLanguage":"en-US","@id":"https:\/\/mainstream.eu\/en\/public-cloud\/aws\/aws-for-startups\/#primaryimage","url":"https:\/\/mainstream.eu\/wp-content\/uploads\/2022\/09\/aws-sertifikacija.png","contentUrl":"https:\/\/mainstream.eu\/wp-content\/uploads\/2022\/09\/aws-sertifikacija.png","width":1024,"height":536},{"@type":"BreadcrumbList","@id":"https:\/\/mainstream.eu\/en\/public-cloud\/aws\/aws-for-startups\/#breadcrumb","itemListElement":[{"@type":"ListItem","position":1,"name":"Home","item":"https:\/\/mainstream.eu\/en\/"},{"@type":"ListItem","position":2,"name":"Cloud services","item":"https:\/\/mainstream.eu\/en\/cloud-services\/"},{"@type":"ListItem","position":3,"name":"AWS for startups"}]},{"@type":"WebSite","@id":"https:\/\/mainstream.eu\/sr\/#website","url":"https:\/\/mainstream.eu\/sr\/","name":"Mainstream","description":"","potentialAction":[{"@type":"SearchAction","target":{"@type":"EntryPoint","urlTemplate":"https:\/\/mainstream.eu\/sr\/?s={search_term_string}"},"query-input":{"@type":"PropertyValueSpecification","valueRequired":true,"valueName":"search_term_string"}}],"inLanguage":"en-US"}]}},"_links":{"self":[{"href":"https:\/\/mainstream.eu\/en\/wp-json\/wp\/v2\/pages\/34337","targetHints":{"allow":["GET"]}}],"collection":[{"href":"https:\/\/mainstream.eu\/en\/wp-json\/wp\/v2\/pages"}],"about":[{"href":"https:\/\/mainstream.eu\/en\/wp-json\/wp\/v2\/types\/page"}],"author":[{"embeddable":true,"href":"https:\/\/mainstream.eu\/en\/wp-json\/wp\/v2\/users\/4"}],"replies":[{"embeddable":true,"href":"https:\/\/mainstream.eu\/en\/wp-json\/wp\/v2\/comments?post=34337"}],"version-history":[{"count":0,"href":"https:\/\/mainstream.eu\/en\/wp-json\/wp\/v2\/pages\/34337\/revisions"}],"up":[{"embeddable":true,"href":"https:\/\/mainstream.eu\/en\/wp-json\/wp\/v2\/pages\/23923"}],"wp:featuredmedia":[{"embeddable":true,"href":"https:\/\/mainstream.eu\/en\/wp-json\/wp\/v2\/media\/11525"}],"wp:attachment":[{"href":"https:\/\/mainstream.eu\/en\/wp-json\/wp\/v2\/media?parent=34337"}],"curies":[{"name":"wp","href":"https:\/\/api.w.org\/{rel}","templated":true}]}}