{"id":21008,"date":"2023-12-21T11:12:29","date_gmt":"2023-12-21T11:12:29","guid":{"rendered":"https:\/\/mainstream.eu\/politika-privatnosti\/"},"modified":"2024-06-20T11:33:36","modified_gmt":"2024-06-20T11:33:36","slug":"politika-zasebnosti","status":"publish","type":"page","link":"https:\/\/mainstream.eu\/sl\/politika-zasebnosti\/","title":{"rendered":"Politika zasebnosti"},"content":{"rendered":"\n<p> politika zasebnosti ureja zbiranje, hrambo in obdelavo osebnih podatkov, ki jih Mainstream d.o.o zbira od vas, ko se naro\u010dite na prejemanje vsebin kot so e-novice, vabila na dogodke, publikacije in ostali produkti Mainstream d.o.o. (Mainstream)<\/p>\n\n\n\n<h2 class=\"wp-block-heading\">Upravljavec<\/h2>\n\n\n\n<p>Upravljavec osebnih podatkov v pomenu, kot ga dolo\u010data Splo\u0161na uredba EU o varstvu osebnih podatkov in veljavni zakon, ki ureja varstvo osebnih podatkov \u2013 GDPR je:<\/p>\n\n\n\n<div class=\"wp-block-group\"><div class=\"wp-block-group__inner-container is-layout-constrained wp-block-group-is-layout-constrained\">\n<p>Mainstream d.o.o.<\/p>\n\n\n\n<p>Brn\u010di\u010deva ulica 49a,<\/p>\n\n\n\n<p>1231 Ljubljana \u2013 \u010crnu\u010de<\/p>\n\n\n\n<p>info@mainstream.si<\/p>\n<\/div><\/div>\n\n\n\n<p><\/p>\n\n\n\n<h2 class=\"wp-block-heading\">Osebni podatki in namen njihove obdelave<\/h2>\n\n\n\n<p>V kolikor \u017eelite prejemati vsebine Mainstream (e-novice, vabila na dogodke, publikacije in ostale produkte Mainstream morate izpolniti obrazec\/naro\u010dilnico\/prijavo\/registracijo na spletni strani www.manistream.eu\/lang=si&nbsp;&nbsp; Z izpolnitvijo tega obrazca\/naro\u010dilnice\/prijave\/registracije in potrditvijo posredujete Mainstream d.o.o. naslednje kontaktne podatke:<\/p>\n\n\n\n<ul class=\"wp-block-list\">\n<li>Ime<\/li>\n\n\n\n<li>Priimek<\/li>\n\n\n\n<li>podjetje, v katerem ste zaposleni<\/li>\n\n\n\n<li>e-po\u0161tni naslov<\/li>\n<\/ul>\n\n\n\n<p>Kontaktne podatke, ki nam jih posredujete ob izpolnitvi oz. oddaji obrazca\/naro\u010dilnice\/prijave\/registracije potrebujemo za obdelavo va\u0161ega naro\u010dila in za komunikacijo z vami glede konkretnih e-novic, dogodkov, publikacij in ostalih produktov Mainstream, na katere ste se naro\u010dili. V primeru, da nam ne posredujete navedenih kontaktnih podatkov, va\u0161ega naro\u010dila ne bomo obdelali in ne boste mogli koristiti \u017eelenih e-novic, dogodkov, publikacij in ostalih produktov Mainstream.<\/p>\n\n\n\n<p>Mainstream spo\u0161tuje va\u0161o zasebnost in je zavezana, da pri zbiranju, hrambi in obdelavi osebnih podatkov ravna skrbno in v skladu z veljavnimi predpisi o varstvu osebnih podatkov. Ker obstajajo v spletnem informacijskem sistemu Mainstream dolo\u010dene povezave na druge, zunanje spletne strani, ki niso neposredno vezane na Mainstream ne prevzemamo nikakr\u0161ne odgovornosti za za\u0161\u010dito podatkov na teh spletnih straneh.<\/p>\n\n\n\n<p>Da bi prepre\u010dili nepoobla\u0161\u010den dostop do pridobljenih podatkov ali njihovo razkritje, ohranili natan\u010dnost osebnih podatkov in zagotovili njihovo ustrezno uporabo, uporabljamo ustrezne tehni\u010dne in organizacijske postopke za zavarovanje podatkov, ki jih zbiramo. Mainstream ne more izklju\u010diti morebitne zlorabe podatkov, saj je internet navkljub varnostnim ukrepom in varnostnim komunikacijskim protokolom nepredvidljiv medij.<\/p>\n\n\n\n<p>\u202f<\/p>\n\n\n\n<h2 class=\"wp-block-heading\">Soglasje\u202f<\/h2>\n\n\n\n<p>Osebne podatke, ki nam jih posredujete ob prijavi na e-novice, dogodke, publikacije in ostale produkte Mainstream obdelujemo z va\u0161im jasnim in nedvoumnim soglasjem, ki temelji na \u010dlenu 6 (1), (a) Splo\u0161ne uredbe EU o varstvu osebnih podatkov (GDPR). Z namenom izbolj\u0161ave kakovosti na\u0161ih produktov in storitev in za statisti\u010dne namene, v zvezi z elektronskimi sporo\u010dili, ki vam jih po\u0161iljamo, obdelujemo tudi podatke o prikazih prejetih sporo\u010dil in klikih na povezave v prejetih sporo\u010dilih.<\/p>\n\n\n\n<p>\u202fSoglasje za obdelavo osebnih podatkov podate s tem, ko na spletni strani Mainstream na spletni naro\u010dilnici ali na povezavi \u00bbSprememba nastavitev prejemanja e-novic in odjava\u00abkliknete \u00bbpo\u0161lji\u00ab\/\u00bbprijava\u00ab\/\u00bbregistracija\u00ab. Svoje soglasje lahko kadarkoli umaknete s klikom na povezavo \u00bbSprememba nastavitev prejemanja e-novic in odjava\u00ab, ki se nahaja v nogi vsakega sporo\u010dila, ki ga prejmete od Mainstream d.o.o.&nbsp; oz. preko elektronske po\u0161te na naslov dpo.si@mainstream.eu .&nbsp; V primeru umika soglasja ne bomo ve\u010d uporabljali va\u0161ih osebnih podatkov za obve\u0161\u010danje o vsebinah Mainstream (e-novicah, dogodkih, publikacijah in ostale produktih Mainstream.). Morebiten umik soglasja ne vpliva na zakonitost obdelave va\u0161ih osebnih podatkov v \u010dasu, preden je bil umik podan.<\/p>\n\n\n\n<p>\u202f<\/p>\n\n\n\n<h2 class=\"wp-block-heading\">Va\u0161e pravice<\/h2>\n\n\n\n<p>V skladu z dolo\u010dili Splo\u0161ne uredbe EU o varstvu osebnih podatkov (GDPR) imate pravico do dostopa do va\u0161ih osebnih podatkov, pravico do popravka, pravico do izbrisa (\u00bbpozabe\u00ab), pravico do prenosljivosti, pravico zahtevati omejitev obdelave osebnih podatkov in pravico do ugovora. Va\u0161e podatke lahko kadarkoli pregledate ter spremenite s klikom na povezavo \u00bbSprememba nastavitev prejemanja e-novic in odjava\u00ab.<\/p>\n\n\n\n<p>Pri uveljavljanju vseh va\u0161ih pravic ali pri pridobivanju dodatnih informacij se obrnite na na\u0161o poobla\u0161\u010deno osebo za varstvo podatkov, ki vam je na voljo na e-naslovu: dpo.si@mainstream.eu&nbsp; Va\u0161o vlogo bomo obravnavali in nanjo odgovorili v skladu z GDPR.<\/p>\n\n\n\n<p>\u010ce menite, da so kr\u0161ene va\u0161e pravice ali predpisi o varstvu osebnih podatkov se lahko prito\u017eite pristojnemu dr\u017eavnemu organu:<\/p>\n\n\n\n<p>\u202f<\/p>\n\n\n\n<p>Informacijski poobla\u0161\u010denec Republike Slovenije (Zalo\u0161ka 59, 1000 Ljubljana, telefon: 01 230 97 30, faks: 01 230 97 78, e-po\u0161ta:gp.ip@ip-rs.si).<\/p>\n\n\n\n<p>\u202f<\/p>\n\n\n\n<h2 class=\"wp-block-heading\">\u010cas hrambe osebnih podatkov<\/h2>\n\n\n\n<p>Mainstream hrani va\u0161e osebne podatke toliko \u010dasa, kolikor je to potrebno za namen po\u0161iljanja vsebin (novic, vabil na dogodke, publikacij in ostalih produktov Mainstream), na katere ste se prijavili oz. naro\u010dili. V primeru, da ne \u017eelite ve\u010d prejemati vsebin s strani Mainstream in se od njih odjavite ali v primeru, da umaknete svoje soglasje za obdelavo osebnih podatkov za ta namen, bomo va\u0161e podatke v sistemu Mainstream blokirali in va\u0161ih podatkov ve\u010d ne bomo uporabljali za ta namen.<\/p>\n\n\n\n<p>Rok hrambe osebnih podatkov se lahko razlikuje glede na veljavno sektorsko zakonodajo (npr. zakonodaja s podro\u010dja davkov, ra\u010dunovodstva). V primeru, ko veljavna sektorska zakonodaja dolo\u010da obvezne roke za hrambo osebnih podatkov, Mainstream izbri\u0161e osebne podatke po poteku z zakonom predpisanega obveznega roka.<\/p>\n\n\n\n<h2 class=\"wp-block-heading\">Informacije o obdelavi va\u0161ih osebnih podatkov s strani Albacross<\/h2>\n\n\n\n<p>Obve\u0161\u010damo vas o obdelavi osebnih podatkov v imenu Albacross Nordic AB (\u201eAlbacross\u201c).<\/p>\n\n\n\n<p>Informacije, zbrane s pi\u0161kotki, name\u0161\u010denimi na va\u0161i napravi, ki se \u0161tejejo za osebne podatke, bo obdeloval Albacross, platforma, ki ponuja storitve identifikacije obiskovalcev in ciljno ogla\u0161evanje s pisarnami v Stockholmu in Krakovu. Spodaj si oglejte popolne kontaktne podatke.<\/p>\n\n\n\n<p>Namen obdelave osebnih podatkov je omogo\u010diti Albacross-u, da izbolj\u0161a storitev, ki jo nudi nam in na\u0161i spletni strani (npr. storitev \u201eIntent\u201c), z dodajanjem podatkov v njihovo bazo podatkov o podjetjih. Poleg \u201eIntent Data\u201c se bo baza podatkov Albacross uporabljala za ciljno ogla\u0161evanje podjetjem, zato bodo podatki posredovani tretjim ponudnikom podatkovnih storitev. Za jasnost, ciljno ogla\u0161evanje se nana\u0161a na podjetja, ne na posameznike.<\/p>\n\n\n\n<p>Podatki, ki jih zbira in uporablja Albacross za dosego tega namena, so informacije o IP naslovu, s katerega ste obiskali na\u0161o spletno stran, ter tehni\u010dne informacije, ki Albacrossu omogo\u010dajo razlikovanje razli\u010dnih obiskovalcev z istega IP naslova. Albacross shranjuje domeno iz obrazca, da pove\u017ee IP naslov z va\u0161im delodajalcem.<\/p>\n\n\n\n<p>Za popolne informacije o na\u0161i obdelavi osebnih podatkov si oglejte <a href=\"https:\/\/albacross.com\/privacy-policy\/\">Politiko zasebnosti<\/a> Albacross-a.<\/p>\n\n\n\n<p><strong>Albacross Nordic AB<\/strong> Companyreg. no 556942-7338<br>Tegelbacken 4A<br>111 52 Stockholm, \u0160vedska<br><a href=\"https:\/\/www.albacross.com\">www.albacross.com<\/a> &#8211; contact@albacross.com<\/p>\n","protected":false},"excerpt":{"rendered":"<p>politika zasebnosti ureja zbiranje, hrambo in obdelavo osebnih podatkov, ki jih Mainstream d.o.o zbira od vas, ko se naro\u010dite na<\/p>\n","protected":false},"author":4,"featured_media":0,"parent":0,"menu_order":0,"comment_status":"closed","ping_status":"closed","template":"","meta":{"_acf_changed":false,"footnotes":""},"class_list":["post-21008","page","type-page","status-publish","hentry"],"acf":[],"yoast_head":"<!-- This site is optimized with the Yoast SEO plugin v27.4 - https:\/\/yoast.com\/product\/yoast-seo-wordpress\/ -->\n<title>Politika zasebnosti - Mainstream<\/title>\n<meta name=\"description\" content=\"Uvod U ovoj Politici privatnosti obja\u0161njavamo kako obra\u0111ujemo Va\u0161e podatke o li\u010dnosti kada posetite www.mainstream.rs i kontaktirate nas sa upitom preko sajta.\" \/>\n<meta name=\"robots\" content=\"index, follow, max-snippet:-1, max-image-preview:large, max-video-preview:-1\" \/>\n<link rel=\"canonical\" href=\"https:\/\/mainstream.eu\/sl\/politika-zasebnosti\/\" \/>\n<meta property=\"og:locale\" content=\"sl_SI\" \/>\n<meta property=\"og:type\" content=\"article\" \/>\n<meta property=\"og:title\" content=\"Politika zasebnosti - Mainstream\" \/>\n<meta property=\"og:description\" content=\"Uvod U ovoj Politici privatnosti obja\u0161njavamo kako obra\u0111ujemo Va\u0161e podatke o li\u010dnosti kada posetite www.mainstream.rs i kontaktirate nas sa upitom preko sajta.\" \/>\n<meta property=\"og:url\" content=\"https:\/\/mainstream.eu\/sl\/politika-zasebnosti\/\" \/>\n<meta property=\"og:site_name\" content=\"Mainstream\" \/>\n<meta property=\"article:modified_time\" content=\"2024-06-20T11:33:36+00:00\" \/>\n<meta name=\"twitter:card\" content=\"summary_large_image\" \/>\n<meta name=\"twitter:label1\" content=\"Est. reading time\" \/>\n\t<meta name=\"twitter:data1\" content=\"5 minut\" \/>\n<script type=\"application\/ld+json\" class=\"yoast-schema-graph\">{\"@context\":\"https:\\\/\\\/schema.org\",\"@graph\":[{\"@type\":\"WebPage\",\"@id\":\"https:\\\/\\\/mainstream.eu\\\/sl\\\/politika-zasebnosti\\\/\",\"url\":\"https:\\\/\\\/mainstream.eu\\\/sl\\\/politika-zasebnosti\\\/\",\"name\":\"Politika zasebnosti - Mainstream\",\"isPartOf\":{\"@id\":\"https:\\\/\\\/mainstream.eu\\\/sr\\\/#website\"},\"datePublished\":\"2023-12-21T11:12:29+00:00\",\"dateModified\":\"2024-06-20T11:33:36+00:00\",\"description\":\"Uvod U ovoj Politici privatnosti obja\u0161njavamo kako obra\u0111ujemo Va\u0161e podatke o li\u010dnosti kada posetite www.mainstream.rs i kontaktirate nas sa upitom preko sajta.\",\"breadcrumb\":{\"@id\":\"https:\\\/\\\/mainstream.eu\\\/sl\\\/politika-zasebnosti\\\/#breadcrumb\"},\"inLanguage\":\"sl-SI\",\"potentialAction\":[{\"@type\":\"ReadAction\",\"target\":[\"https:\\\/\\\/mainstream.eu\\\/sl\\\/politika-zasebnosti\\\/\"]}]},{\"@type\":\"BreadcrumbList\",\"@id\":\"https:\\\/\\\/mainstream.eu\\\/sl\\\/politika-zasebnosti\\\/#breadcrumb\",\"itemListElement\":[{\"@type\":\"ListItem\",\"position\":1,\"name\":\"Doma\u010da\",\"item\":\"https:\\\/\\\/mainstream.eu\\\/sl\\\/\"},{\"@type\":\"ListItem\",\"position\":2,\"name\":\"Politika zasebnosti\"}]},{\"@type\":\"WebSite\",\"@id\":\"https:\\\/\\\/mainstream.eu\\\/sr\\\/#website\",\"url\":\"https:\\\/\\\/mainstream.eu\\\/sr\\\/\",\"name\":\"Mainstream\",\"description\":\"\",\"potentialAction\":[{\"@type\":\"SearchAction\",\"target\":{\"@type\":\"EntryPoint\",\"urlTemplate\":\"https:\\\/\\\/mainstream.eu\\\/sr\\\/?s={search_term_string}\"},\"query-input\":{\"@type\":\"PropertyValueSpecification\",\"valueRequired\":true,\"valueName\":\"search_term_string\"}}],\"inLanguage\":\"sl-SI\"}]}<\/script>\n<!-- \/ Yoast SEO plugin. -->","yoast_head_json":{"title":"Politika zasebnosti - Mainstream","description":"Uvod U ovoj Politici privatnosti obja\u0161njavamo kako obra\u0111ujemo Va\u0161e podatke o li\u010dnosti kada posetite www.mainstream.rs i kontaktirate nas sa upitom preko sajta.","robots":{"index":"index","follow":"follow","max-snippet":"max-snippet:-1","max-image-preview":"max-image-preview:large","max-video-preview":"max-video-preview:-1"},"canonical":"https:\/\/mainstream.eu\/sl\/politika-zasebnosti\/","og_locale":"sl_SI","og_type":"article","og_title":"Politika zasebnosti - Mainstream","og_description":"Uvod U ovoj Politici privatnosti obja\u0161njavamo kako obra\u0111ujemo Va\u0161e podatke o li\u010dnosti kada posetite www.mainstream.rs i kontaktirate nas sa upitom preko sajta.","og_url":"https:\/\/mainstream.eu\/sl\/politika-zasebnosti\/","og_site_name":"Mainstream","article_modified_time":"2024-06-20T11:33:36+00:00","twitter_card":"summary_large_image","twitter_misc":{"Est. reading time":"5 minut"},"schema":{"@context":"https:\/\/schema.org","@graph":[{"@type":"WebPage","@id":"https:\/\/mainstream.eu\/sl\/politika-zasebnosti\/","url":"https:\/\/mainstream.eu\/sl\/politika-zasebnosti\/","name":"Politika zasebnosti - Mainstream","isPartOf":{"@id":"https:\/\/mainstream.eu\/sr\/#website"},"datePublished":"2023-12-21T11:12:29+00:00","dateModified":"2024-06-20T11:33:36+00:00","description":"Uvod U ovoj Politici privatnosti obja\u0161njavamo kako obra\u0111ujemo Va\u0161e podatke o li\u010dnosti kada posetite www.mainstream.rs i kontaktirate nas sa upitom preko sajta.","breadcrumb":{"@id":"https:\/\/mainstream.eu\/sl\/politika-zasebnosti\/#breadcrumb"},"inLanguage":"sl-SI","potentialAction":[{"@type":"ReadAction","target":["https:\/\/mainstream.eu\/sl\/politika-zasebnosti\/"]}]},{"@type":"BreadcrumbList","@id":"https:\/\/mainstream.eu\/sl\/politika-zasebnosti\/#breadcrumb","itemListElement":[{"@type":"ListItem","position":1,"name":"Doma\u010da","item":"https:\/\/mainstream.eu\/sl\/"},{"@type":"ListItem","position":2,"name":"Politika zasebnosti"}]},{"@type":"WebSite","@id":"https:\/\/mainstream.eu\/sr\/#website","url":"https:\/\/mainstream.eu\/sr\/","name":"Mainstream","description":"","potentialAction":[{"@type":"SearchAction","target":{"@type":"EntryPoint","urlTemplate":"https:\/\/mainstream.eu\/sr\/?s={search_term_string}"},"query-input":{"@type":"PropertyValueSpecification","valueRequired":true,"valueName":"search_term_string"}}],"inLanguage":"sl-SI"}]}},"_links":{"self":[{"href":"https:\/\/mainstream.eu\/sl\/wp-json\/wp\/v2\/pages\/21008","targetHints":{"allow":["GET"]}}],"collection":[{"href":"https:\/\/mainstream.eu\/sl\/wp-json\/wp\/v2\/pages"}],"about":[{"href":"https:\/\/mainstream.eu\/sl\/wp-json\/wp\/v2\/types\/page"}],"author":[{"embeddable":true,"href":"https:\/\/mainstream.eu\/sl\/wp-json\/wp\/v2\/users\/4"}],"replies":[{"embeddable":true,"href":"https:\/\/mainstream.eu\/sl\/wp-json\/wp\/v2\/comments?post=21008"}],"version-history":[{"count":0,"href":"https:\/\/mainstream.eu\/sl\/wp-json\/wp\/v2\/pages\/21008\/revisions"}],"wp:attachment":[{"href":"https:\/\/mainstream.eu\/sl\/wp-json\/wp\/v2\/media?parent=21008"}],"curies":[{"name":"wp","href":"https:\/\/api.w.org\/{rel}","templated":true}]}}