{"id":21010,"date":"2023-11-01T09:09:28","date_gmt":"2023-11-01T09:09:28","guid":{"rendered":"https:\/\/mainstream.eu\/politika-kolacica\/"},"modified":"2024-02-27T13:33:36","modified_gmt":"2024-02-27T13:33:36","slug":"piskotki","status":"publish","type":"page","link":"https:\/\/mainstream.eu\/sl\/piskotki\/","title":{"rendered":"Pi\u0161kotki"},"content":{"rendered":"\n<h2 class=\"wp-block-heading\">Kaj so pi\u0161kotki?<\/h2>\n\n\n\n<p>Pi\u0161kotek je datoteka, ki shrani nastavitve spletnih strani. Spletna mesta pi\u0161kotke shranijo v naprave uporabnikov, s katerimi dostopajo do interneta z namenom prepoznavanja posameznih naprav in nastavitev, ki so jih uporabniki uporabili pri dostopu. Pi\u0161kotki omogo\u010dajo spletnim stranem prepoznavanje, \u010de je uporabnik \u017ee obiskal to spletno mesto in pri naprednih aplikacijah se lahko z njihovo pomo\u010djo ustrezno prilagodijo posamezne nastavitve. Njihovo shranjevanje je pod popolnim nadzorom brskalnika, ki ga uporablja uporabnik &#8211; ta lahko shranjevanje pi\u0161kotkov po \u017eelji omeji ali onemogo\u010di.<\/p>\n\n\n\n<h2 class=\"wp-block-heading\">Zakaj so pi\u0161kotki potrebni?<\/h2>\n\n\n\n<p>Pi\u0161kotki so temeljnega pomena za zagotavljanje uporabniku prijaznih spletnih storitev; najpogostej\u0161e funkcije e-poslovanja ne bi bile mogo\u010de brez pi\u0161kotkov. Interakcija med spletnim uporabnikom in spletno stranjo je s pomo\u010djo pi\u0161kotkov hitrej\u0161a in enostavnej\u0161a. Z njihovo pomo\u010djo si spletna stran zapomni posameznikove preference in izku\u0161nje, brskanje po spletnih straneh pa je s tem bolj u\u010dinkovito in prijetno. Razlogov za uporabo pi\u0161kotkov je ve\u010d. Uporabljajo se za shranjevanje podatkov o stanju posamezne spletne strani (podrobnosti o prilagoditvah posamezne spletne strani), pomagajo pri izvajanju spletnih storitev (npr. spletne trgovine), pomagajo pri zbiranju statistik o uporabnikih in obiskanosti spletnega mesta, o navadah spletnega uporabnika , itd. S pomo\u010djo pi\u0161kotkov lahko torej ocenimo u\u010dinkovitost zasnove na\u0161ega spletnega mesta. O priporo\u010deni in dovoljeni uporabi pi\u0161kotkov na spletnih straneh si lahko preberete tudi smernice informacijskega poobla\u0161\u010denca za uporabo pi\u0161kotkov, ki jih najdete\u202ftukaj.<\/p>\n\n\n\n<h2 class=\"wp-block-heading\">Upravljanje in brisanje pi\u0161kotkov<\/h2>\n\n\n\n<p>\u010ce \u017eelite spremeniti na\u010din uporabe pi\u0161kotkov v brskalniku, vklju\u010dno z blokiranjem ali izbrisom, lahko to storite z ustrezno spremembo nastavitev brskalnika. Za upravljanje pi\u0161kotkov vam ve\u010dina brskalnikov omogo\u010da, da sprejmete ali zavrnete vse pi\u0161kotke, sprejmete samo dolo\u010deno vrsto pi\u0161kotkov ali pa vas opozori, da stran \u017eeli shraniti pi\u0161kotek. Pi\u0161kotke, ki jih je brskalnik shranil, lahko tudi enostavno izbri\u0161ete. \u010ce spremenite ali izbri\u0161ete brskalnikovo datoteko s pi\u0161kotki, spremenite ali nagradite va\u0161 brskalnik ali napravo, boste morda morali ponovno onemogo\u010diti pi\u0161kotke. Postopek za upravljanje in brisanje pi\u0161kotkov se razlikuje od brskalnika do brskalnika. \u010ce pri tem potrebujete pomo\u010d, lahko pogledate v brskalnikovi pomo\u010di uporabnikom. Sledenju Google Analytics lahko onemogo\u010dite tudi na naslednjipovezavi.<\/p>\n\n\n\n<p><\/p>\n","protected":false},"excerpt":{"rendered":"<p>Kaj so pi\u0161kotki? Pi\u0161kotek je datoteka, ki shrani nastavitve spletnih strani. Spletna mesta pi\u0161kotke shranijo v naprave uporabnikov, s katerimi<\/p>\n","protected":false},"author":1,"featured_media":0,"parent":0,"menu_order":0,"comment_status":"closed","ping_status":"closed","template":"","meta":{"_acf_changed":false,"footnotes":""},"class_list":["post-21010","page","type-page","status-publish","hentry"],"acf":[],"yoast_head":"<!-- This site is optimized with the Yoast SEO plugin v27.3 - https:\/\/yoast.com\/product\/yoast-seo-wordpress\/ -->\n<title>Pi\u0161kotki - Mainstream<\/title>\n<meta name=\"description\" content=\"Ovom politikom vas obave\u0161tavamo o upotrebi kola\u010di\u0107a na vebsajtu www.mainstream.rs. Posetom samog vebsajta u prilici ste da se slo\u017eite sa upotrebom kola\u010di\u0107a.\" \/>\n<meta name=\"robots\" content=\"index, follow, max-snippet:-1, max-image-preview:large, max-video-preview:-1\" \/>\n<link rel=\"canonical\" href=\"https:\/\/mainstream.eu\/sr\/politika-kolacica\/\" \/>\n<meta property=\"og:locale\" content=\"sl_SI\" \/>\n<meta property=\"og:type\" content=\"article\" \/>\n<meta property=\"og:title\" content=\"Pi\u0161kotki - Mainstream\" \/>\n<meta property=\"og:description\" content=\"Ovom politikom vas obave\u0161tavamo o upotrebi kola\u010di\u0107a na vebsajtu www.mainstream.rs. Posetom samog vebsajta u prilici ste da se slo\u017eite sa upotrebom kola\u010di\u0107a.\" \/>\n<meta property=\"og:url\" content=\"https:\/\/mainstream.eu\/sr\/politika-kolacica\/\" \/>\n<meta property=\"og:site_name\" content=\"Mainstream\" \/>\n<meta property=\"article:modified_time\" content=\"2024-02-27T13:33:36+00:00\" \/>\n<meta name=\"twitter:card\" content=\"summary_large_image\" \/>\n<meta name=\"twitter:label1\" content=\"Est. reading time\" \/>\n\t<meta name=\"twitter:data1\" content=\"2 minuti\" \/>\n<script type=\"application\/ld+json\" class=\"yoast-schema-graph\">{\"@context\":\"https:\\\/\\\/schema.org\",\"@graph\":[{\"@type\":\"WebPage\",\"@id\":\"https:\\\/\\\/mainstream.eu\\\/sr\\\/politika-kolacica\\\/\",\"url\":\"https:\\\/\\\/mainstream.eu\\\/sr\\\/politika-kolacica\\\/\",\"name\":\"Pi\u0161kotki - Mainstream\",\"isPartOf\":{\"@id\":\"https:\\\/\\\/mainstream.eu\\\/sr\\\/#website\"},\"datePublished\":\"2023-11-01T09:09:28+00:00\",\"dateModified\":\"2024-02-27T13:33:36+00:00\",\"description\":\"Ovom politikom vas obave\u0161tavamo o upotrebi kola\u010di\u0107a na vebsajtu www.mainstream.rs. Posetom samog vebsajta u prilici ste da se slo\u017eite sa upotrebom kola\u010di\u0107a.\",\"breadcrumb\":{\"@id\":\"https:\\\/\\\/mainstream.eu\\\/sr\\\/politika-kolacica\\\/#breadcrumb\"},\"inLanguage\":\"sl-SI\",\"potentialAction\":[{\"@type\":\"ReadAction\",\"target\":[\"https:\\\/\\\/mainstream.eu\\\/sr\\\/politika-kolacica\\\/\"]}]},{\"@type\":\"BreadcrumbList\",\"@id\":\"https:\\\/\\\/mainstream.eu\\\/sr\\\/politika-kolacica\\\/#breadcrumb\",\"itemListElement\":[{\"@type\":\"ListItem\",\"position\":1,\"name\":\"Doma\u010da\",\"item\":\"https:\\\/\\\/mainstream.eu\\\/sl\\\/\"},{\"@type\":\"ListItem\",\"position\":2,\"name\":\"Pi\u0161kotki\"}]},{\"@type\":\"WebSite\",\"@id\":\"https:\\\/\\\/mainstream.eu\\\/sr\\\/#website\",\"url\":\"https:\\\/\\\/mainstream.eu\\\/sr\\\/\",\"name\":\"Mainstream\",\"description\":\"\",\"potentialAction\":[{\"@type\":\"SearchAction\",\"target\":{\"@type\":\"EntryPoint\",\"urlTemplate\":\"https:\\\/\\\/mainstream.eu\\\/sr\\\/?s={search_term_string}\"},\"query-input\":{\"@type\":\"PropertyValueSpecification\",\"valueRequired\":true,\"valueName\":\"search_term_string\"}}],\"inLanguage\":\"sl-SI\"}]}<\/script>\n<!-- \/ Yoast SEO plugin. -->","yoast_head_json":{"title":"Pi\u0161kotki - Mainstream","description":"Ovom politikom vas obave\u0161tavamo o upotrebi kola\u010di\u0107a na vebsajtu www.mainstream.rs. Posetom samog vebsajta u prilici ste da se slo\u017eite sa upotrebom kola\u010di\u0107a.","robots":{"index":"index","follow":"follow","max-snippet":"max-snippet:-1","max-image-preview":"max-image-preview:large","max-video-preview":"max-video-preview:-1"},"canonical":"https:\/\/mainstream.eu\/sr\/politika-kolacica\/","og_locale":"sl_SI","og_type":"article","og_title":"Pi\u0161kotki - Mainstream","og_description":"Ovom politikom vas obave\u0161tavamo o upotrebi kola\u010di\u0107a na vebsajtu www.mainstream.rs. Posetom samog vebsajta u prilici ste da se slo\u017eite sa upotrebom kola\u010di\u0107a.","og_url":"https:\/\/mainstream.eu\/sr\/politika-kolacica\/","og_site_name":"Mainstream","article_modified_time":"2024-02-27T13:33:36+00:00","twitter_card":"summary_large_image","twitter_misc":{"Est. reading time":"2 minuti"},"schema":{"@context":"https:\/\/schema.org","@graph":[{"@type":"WebPage","@id":"https:\/\/mainstream.eu\/sr\/politika-kolacica\/","url":"https:\/\/mainstream.eu\/sr\/politika-kolacica\/","name":"Pi\u0161kotki - Mainstream","isPartOf":{"@id":"https:\/\/mainstream.eu\/sr\/#website"},"datePublished":"2023-11-01T09:09:28+00:00","dateModified":"2024-02-27T13:33:36+00:00","description":"Ovom politikom vas obave\u0161tavamo o upotrebi kola\u010di\u0107a na vebsajtu www.mainstream.rs. Posetom samog vebsajta u prilici ste da se slo\u017eite sa upotrebom kola\u010di\u0107a.","breadcrumb":{"@id":"https:\/\/mainstream.eu\/sr\/politika-kolacica\/#breadcrumb"},"inLanguage":"sl-SI","potentialAction":[{"@type":"ReadAction","target":["https:\/\/mainstream.eu\/sr\/politika-kolacica\/"]}]},{"@type":"BreadcrumbList","@id":"https:\/\/mainstream.eu\/sr\/politika-kolacica\/#breadcrumb","itemListElement":[{"@type":"ListItem","position":1,"name":"Doma\u010da","item":"https:\/\/mainstream.eu\/sl\/"},{"@type":"ListItem","position":2,"name":"Pi\u0161kotki"}]},{"@type":"WebSite","@id":"https:\/\/mainstream.eu\/sr\/#website","url":"https:\/\/mainstream.eu\/sr\/","name":"Mainstream","description":"","potentialAction":[{"@type":"SearchAction","target":{"@type":"EntryPoint","urlTemplate":"https:\/\/mainstream.eu\/sr\/?s={search_term_string}"},"query-input":{"@type":"PropertyValueSpecification","valueRequired":true,"valueName":"search_term_string"}}],"inLanguage":"sl-SI"}]}},"_links":{"self":[{"href":"https:\/\/mainstream.eu\/sl\/wp-json\/wp\/v2\/pages\/21010","targetHints":{"allow":["GET"]}}],"collection":[{"href":"https:\/\/mainstream.eu\/sl\/wp-json\/wp\/v2\/pages"}],"about":[{"href":"https:\/\/mainstream.eu\/sl\/wp-json\/wp\/v2\/types\/page"}],"author":[{"embeddable":true,"href":"https:\/\/mainstream.eu\/sl\/wp-json\/wp\/v2\/users\/1"}],"replies":[{"embeddable":true,"href":"https:\/\/mainstream.eu\/sl\/wp-json\/wp\/v2\/comments?post=21010"}],"version-history":[{"count":0,"href":"https:\/\/mainstream.eu\/sl\/wp-json\/wp\/v2\/pages\/21010\/revisions"}],"wp:attachment":[{"href":"https:\/\/mainstream.eu\/sl\/wp-json\/wp\/v2\/media?parent=21010"}],"curies":[{"name":"wp","href":"https:\/\/api.w.org\/{rel}","templated":true}]}}