{"id":21646,"date":"2023-11-08T13:09:53","date_gmt":"2023-11-08T13:09:53","guid":{"rendered":"https:\/\/mainstream.eu\/application-servisi\/devops-implementacija\/"},"modified":"2026-03-04T11:13:50","modified_gmt":"2026-03-04T11:13:50","slug":"devops-implementacija","status":"publish","type":"page","link":"https:\/\/mainstream.eu\/sl\/applikacijske-storitve\/devops-implementacija\/","title":{"rendered":"DevOps implementacija"},"content":{"rendered":"","protected":false},"excerpt":{"rendered":"","protected":false},"author":1,"featured_media":20689,"parent":21645,"menu_order":0,"comment_status":"closed","ping_status":"closed","template":"page-builder.php","meta":{"_acf_changed":false,"footnotes":""},"class_list":["post-21646","page","type-page","status-publish","has-post-thumbnail","hentry"],"acf":[],"yoast_head":"<!-- This site is optimized with the Yoast SEO plugin v27.3 - https:\/\/yoast.com\/product\/yoast-seo-wordpress\/ -->\n<title>DevOps implementacija - Mainstream<\/title>\n<meta name=\"description\" content=\"Pospe\u0161ite inovacijo in skraj\u0161ajte \u010das dostave novih servisov z implementacijo DevOps. Analiza, implementacija in podpora za zanesljivej\u0161e in u\u010dinkovitej\u0161e aplikacije.\" \/>\n<meta name=\"robots\" content=\"index, follow, max-snippet:-1, max-image-preview:large, max-video-preview:-1\" \/>\n<link rel=\"canonical\" href=\"https:\/\/mainstream.eu\/sl\/applikacijske-storitve\/devops-implementacija\/\" \/>\n<meta property=\"og:locale\" content=\"sl_SI\" \/>\n<meta property=\"og:type\" content=\"article\" \/>\n<meta property=\"og:title\" content=\"DevOps implementacija - Mainstream\" \/>\n<meta property=\"og:description\" content=\"Pospe\u0161ite inovacijo in skraj\u0161ajte \u010das dostave novih servisov z implementacijo DevOps. Analiza, implementacija in podpora za zanesljivej\u0161e in u\u010dinkovitej\u0161e aplikacije.\" \/>\n<meta property=\"og:url\" content=\"https:\/\/mainstream.eu\/sl\/applikacijske-storitve\/devops-implementacija\/\" \/>\n<meta property=\"og:site_name\" content=\"Mainstream\" \/>\n<meta property=\"article:modified_time\" content=\"2026-03-04T11:13:50+00:00\" \/>\n<meta property=\"og:image\" content=\"https:\/\/mainstream.eu\/wp-content\/uploads\/2024\/02\/devops-implementacija-hero.jpg\" \/>\n\t<meta property=\"og:image:width\" content=\"1920\" \/>\n\t<meta property=\"og:image:height\" content=\"500\" \/>\n\t<meta property=\"og:image:type\" content=\"image\/jpeg\" \/>\n<meta name=\"twitter:card\" content=\"summary_large_image\" \/>\n<meta name=\"twitter:label1\" content=\"Est. reading time\" \/>\n\t<meta name=\"twitter:data1\" content=\"1 minuta\" \/>\n<script type=\"application\/ld+json\" class=\"yoast-schema-graph\">{\"@context\":\"https:\\\/\\\/schema.org\",\"@graph\":[{\"@type\":\"WebPage\",\"@id\":\"https:\\\/\\\/mainstream.eu\\\/sl\\\/applikacijske-storitve\\\/devops-implementacija\\\/\",\"url\":\"https:\\\/\\\/mainstream.eu\\\/sl\\\/applikacijske-storitve\\\/devops-implementacija\\\/\",\"name\":\"DevOps implementacija - Mainstream\",\"isPartOf\":{\"@id\":\"https:\\\/\\\/mainstream.eu\\\/sr\\\/#website\"},\"primaryImageOfPage\":{\"@id\":\"https:\\\/\\\/mainstream.eu\\\/sl\\\/applikacijske-storitve\\\/devops-implementacija\\\/#primaryimage\"},\"image\":{\"@id\":\"https:\\\/\\\/mainstream.eu\\\/sl\\\/applikacijske-storitve\\\/devops-implementacija\\\/#primaryimage\"},\"thumbnailUrl\":\"https:\\\/\\\/mainstream.eu\\\/wp-content\\\/uploads\\\/2024\\\/02\\\/devops-implementacija-hero.jpg\",\"datePublished\":\"2023-11-08T13:09:53+00:00\",\"dateModified\":\"2026-03-04T11:13:50+00:00\",\"description\":\"Pospe\u0161ite inovacijo in skraj\u0161ajte \u010das dostave novih servisov z implementacijo DevOps. Analiza, implementacija in podpora za zanesljivej\u0161e in u\u010dinkovitej\u0161e aplikacije.\",\"breadcrumb\":{\"@id\":\"https:\\\/\\\/mainstream.eu\\\/sl\\\/applikacijske-storitve\\\/devops-implementacija\\\/#breadcrumb\"},\"inLanguage\":\"sl-SI\",\"potentialAction\":[{\"@type\":\"ReadAction\",\"target\":[\"https:\\\/\\\/mainstream.eu\\\/sl\\\/applikacijske-storitve\\\/devops-implementacija\\\/\"]}]},{\"@type\":\"ImageObject\",\"inLanguage\":\"sl-SI\",\"@id\":\"https:\\\/\\\/mainstream.eu\\\/sl\\\/applikacijske-storitve\\\/devops-implementacija\\\/#primaryimage\",\"url\":\"https:\\\/\\\/mainstream.eu\\\/wp-content\\\/uploads\\\/2024\\\/02\\\/devops-implementacija-hero.jpg\",\"contentUrl\":\"https:\\\/\\\/mainstream.eu\\\/wp-content\\\/uploads\\\/2024\\\/02\\\/devops-implementacija-hero.jpg\",\"width\":1920,\"height\":500,\"caption\":\"devops implementacija\"},{\"@type\":\"BreadcrumbList\",\"@id\":\"https:\\\/\\\/mainstream.eu\\\/sl\\\/applikacijske-storitve\\\/devops-implementacija\\\/#breadcrumb\",\"itemListElement\":[{\"@type\":\"ListItem\",\"position\":1,\"name\":\"Doma\u010da\",\"item\":\"https:\\\/\\\/mainstream.eu\\\/sl\\\/\"},{\"@type\":\"ListItem\",\"position\":2,\"name\":\"Aplikacijske storitve\",\"item\":\"https:\\\/\\\/mainstream.eu\\\/sl\\\/applikacijske-storitve\\\/\"},{\"@type\":\"ListItem\",\"position\":3,\"name\":\"DevOps implementacija\"}]},{\"@type\":\"WebSite\",\"@id\":\"https:\\\/\\\/mainstream.eu\\\/sr\\\/#website\",\"url\":\"https:\\\/\\\/mainstream.eu\\\/sr\\\/\",\"name\":\"Mainstream\",\"description\":\"\",\"potentialAction\":[{\"@type\":\"SearchAction\",\"target\":{\"@type\":\"EntryPoint\",\"urlTemplate\":\"https:\\\/\\\/mainstream.eu\\\/sr\\\/?s={search_term_string}\"},\"query-input\":{\"@type\":\"PropertyValueSpecification\",\"valueRequired\":true,\"valueName\":\"search_term_string\"}}],\"inLanguage\":\"sl-SI\"}]}<\/script>\n<!-- \/ Yoast SEO plugin. -->","yoast_head_json":{"title":"DevOps implementacija - Mainstream","description":"Pospe\u0161ite inovacijo in skraj\u0161ajte \u010das dostave novih servisov z implementacijo DevOps. Analiza, implementacija in podpora za zanesljivej\u0161e in u\u010dinkovitej\u0161e aplikacije.","robots":{"index":"index","follow":"follow","max-snippet":"max-snippet:-1","max-image-preview":"max-image-preview:large","max-video-preview":"max-video-preview:-1"},"canonical":"https:\/\/mainstream.eu\/sl\/applikacijske-storitve\/devops-implementacija\/","og_locale":"sl_SI","og_type":"article","og_title":"DevOps implementacija - Mainstream","og_description":"Pospe\u0161ite inovacijo in skraj\u0161ajte \u010das dostave novih servisov z implementacijo DevOps. Analiza, implementacija in podpora za zanesljivej\u0161e in u\u010dinkovitej\u0161e aplikacije.","og_url":"https:\/\/mainstream.eu\/sl\/applikacijske-storitve\/devops-implementacija\/","og_site_name":"Mainstream","article_modified_time":"2026-03-04T11:13:50+00:00","og_image":[{"width":1920,"height":500,"url":"https:\/\/mainstream.eu\/wp-content\/uploads\/2024\/02\/devops-implementacija-hero.jpg","type":"image\/jpeg"}],"twitter_card":"summary_large_image","twitter_misc":{"Est. reading time":"1 minuta"},"schema":{"@context":"https:\/\/schema.org","@graph":[{"@type":"WebPage","@id":"https:\/\/mainstream.eu\/sl\/applikacijske-storitve\/devops-implementacija\/","url":"https:\/\/mainstream.eu\/sl\/applikacijske-storitve\/devops-implementacija\/","name":"DevOps implementacija - Mainstream","isPartOf":{"@id":"https:\/\/mainstream.eu\/sr\/#website"},"primaryImageOfPage":{"@id":"https:\/\/mainstream.eu\/sl\/applikacijske-storitve\/devops-implementacija\/#primaryimage"},"image":{"@id":"https:\/\/mainstream.eu\/sl\/applikacijske-storitve\/devops-implementacija\/#primaryimage"},"thumbnailUrl":"https:\/\/mainstream.eu\/wp-content\/uploads\/2024\/02\/devops-implementacija-hero.jpg","datePublished":"2023-11-08T13:09:53+00:00","dateModified":"2026-03-04T11:13:50+00:00","description":"Pospe\u0161ite inovacijo in skraj\u0161ajte \u010das dostave novih servisov z implementacijo DevOps. Analiza, implementacija in podpora za zanesljivej\u0161e in u\u010dinkovitej\u0161e aplikacije.","breadcrumb":{"@id":"https:\/\/mainstream.eu\/sl\/applikacijske-storitve\/devops-implementacija\/#breadcrumb"},"inLanguage":"sl-SI","potentialAction":[{"@type":"ReadAction","target":["https:\/\/mainstream.eu\/sl\/applikacijske-storitve\/devops-implementacija\/"]}]},{"@type":"ImageObject","inLanguage":"sl-SI","@id":"https:\/\/mainstream.eu\/sl\/applikacijske-storitve\/devops-implementacija\/#primaryimage","url":"https:\/\/mainstream.eu\/wp-content\/uploads\/2024\/02\/devops-implementacija-hero.jpg","contentUrl":"https:\/\/mainstream.eu\/wp-content\/uploads\/2024\/02\/devops-implementacija-hero.jpg","width":1920,"height":500,"caption":"devops implementacija"},{"@type":"BreadcrumbList","@id":"https:\/\/mainstream.eu\/sl\/applikacijske-storitve\/devops-implementacija\/#breadcrumb","itemListElement":[{"@type":"ListItem","position":1,"name":"Doma\u010da","item":"https:\/\/mainstream.eu\/sl\/"},{"@type":"ListItem","position":2,"name":"Aplikacijske storitve","item":"https:\/\/mainstream.eu\/sl\/applikacijske-storitve\/"},{"@type":"ListItem","position":3,"name":"DevOps implementacija"}]},{"@type":"WebSite","@id":"https:\/\/mainstream.eu\/sr\/#website","url":"https:\/\/mainstream.eu\/sr\/","name":"Mainstream","description":"","potentialAction":[{"@type":"SearchAction","target":{"@type":"EntryPoint","urlTemplate":"https:\/\/mainstream.eu\/sr\/?s={search_term_string}"},"query-input":{"@type":"PropertyValueSpecification","valueRequired":true,"valueName":"search_term_string"}}],"inLanguage":"sl-SI"}]}},"_links":{"self":[{"href":"https:\/\/mainstream.eu\/sl\/wp-json\/wp\/v2\/pages\/21646","targetHints":{"allow":["GET"]}}],"collection":[{"href":"https:\/\/mainstream.eu\/sl\/wp-json\/wp\/v2\/pages"}],"about":[{"href":"https:\/\/mainstream.eu\/sl\/wp-json\/wp\/v2\/types\/page"}],"author":[{"embeddable":true,"href":"https:\/\/mainstream.eu\/sl\/wp-json\/wp\/v2\/users\/1"}],"replies":[{"embeddable":true,"href":"https:\/\/mainstream.eu\/sl\/wp-json\/wp\/v2\/comments?post=21646"}],"version-history":[{"count":1,"href":"https:\/\/mainstream.eu\/sl\/wp-json\/wp\/v2\/pages\/21646\/revisions"}],"predecessor-version":[{"id":37058,"href":"https:\/\/mainstream.eu\/sl\/wp-json\/wp\/v2\/pages\/21646\/revisions\/37058"}],"up":[{"embeddable":true,"href":"https:\/\/mainstream.eu\/sl\/wp-json\/wp\/v2\/pages\/21645"}],"wp:featuredmedia":[{"embeddable":true,"href":"https:\/\/mainstream.eu\/sl\/wp-json\/wp\/v2\/media\/20689"}],"wp:attachment":[{"href":"https:\/\/mainstream.eu\/sl\/wp-json\/wp\/v2\/media?parent=21646"}],"curies":[{"name":"wp","href":"https:\/\/api.w.org\/{rel}","templated":true}]}}