{"id":21647,"date":"2023-11-08T13:09:06","date_gmt":"2023-11-08T13:09:06","guid":{"rendered":"https:\/\/mainstream.eu\/application-servisi\/devops-operacije\/"},"modified":"2026-03-04T11:13:46","modified_gmt":"2026-03-04T11:13:46","slug":"devops-operacije","status":"publish","type":"page","link":"https:\/\/mainstream.eu\/sl\/applikacijske-storitve\/devops-operacije\/","title":{"rendered":"DevOps operacije"},"content":{"rendered":"","protected":false},"excerpt":{"rendered":"","protected":false},"author":1,"featured_media":35794,"parent":21645,"menu_order":0,"comment_status":"closed","ping_status":"closed","template":"page-builder.php","meta":{"_acf_changed":false,"footnotes":""},"class_list":["post-21647","page","type-page","status-publish","has-post-thumbnail","hentry"],"acf":[],"yoast_head":"<!-- This site is optimized with the Yoast SEO plugin v27.3 - https:\/\/yoast.com\/product\/yoast-seo-wordpress\/ -->\n<title>DevOps operacije - Mainstream<\/title>\n<meta name=\"description\" content=\"I\u0161\u010dete na\u010din, kako pospe\u0161iti implementacijo novih funkcionalnosti in postopka uvajanja (release process)?\" \/>\n<meta name=\"robots\" content=\"index, follow, max-snippet:-1, max-image-preview:large, max-video-preview:-1\" \/>\n<link rel=\"canonical\" href=\"https:\/\/mainstream.eu\/sl\/applikacijske-storitve\/devops-operacije\/\" \/>\n<meta property=\"og:locale\" content=\"sl_SI\" \/>\n<meta property=\"og:type\" content=\"article\" \/>\n<meta property=\"og:title\" content=\"DevOps operacije - Mainstream\" \/>\n<meta property=\"og:description\" content=\"I\u0161\u010dete na\u010din, kako pospe\u0161iti implementacijo novih funkcionalnosti in postopka uvajanja (release process)?\" \/>\n<meta property=\"og:url\" content=\"https:\/\/mainstream.eu\/sl\/applikacijske-storitve\/devops-operacije\/\" \/>\n<meta property=\"og:site_name\" content=\"Mainstream\" \/>\n<meta property=\"article:modified_time\" content=\"2026-03-04T11:13:46+00:00\" \/>\n<meta property=\"og:image\" content=\"https:\/\/mainstream.eu\/wp-content\/uploads\/2025\/07\/devops.png\" \/>\n\t<meta property=\"og:image:width\" content=\"1200\" \/>\n\t<meta property=\"og:image:height\" content=\"1200\" \/>\n\t<meta property=\"og:image:type\" content=\"image\/png\" \/>\n<meta name=\"twitter:card\" content=\"summary_large_image\" \/>\n<meta name=\"twitter:label1\" content=\"Est. reading time\" \/>\n\t<meta name=\"twitter:data1\" content=\"1 minuta\" \/>\n<script type=\"application\/ld+json\" class=\"yoast-schema-graph\">{\"@context\":\"https:\\\/\\\/schema.org\",\"@graph\":[{\"@type\":\"WebPage\",\"@id\":\"https:\\\/\\\/mainstream.eu\\\/sl\\\/applikacijske-storitve\\\/devops-operacije\\\/\",\"url\":\"https:\\\/\\\/mainstream.eu\\\/sl\\\/applikacijske-storitve\\\/devops-operacije\\\/\",\"name\":\"DevOps operacije - Mainstream\",\"isPartOf\":{\"@id\":\"https:\\\/\\\/mainstream.eu\\\/sr\\\/#website\"},\"primaryImageOfPage\":{\"@id\":\"https:\\\/\\\/mainstream.eu\\\/sl\\\/applikacijske-storitve\\\/devops-operacije\\\/#primaryimage\"},\"image\":{\"@id\":\"https:\\\/\\\/mainstream.eu\\\/sl\\\/applikacijske-storitve\\\/devops-operacije\\\/#primaryimage\"},\"thumbnailUrl\":\"https:\\\/\\\/mainstream.eu\\\/wp-content\\\/uploads\\\/2025\\\/07\\\/devops.png\",\"datePublished\":\"2023-11-08T13:09:06+00:00\",\"dateModified\":\"2026-03-04T11:13:46+00:00\",\"description\":\"I\u0161\u010dete na\u010din, kako pospe\u0161iti implementacijo novih funkcionalnosti in postopka uvajanja (release process)?\",\"breadcrumb\":{\"@id\":\"https:\\\/\\\/mainstream.eu\\\/sl\\\/applikacijske-storitve\\\/devops-operacije\\\/#breadcrumb\"},\"inLanguage\":\"sl-SI\",\"potentialAction\":[{\"@type\":\"ReadAction\",\"target\":[\"https:\\\/\\\/mainstream.eu\\\/sl\\\/applikacijske-storitve\\\/devops-operacije\\\/\"]}]},{\"@type\":\"ImageObject\",\"inLanguage\":\"sl-SI\",\"@id\":\"https:\\\/\\\/mainstream.eu\\\/sl\\\/applikacijske-storitve\\\/devops-operacije\\\/#primaryimage\",\"url\":\"https:\\\/\\\/mainstream.eu\\\/wp-content\\\/uploads\\\/2025\\\/07\\\/devops.png\",\"contentUrl\":\"https:\\\/\\\/mainstream.eu\\\/wp-content\\\/uploads\\\/2025\\\/07\\\/devops.png\",\"width\":1200,\"height\":1200},{\"@type\":\"BreadcrumbList\",\"@id\":\"https:\\\/\\\/mainstream.eu\\\/sl\\\/applikacijske-storitve\\\/devops-operacije\\\/#breadcrumb\",\"itemListElement\":[{\"@type\":\"ListItem\",\"position\":1,\"name\":\"Doma\u010da\",\"item\":\"https:\\\/\\\/mainstream.eu\\\/sl\\\/\"},{\"@type\":\"ListItem\",\"position\":2,\"name\":\"Aplikacijske storitve\",\"item\":\"https:\\\/\\\/mainstream.eu\\\/sl\\\/applikacijske-storitve\\\/\"},{\"@type\":\"ListItem\",\"position\":3,\"name\":\"DevOps operacije\"}]},{\"@type\":\"WebSite\",\"@id\":\"https:\\\/\\\/mainstream.eu\\\/sr\\\/#website\",\"url\":\"https:\\\/\\\/mainstream.eu\\\/sr\\\/\",\"name\":\"Mainstream\",\"description\":\"\",\"potentialAction\":[{\"@type\":\"SearchAction\",\"target\":{\"@type\":\"EntryPoint\",\"urlTemplate\":\"https:\\\/\\\/mainstream.eu\\\/sr\\\/?s={search_term_string}\"},\"query-input\":{\"@type\":\"PropertyValueSpecification\",\"valueRequired\":true,\"valueName\":\"search_term_string\"}}],\"inLanguage\":\"sl-SI\"}]}<\/script>\n<!-- \/ Yoast SEO plugin. -->","yoast_head_json":{"title":"DevOps operacije - Mainstream","description":"I\u0161\u010dete na\u010din, kako pospe\u0161iti implementacijo novih funkcionalnosti in postopka uvajanja (release process)?","robots":{"index":"index","follow":"follow","max-snippet":"max-snippet:-1","max-image-preview":"max-image-preview:large","max-video-preview":"max-video-preview:-1"},"canonical":"https:\/\/mainstream.eu\/sl\/applikacijske-storitve\/devops-operacije\/","og_locale":"sl_SI","og_type":"article","og_title":"DevOps operacije - Mainstream","og_description":"I\u0161\u010dete na\u010din, kako pospe\u0161iti implementacijo novih funkcionalnosti in postopka uvajanja (release process)?","og_url":"https:\/\/mainstream.eu\/sl\/applikacijske-storitve\/devops-operacije\/","og_site_name":"Mainstream","article_modified_time":"2026-03-04T11:13:46+00:00","og_image":[{"width":1200,"height":1200,"url":"https:\/\/mainstream.eu\/wp-content\/uploads\/2025\/07\/devops.png","type":"image\/png"}],"twitter_card":"summary_large_image","twitter_misc":{"Est. reading time":"1 minuta"},"schema":{"@context":"https:\/\/schema.org","@graph":[{"@type":"WebPage","@id":"https:\/\/mainstream.eu\/sl\/applikacijske-storitve\/devops-operacije\/","url":"https:\/\/mainstream.eu\/sl\/applikacijske-storitve\/devops-operacije\/","name":"DevOps operacije - Mainstream","isPartOf":{"@id":"https:\/\/mainstream.eu\/sr\/#website"},"primaryImageOfPage":{"@id":"https:\/\/mainstream.eu\/sl\/applikacijske-storitve\/devops-operacije\/#primaryimage"},"image":{"@id":"https:\/\/mainstream.eu\/sl\/applikacijske-storitve\/devops-operacije\/#primaryimage"},"thumbnailUrl":"https:\/\/mainstream.eu\/wp-content\/uploads\/2025\/07\/devops.png","datePublished":"2023-11-08T13:09:06+00:00","dateModified":"2026-03-04T11:13:46+00:00","description":"I\u0161\u010dete na\u010din, kako pospe\u0161iti implementacijo novih funkcionalnosti in postopka uvajanja (release process)?","breadcrumb":{"@id":"https:\/\/mainstream.eu\/sl\/applikacijske-storitve\/devops-operacije\/#breadcrumb"},"inLanguage":"sl-SI","potentialAction":[{"@type":"ReadAction","target":["https:\/\/mainstream.eu\/sl\/applikacijske-storitve\/devops-operacije\/"]}]},{"@type":"ImageObject","inLanguage":"sl-SI","@id":"https:\/\/mainstream.eu\/sl\/applikacijske-storitve\/devops-operacije\/#primaryimage","url":"https:\/\/mainstream.eu\/wp-content\/uploads\/2025\/07\/devops.png","contentUrl":"https:\/\/mainstream.eu\/wp-content\/uploads\/2025\/07\/devops.png","width":1200,"height":1200},{"@type":"BreadcrumbList","@id":"https:\/\/mainstream.eu\/sl\/applikacijske-storitve\/devops-operacije\/#breadcrumb","itemListElement":[{"@type":"ListItem","position":1,"name":"Doma\u010da","item":"https:\/\/mainstream.eu\/sl\/"},{"@type":"ListItem","position":2,"name":"Aplikacijske storitve","item":"https:\/\/mainstream.eu\/sl\/applikacijske-storitve\/"},{"@type":"ListItem","position":3,"name":"DevOps operacije"}]},{"@type":"WebSite","@id":"https:\/\/mainstream.eu\/sr\/#website","url":"https:\/\/mainstream.eu\/sr\/","name":"Mainstream","description":"","potentialAction":[{"@type":"SearchAction","target":{"@type":"EntryPoint","urlTemplate":"https:\/\/mainstream.eu\/sr\/?s={search_term_string}"},"query-input":{"@type":"PropertyValueSpecification","valueRequired":true,"valueName":"search_term_string"}}],"inLanguage":"sl-SI"}]}},"_links":{"self":[{"href":"https:\/\/mainstream.eu\/sl\/wp-json\/wp\/v2\/pages\/21647","targetHints":{"allow":["GET"]}}],"collection":[{"href":"https:\/\/mainstream.eu\/sl\/wp-json\/wp\/v2\/pages"}],"about":[{"href":"https:\/\/mainstream.eu\/sl\/wp-json\/wp\/v2\/types\/page"}],"author":[{"embeddable":true,"href":"https:\/\/mainstream.eu\/sl\/wp-json\/wp\/v2\/users\/1"}],"replies":[{"embeddable":true,"href":"https:\/\/mainstream.eu\/sl\/wp-json\/wp\/v2\/comments?post=21647"}],"version-history":[{"count":1,"href":"https:\/\/mainstream.eu\/sl\/wp-json\/wp\/v2\/pages\/21647\/revisions"}],"predecessor-version":[{"id":37059,"href":"https:\/\/mainstream.eu\/sl\/wp-json\/wp\/v2\/pages\/21647\/revisions\/37059"}],"up":[{"embeddable":true,"href":"https:\/\/mainstream.eu\/sl\/wp-json\/wp\/v2\/pages\/21645"}],"wp:featuredmedia":[{"embeddable":true,"href":"https:\/\/mainstream.eu\/sl\/wp-json\/wp\/v2\/media\/35794"}],"wp:attachment":[{"href":"https:\/\/mainstream.eu\/sl\/wp-json\/wp\/v2\/media?parent=21647"}],"curies":[{"name":"wp","href":"https:\/\/api.w.org\/{rel}","templated":true}]}}