{"id":25195,"date":"2024-04-16T13:41:35","date_gmt":"2024-04-16T13:41:35","guid":{"rendered":"https:\/\/mainstream.eu\/?page_id=25195"},"modified":"2025-12-08T14:53:53","modified_gmt":"2025-12-08T14:53:53","slug":"360-cloudops","status":"publish","type":"page","link":"https:\/\/mainstream.eu\/sl\/360-cloudops\/","title":{"rendered":"360 CloudOps services"},"content":{"rendered":"","protected":false},"excerpt":{"rendered":"","protected":false},"author":4,"featured_media":0,"parent":0,"menu_order":0,"comment_status":"closed","ping_status":"closed","template":"page-builder.php","meta":{"_acf_changed":false,"footnotes":""},"class_list":["post-25195","page","type-page","status-publish","hentry"],"acf":[],"yoast_head":"<!-- This site is optimized with the Yoast SEO plugin v27.3 - https:\/\/yoast.com\/product\/yoast-seo-wordpress\/ -->\n<title>360 CloudOps services - Mainstream<\/title>\n<meta name=\"description\" content=\"Maksimizirajte vrednost va\u0161ega AWS in Azure s konsolidiranim obra\u010dunavanjem, zmanj\u0161animi stro\u0161ki ter neprekinjenim nadzorom in podporo, ki jo izvajajo certificirani strokovnjaki.\" \/>\n<meta name=\"robots\" content=\"index, follow, max-snippet:-1, max-image-preview:large, max-video-preview:-1\" \/>\n<link rel=\"canonical\" href=\"https:\/\/mainstream.eu\/sl\/360-cloudops\/\" \/>\n<meta property=\"og:locale\" content=\"sl_SI\" \/>\n<meta property=\"og:type\" content=\"article\" \/>\n<meta property=\"og:title\" content=\"360 CloudOps services - Mainstream\" \/>\n<meta property=\"og:description\" content=\"Maksimizirajte vrednost va\u0161ega AWS in Azure s konsolidiranim obra\u010dunavanjem, zmanj\u0161animi stro\u0161ki ter neprekinjenim nadzorom in podporo, ki jo izvajajo certificirani strokovnjaki.\" \/>\n<meta property=\"og:url\" content=\"https:\/\/mainstream.eu\/sl\/360-cloudops\/\" \/>\n<meta property=\"og:site_name\" content=\"Mainstream\" \/>\n<meta property=\"article:modified_time\" content=\"2025-12-08T14:53:53+00:00\" \/>\n<meta name=\"twitter:card\" content=\"summary_large_image\" \/>\n<script type=\"application\/ld+json\" class=\"yoast-schema-graph\">{\"@context\":\"https:\\\/\\\/schema.org\",\"@graph\":[{\"@type\":\"WebPage\",\"@id\":\"https:\\\/\\\/mainstream.eu\\\/sl\\\/360-cloudops\\\/\",\"url\":\"https:\\\/\\\/mainstream.eu\\\/sl\\\/360-cloudops\\\/\",\"name\":\"360 CloudOps services - Mainstream\",\"isPartOf\":{\"@id\":\"https:\\\/\\\/mainstream.eu\\\/sr\\\/#website\"},\"datePublished\":\"2024-04-16T13:41:35+00:00\",\"dateModified\":\"2025-12-08T14:53:53+00:00\",\"description\":\"Maksimizirajte vrednost va\u0161ega AWS in Azure s konsolidiranim obra\u010dunavanjem, zmanj\u0161animi stro\u0161ki ter neprekinjenim nadzorom in podporo, ki jo izvajajo certificirani strokovnjaki.\",\"breadcrumb\":{\"@id\":\"https:\\\/\\\/mainstream.eu\\\/sl\\\/360-cloudops\\\/#breadcrumb\"},\"inLanguage\":\"sl-SI\",\"potentialAction\":[{\"@type\":\"ReadAction\",\"target\":[\"https:\\\/\\\/mainstream.eu\\\/sl\\\/360-cloudops\\\/\"]}]},{\"@type\":\"BreadcrumbList\",\"@id\":\"https:\\\/\\\/mainstream.eu\\\/sl\\\/360-cloudops\\\/#breadcrumb\",\"itemListElement\":[{\"@type\":\"ListItem\",\"position\":1,\"name\":\"Doma\u010da\",\"item\":\"https:\\\/\\\/mainstream.eu\\\/sl\\\/\"},{\"@type\":\"ListItem\",\"position\":2,\"name\":\"360 CloudOps services\"}]},{\"@type\":\"WebSite\",\"@id\":\"https:\\\/\\\/mainstream.eu\\\/sr\\\/#website\",\"url\":\"https:\\\/\\\/mainstream.eu\\\/sr\\\/\",\"name\":\"Mainstream\",\"description\":\"\",\"potentialAction\":[{\"@type\":\"SearchAction\",\"target\":{\"@type\":\"EntryPoint\",\"urlTemplate\":\"https:\\\/\\\/mainstream.eu\\\/sr\\\/?s={search_term_string}\"},\"query-input\":{\"@type\":\"PropertyValueSpecification\",\"valueRequired\":true,\"valueName\":\"search_term_string\"}}],\"inLanguage\":\"sl-SI\"}]}<\/script>\n<!-- \/ Yoast SEO plugin. -->","yoast_head_json":{"title":"360 CloudOps services - Mainstream","description":"Maksimizirajte vrednost va\u0161ega AWS in Azure s konsolidiranim obra\u010dunavanjem, zmanj\u0161animi stro\u0161ki ter neprekinjenim nadzorom in podporo, ki jo izvajajo certificirani strokovnjaki.","robots":{"index":"index","follow":"follow","max-snippet":"max-snippet:-1","max-image-preview":"max-image-preview:large","max-video-preview":"max-video-preview:-1"},"canonical":"https:\/\/mainstream.eu\/sl\/360-cloudops\/","og_locale":"sl_SI","og_type":"article","og_title":"360 CloudOps services - Mainstream","og_description":"Maksimizirajte vrednost va\u0161ega AWS in Azure s konsolidiranim obra\u010dunavanjem, zmanj\u0161animi stro\u0161ki ter neprekinjenim nadzorom in podporo, ki jo izvajajo certificirani strokovnjaki.","og_url":"https:\/\/mainstream.eu\/sl\/360-cloudops\/","og_site_name":"Mainstream","article_modified_time":"2025-12-08T14:53:53+00:00","twitter_card":"summary_large_image","schema":{"@context":"https:\/\/schema.org","@graph":[{"@type":"WebPage","@id":"https:\/\/mainstream.eu\/sl\/360-cloudops\/","url":"https:\/\/mainstream.eu\/sl\/360-cloudops\/","name":"360 CloudOps services - Mainstream","isPartOf":{"@id":"https:\/\/mainstream.eu\/sr\/#website"},"datePublished":"2024-04-16T13:41:35+00:00","dateModified":"2025-12-08T14:53:53+00:00","description":"Maksimizirajte vrednost va\u0161ega AWS in Azure s konsolidiranim obra\u010dunavanjem, zmanj\u0161animi stro\u0161ki ter neprekinjenim nadzorom in podporo, ki jo izvajajo certificirani strokovnjaki.","breadcrumb":{"@id":"https:\/\/mainstream.eu\/sl\/360-cloudops\/#breadcrumb"},"inLanguage":"sl-SI","potentialAction":[{"@type":"ReadAction","target":["https:\/\/mainstream.eu\/sl\/360-cloudops\/"]}]},{"@type":"BreadcrumbList","@id":"https:\/\/mainstream.eu\/sl\/360-cloudops\/#breadcrumb","itemListElement":[{"@type":"ListItem","position":1,"name":"Doma\u010da","item":"https:\/\/mainstream.eu\/sl\/"},{"@type":"ListItem","position":2,"name":"360 CloudOps services"}]},{"@type":"WebSite","@id":"https:\/\/mainstream.eu\/sr\/#website","url":"https:\/\/mainstream.eu\/sr\/","name":"Mainstream","description":"","potentialAction":[{"@type":"SearchAction","target":{"@type":"EntryPoint","urlTemplate":"https:\/\/mainstream.eu\/sr\/?s={search_term_string}"},"query-input":{"@type":"PropertyValueSpecification","valueRequired":true,"valueName":"search_term_string"}}],"inLanguage":"sl-SI"}]}},"_links":{"self":[{"href":"https:\/\/mainstream.eu\/sl\/wp-json\/wp\/v2\/pages\/25195","targetHints":{"allow":["GET"]}}],"collection":[{"href":"https:\/\/mainstream.eu\/sl\/wp-json\/wp\/v2\/pages"}],"about":[{"href":"https:\/\/mainstream.eu\/sl\/wp-json\/wp\/v2\/types\/page"}],"author":[{"embeddable":true,"href":"https:\/\/mainstream.eu\/sl\/wp-json\/wp\/v2\/users\/4"}],"replies":[{"embeddable":true,"href":"https:\/\/mainstream.eu\/sl\/wp-json\/wp\/v2\/comments?post=25195"}],"version-history":[{"count":0,"href":"https:\/\/mainstream.eu\/sl\/wp-json\/wp\/v2\/pages\/25195\/revisions"}],"wp:attachment":[{"href":"https:\/\/mainstream.eu\/sl\/wp-json\/wp\/v2\/media?parent=25195"}],"curies":[{"name":"wp","href":"https:\/\/api.w.org\/{rel}","templated":true}]}}