{"id":32561,"date":"2025-01-16T11:20:07","date_gmt":"2025-01-16T11:20:07","guid":{"rendered":"https:\/\/mainstream.eu\/?page_id=32561"},"modified":"2025-12-10T08:34:56","modified_gmt":"2025-12-10T08:34:56","slug":"strategija-za-podatkovno-analitiko","status":"publish","type":"page","link":"https:\/\/mainstream.eu\/sl\/svetovalne-storitve\/strategija-za-podatkovno-analitiko","title":{"rendered":"Strategija za podatkovno analitiko"},"content":{"rendered":"","protected":false},"excerpt":{"rendered":"","protected":false},"author":4,"featured_media":31860,"parent":32548,"menu_order":0,"comment_status":"closed","ping_status":"closed","template":"page-builder.php","meta":{"_acf_changed":false,"footnotes":""},"class_list":["post-32561","page","type-page","status-publish","has-post-thumbnail","hentry"],"acf":[],"yoast_head":"<!-- This site is optimized with the Yoast SEO plugin v27.3 - https:\/\/yoast.com\/product\/yoast-seo-wordpress\/ -->\n<title>Strategija za podatkovno analitiko - Mainstream<\/title>\n<meta name=\"description\" content=\"Ustvarite uspe\u0161no strategijo, ki temelji na podatkih, z Mainstreamom. Na\u0161i strokovnjaki nudijo podporo za analizo podatkov, integracijo, AI projekte in \u0161e veliko ve\u010d.\" \/>\n<meta name=\"robots\" content=\"index, follow, max-snippet:-1, max-image-preview:large, max-video-preview:-1\" \/>\n<link rel=\"canonical\" href=\"https:\/\/mainstream.eu\/sl\/svetovalne-storitve\/strategija-za-podatkovno-analitiko\/\" \/>\n<meta property=\"og:locale\" content=\"sl_SI\" \/>\n<meta property=\"og:type\" content=\"article\" \/>\n<meta property=\"og:title\" content=\"Strategija za podatkovno analitiko - Mainstream\" \/>\n<meta property=\"og:description\" content=\"Ustvarite uspe\u0161no strategijo, ki temelji na podatkih, z Mainstreamom. Na\u0161i strokovnjaki nudijo podporo za analizo podatkov, integracijo, AI projekte in \u0161e veliko ve\u010d.\" \/>\n<meta property=\"og:url\" content=\"https:\/\/mainstream.eu\/sl\/svetovalne-storitve\/strategija-za-podatkovno-analitiko\/\" \/>\n<meta property=\"og:site_name\" content=\"Mainstream\" \/>\n<meta property=\"article:modified_time\" content=\"2025-12-10T08:34:56+00:00\" \/>\n<meta property=\"og:image\" content=\"https:\/\/mainstream.eu\/wp-content\/uploads\/2024\/11\/office-workers-using-finance-graphs-1024x683.jpg\" \/>\n\t<meta property=\"og:image:width\" content=\"1024\" \/>\n\t<meta property=\"og:image:height\" content=\"683\" \/>\n\t<meta property=\"og:image:type\" content=\"image\/jpeg\" \/>\n<meta name=\"twitter:card\" content=\"summary_large_image\" \/>\n<meta name=\"twitter:label1\" content=\"Est. reading time\" \/>\n\t<meta name=\"twitter:data1\" content=\"1 minuta\" \/>\n<script type=\"application\/ld+json\" class=\"yoast-schema-graph\">{\"@context\":\"https:\\\/\\\/schema.org\",\"@graph\":[{\"@type\":\"WebPage\",\"@id\":\"https:\\\/\\\/mainstream.eu\\\/sl\\\/svetovalne-storitve\\\/strategija-za-podatkovno-analitiko\\\/\",\"url\":\"https:\\\/\\\/mainstream.eu\\\/sl\\\/svetovalne-storitve\\\/strategija-za-podatkovno-analitiko\\\/\",\"name\":\"Strategija za podatkovno analitiko - Mainstream\",\"isPartOf\":{\"@id\":\"https:\\\/\\\/mainstream.eu\\\/sr\\\/#website\"},\"primaryImageOfPage\":{\"@id\":\"https:\\\/\\\/mainstream.eu\\\/sl\\\/svetovalne-storitve\\\/strategija-za-podatkovno-analitiko\\\/#primaryimage\"},\"image\":{\"@id\":\"https:\\\/\\\/mainstream.eu\\\/sl\\\/svetovalne-storitve\\\/strategija-za-podatkovno-analitiko\\\/#primaryimage\"},\"thumbnailUrl\":\"https:\\\/\\\/mainstream.eu\\\/wp-content\\\/uploads\\\/2024\\\/11\\\/office-workers-using-finance-graphs.jpg\",\"datePublished\":\"2025-01-16T11:20:07+00:00\",\"dateModified\":\"2025-12-10T08:34:56+00:00\",\"description\":\"Ustvarite uspe\u0161no strategijo, ki temelji na podatkih, z Mainstreamom. Na\u0161i strokovnjaki nudijo podporo za analizo podatkov, integracijo, AI projekte in \u0161e veliko ve\u010d.\",\"breadcrumb\":{\"@id\":\"https:\\\/\\\/mainstream.eu\\\/sl\\\/svetovalne-storitve\\\/strategija-za-podatkovno-analitiko\\\/#breadcrumb\"},\"inLanguage\":\"sl-SI\",\"potentialAction\":[{\"@type\":\"ReadAction\",\"target\":[\"https:\\\/\\\/mainstream.eu\\\/sl\\\/svetovalne-storitve\\\/strategija-za-podatkovno-analitiko\\\/\"]}]},{\"@type\":\"ImageObject\",\"inLanguage\":\"sl-SI\",\"@id\":\"https:\\\/\\\/mainstream.eu\\\/sl\\\/svetovalne-storitve\\\/strategija-za-podatkovno-analitiko\\\/#primaryimage\",\"url\":\"https:\\\/\\\/mainstream.eu\\\/wp-content\\\/uploads\\\/2024\\\/11\\\/office-workers-using-finance-graphs.jpg\",\"contentUrl\":\"https:\\\/\\\/mainstream.eu\\\/wp-content\\\/uploads\\\/2024\\\/11\\\/office-workers-using-finance-graphs.jpg\",\"width\":7900,\"height\":5267},{\"@type\":\"BreadcrumbList\",\"@id\":\"https:\\\/\\\/mainstream.eu\\\/sl\\\/svetovalne-storitve\\\/strategija-za-podatkovno-analitiko\\\/#breadcrumb\",\"itemListElement\":[{\"@type\":\"ListItem\",\"position\":1,\"name\":\"Doma\u010da\",\"item\":\"https:\\\/\\\/mainstream.eu\\\/sl\\\/\"},{\"@type\":\"ListItem\",\"position\":2,\"name\":\"Svetovalne storitve\",\"item\":\"https:\\\/\\\/mainstream.eu\\\/sl\\\/svetovalne-storitve\\\/\"},{\"@type\":\"ListItem\",\"position\":3,\"name\":\"Strategija za podatkovno analitiko\"}]},{\"@type\":\"WebSite\",\"@id\":\"https:\\\/\\\/mainstream.eu\\\/sr\\\/#website\",\"url\":\"https:\\\/\\\/mainstream.eu\\\/sr\\\/\",\"name\":\"Mainstream\",\"description\":\"\",\"potentialAction\":[{\"@type\":\"SearchAction\",\"target\":{\"@type\":\"EntryPoint\",\"urlTemplate\":\"https:\\\/\\\/mainstream.eu\\\/sr\\\/?s={search_term_string}\"},\"query-input\":{\"@type\":\"PropertyValueSpecification\",\"valueRequired\":true,\"valueName\":\"search_term_string\"}}],\"inLanguage\":\"sl-SI\"}]}<\/script>\n<!-- \/ Yoast SEO plugin. -->","yoast_head_json":{"title":"Strategija za podatkovno analitiko - Mainstream","description":"Ustvarite uspe\u0161no strategijo, ki temelji na podatkih, z Mainstreamom. Na\u0161i strokovnjaki nudijo podporo za analizo podatkov, integracijo, AI projekte in \u0161e veliko ve\u010d.","robots":{"index":"index","follow":"follow","max-snippet":"max-snippet:-1","max-image-preview":"max-image-preview:large","max-video-preview":"max-video-preview:-1"},"canonical":"https:\/\/mainstream.eu\/sl\/svetovalne-storitve\/strategija-za-podatkovno-analitiko\/","og_locale":"sl_SI","og_type":"article","og_title":"Strategija za podatkovno analitiko - Mainstream","og_description":"Ustvarite uspe\u0161no strategijo, ki temelji na podatkih, z Mainstreamom. Na\u0161i strokovnjaki nudijo podporo za analizo podatkov, integracijo, AI projekte in \u0161e veliko ve\u010d.","og_url":"https:\/\/mainstream.eu\/sl\/svetovalne-storitve\/strategija-za-podatkovno-analitiko\/","og_site_name":"Mainstream","article_modified_time":"2025-12-10T08:34:56+00:00","og_image":[{"width":1024,"height":683,"url":"https:\/\/mainstream.eu\/wp-content\/uploads\/2024\/11\/office-workers-using-finance-graphs-1024x683.jpg","type":"image\/jpeg"}],"twitter_card":"summary_large_image","twitter_misc":{"Est. reading time":"1 minuta"},"schema":{"@context":"https:\/\/schema.org","@graph":[{"@type":"WebPage","@id":"https:\/\/mainstream.eu\/sl\/svetovalne-storitve\/strategija-za-podatkovno-analitiko\/","url":"https:\/\/mainstream.eu\/sl\/svetovalne-storitve\/strategija-za-podatkovno-analitiko\/","name":"Strategija za podatkovno analitiko - Mainstream","isPartOf":{"@id":"https:\/\/mainstream.eu\/sr\/#website"},"primaryImageOfPage":{"@id":"https:\/\/mainstream.eu\/sl\/svetovalne-storitve\/strategija-za-podatkovno-analitiko\/#primaryimage"},"image":{"@id":"https:\/\/mainstream.eu\/sl\/svetovalne-storitve\/strategija-za-podatkovno-analitiko\/#primaryimage"},"thumbnailUrl":"https:\/\/mainstream.eu\/wp-content\/uploads\/2024\/11\/office-workers-using-finance-graphs.jpg","datePublished":"2025-01-16T11:20:07+00:00","dateModified":"2025-12-10T08:34:56+00:00","description":"Ustvarite uspe\u0161no strategijo, ki temelji na podatkih, z Mainstreamom. Na\u0161i strokovnjaki nudijo podporo za analizo podatkov, integracijo, AI projekte in \u0161e veliko ve\u010d.","breadcrumb":{"@id":"https:\/\/mainstream.eu\/sl\/svetovalne-storitve\/strategija-za-podatkovno-analitiko\/#breadcrumb"},"inLanguage":"sl-SI","potentialAction":[{"@type":"ReadAction","target":["https:\/\/mainstream.eu\/sl\/svetovalne-storitve\/strategija-za-podatkovno-analitiko\/"]}]},{"@type":"ImageObject","inLanguage":"sl-SI","@id":"https:\/\/mainstream.eu\/sl\/svetovalne-storitve\/strategija-za-podatkovno-analitiko\/#primaryimage","url":"https:\/\/mainstream.eu\/wp-content\/uploads\/2024\/11\/office-workers-using-finance-graphs.jpg","contentUrl":"https:\/\/mainstream.eu\/wp-content\/uploads\/2024\/11\/office-workers-using-finance-graphs.jpg","width":7900,"height":5267},{"@type":"BreadcrumbList","@id":"https:\/\/mainstream.eu\/sl\/svetovalne-storitve\/strategija-za-podatkovno-analitiko\/#breadcrumb","itemListElement":[{"@type":"ListItem","position":1,"name":"Doma\u010da","item":"https:\/\/mainstream.eu\/sl\/"},{"@type":"ListItem","position":2,"name":"Svetovalne storitve","item":"https:\/\/mainstream.eu\/sl\/svetovalne-storitve\/"},{"@type":"ListItem","position":3,"name":"Strategija za podatkovno analitiko"}]},{"@type":"WebSite","@id":"https:\/\/mainstream.eu\/sr\/#website","url":"https:\/\/mainstream.eu\/sr\/","name":"Mainstream","description":"","potentialAction":[{"@type":"SearchAction","target":{"@type":"EntryPoint","urlTemplate":"https:\/\/mainstream.eu\/sr\/?s={search_term_string}"},"query-input":{"@type":"PropertyValueSpecification","valueRequired":true,"valueName":"search_term_string"}}],"inLanguage":"sl-SI"}]}},"_links":{"self":[{"href":"https:\/\/mainstream.eu\/sl\/wp-json\/wp\/v2\/pages\/32561","targetHints":{"allow":["GET"]}}],"collection":[{"href":"https:\/\/mainstream.eu\/sl\/wp-json\/wp\/v2\/pages"}],"about":[{"href":"https:\/\/mainstream.eu\/sl\/wp-json\/wp\/v2\/types\/page"}],"author":[{"embeddable":true,"href":"https:\/\/mainstream.eu\/sl\/wp-json\/wp\/v2\/users\/4"}],"replies":[{"embeddable":true,"href":"https:\/\/mainstream.eu\/sl\/wp-json\/wp\/v2\/comments?post=32561"}],"version-history":[{"count":0,"href":"https:\/\/mainstream.eu\/sl\/wp-json\/wp\/v2\/pages\/32561\/revisions"}],"up":[{"embeddable":true,"href":"https:\/\/mainstream.eu\/sl\/wp-json\/wp\/v2\/pages\/32548"}],"wp:featuredmedia":[{"embeddable":true,"href":"https:\/\/mainstream.eu\/sl\/wp-json\/wp\/v2\/media\/31860"}],"wp:attachment":[{"href":"https:\/\/mainstream.eu\/sl\/wp-json\/wp\/v2\/media?parent=32561"}],"curies":[{"name":"wp","href":"https:\/\/api.w.org\/{rel}","templated":true}]}}