{"id":34937,"date":"2025-06-05T13:42:06","date_gmt":"2025-06-05T13:42:06","guid":{"rendered":"https:\/\/mainstream.eu\/?page_id=34937"},"modified":"2025-12-08T15:08:48","modified_gmt":"2025-12-08T15:08:48","slug":"optimizacija-stroskov-v-javnem-oblaku","status":"publish","type":"page","link":"https:\/\/mainstream.eu\/sl\/public-cloud\/optimizacija-stroskov-v-javnem-oblaku","title":{"rendered":"Optimizacija stro\u0161kov v javnem oblaku"},"content":{"rendered":"","protected":false},"excerpt":{"rendered":"","protected":false},"author":4,"featured_media":24142,"parent":21581,"menu_order":0,"comment_status":"closed","ping_status":"closed","template":"page-builder.php","meta":{"_acf_changed":false,"footnotes":""},"class_list":["post-34937","page","type-page","status-publish","has-post-thumbnail","hentry"],"acf":[],"yoast_head":"<!-- This site is optimized with the Yoast SEO plugin v27.3 - https:\/\/yoast.com\/product\/yoast-seo-wordpress\/ -->\n<title>Optimizacija stro\u0161kov v javnem oblaku - Mainstream<\/title>\n<meta name=\"description\" content=\"Zmanj\u0161ajte stro\u0161ke uporabe virov v oblaku z re\u0161itvami Mainstream support in Spot by NetApp. Ne glede na to, ali uporabljate AWC, Azure ali Google Cloud.\" \/>\n<meta name=\"robots\" content=\"index, follow, max-snippet:-1, max-image-preview:large, max-video-preview:-1\" \/>\n<link rel=\"canonical\" href=\"https:\/\/mainstream.eu\/sl\/public-cloud\/optimizacija-stroskov-v-javnem-oblaku\/\" \/>\n<meta property=\"og:locale\" content=\"sl_SI\" \/>\n<meta property=\"og:type\" content=\"article\" \/>\n<meta property=\"og:title\" content=\"Optimizacija stro\u0161kov v javnem oblaku - Mainstream\" \/>\n<meta property=\"og:description\" content=\"Zmanj\u0161ajte stro\u0161ke uporabe virov v oblaku z re\u0161itvami Mainstream support in Spot by NetApp. Ne glede na to, ali uporabljate AWC, Azure ali Google Cloud.\" \/>\n<meta property=\"og:url\" content=\"https:\/\/mainstream.eu\/sl\/public-cloud\/optimizacija-stroskov-v-javnem-oblaku\/\" \/>\n<meta property=\"og:site_name\" content=\"Mainstream\" \/>\n<meta property=\"article:modified_time\" content=\"2025-12-08T15:08:48+00:00\" \/>\n<meta property=\"og:image\" content=\"https:\/\/mainstream.eu\/wp-content\/uploads\/2024\/02\/optimizacija-troskova-hero.jpg\" \/>\n\t<meta property=\"og:image:width\" content=\"1920\" \/>\n\t<meta property=\"og:image:height\" content=\"500\" \/>\n\t<meta property=\"og:image:type\" content=\"image\/jpeg\" \/>\n<meta name=\"twitter:card\" content=\"summary_large_image\" \/>\n<meta name=\"twitter:label1\" content=\"Est. reading time\" \/>\n\t<meta name=\"twitter:data1\" content=\"1 minuta\" \/>\n<script type=\"application\/ld+json\" class=\"yoast-schema-graph\">{\"@context\":\"https:\\\/\\\/schema.org\",\"@graph\":[{\"@type\":\"WebPage\",\"@id\":\"https:\\\/\\\/mainstream.eu\\\/sl\\\/public-cloud\\\/optimizacija-stroskov-v-javnem-oblaku\\\/\",\"url\":\"https:\\\/\\\/mainstream.eu\\\/sl\\\/public-cloud\\\/optimizacija-stroskov-v-javnem-oblaku\\\/\",\"name\":\"Optimizacija stro\u0161kov v javnem oblaku - Mainstream\",\"isPartOf\":{\"@id\":\"https:\\\/\\\/mainstream.eu\\\/sr\\\/#website\"},\"primaryImageOfPage\":{\"@id\":\"https:\\\/\\\/mainstream.eu\\\/sl\\\/public-cloud\\\/optimizacija-stroskov-v-javnem-oblaku\\\/#primaryimage\"},\"image\":{\"@id\":\"https:\\\/\\\/mainstream.eu\\\/sl\\\/public-cloud\\\/optimizacija-stroskov-v-javnem-oblaku\\\/#primaryimage\"},\"thumbnailUrl\":\"https:\\\/\\\/mainstream.eu\\\/wp-content\\\/uploads\\\/2024\\\/02\\\/optimizacija-troskova-hero.jpg\",\"datePublished\":\"2025-06-05T13:42:06+00:00\",\"dateModified\":\"2025-12-08T15:08:48+00:00\",\"description\":\"Zmanj\u0161ajte stro\u0161ke uporabe virov v oblaku z re\u0161itvami Mainstream support in Spot by NetApp. Ne glede na to, ali uporabljate AWC, Azure ali Google Cloud.\",\"breadcrumb\":{\"@id\":\"https:\\\/\\\/mainstream.eu\\\/sl\\\/public-cloud\\\/optimizacija-stroskov-v-javnem-oblaku\\\/#breadcrumb\"},\"inLanguage\":\"sl-SI\",\"potentialAction\":[{\"@type\":\"ReadAction\",\"target\":[\"https:\\\/\\\/mainstream.eu\\\/sl\\\/public-cloud\\\/optimizacija-stroskov-v-javnem-oblaku\\\/\"]}]},{\"@type\":\"ImageObject\",\"inLanguage\":\"sl-SI\",\"@id\":\"https:\\\/\\\/mainstream.eu\\\/sl\\\/public-cloud\\\/optimizacija-stroskov-v-javnem-oblaku\\\/#primaryimage\",\"url\":\"https:\\\/\\\/mainstream.eu\\\/wp-content\\\/uploads\\\/2024\\\/02\\\/optimizacija-troskova-hero.jpg\",\"contentUrl\":\"https:\\\/\\\/mainstream.eu\\\/wp-content\\\/uploads\\\/2024\\\/02\\\/optimizacija-troskova-hero.jpg\",\"width\":1920,\"height\":500,\"caption\":\"Optimizacija cloud tro\u0161kova\"},{\"@type\":\"BreadcrumbList\",\"@id\":\"https:\\\/\\\/mainstream.eu\\\/sl\\\/public-cloud\\\/optimizacija-stroskov-v-javnem-oblaku\\\/#breadcrumb\",\"itemListElement\":[{\"@type\":\"ListItem\",\"position\":1,\"name\":\"Doma\u010da\",\"item\":\"https:\\\/\\\/mainstream.eu\\\/sl\\\/\"},{\"@type\":\"ListItem\",\"position\":2,\"name\":\"Public Cloud\",\"item\":\"https:\\\/\\\/mainstream.eu\\\/sl\\\/public-cloud\\\/\"},{\"@type\":\"ListItem\",\"position\":3,\"name\":\"Optimizacija stro\u0161kov v javnem oblaku\"}]},{\"@type\":\"WebSite\",\"@id\":\"https:\\\/\\\/mainstream.eu\\\/sr\\\/#website\",\"url\":\"https:\\\/\\\/mainstream.eu\\\/sr\\\/\",\"name\":\"Mainstream\",\"description\":\"\",\"potentialAction\":[{\"@type\":\"SearchAction\",\"target\":{\"@type\":\"EntryPoint\",\"urlTemplate\":\"https:\\\/\\\/mainstream.eu\\\/sr\\\/?s={search_term_string}\"},\"query-input\":{\"@type\":\"PropertyValueSpecification\",\"valueRequired\":true,\"valueName\":\"search_term_string\"}}],\"inLanguage\":\"sl-SI\"}]}<\/script>\n<!-- \/ Yoast SEO plugin. -->","yoast_head_json":{"title":"Optimizacija stro\u0161kov v javnem oblaku - Mainstream","description":"Zmanj\u0161ajte stro\u0161ke uporabe virov v oblaku z re\u0161itvami Mainstream support in Spot by NetApp. Ne glede na to, ali uporabljate AWC, Azure ali Google Cloud.","robots":{"index":"index","follow":"follow","max-snippet":"max-snippet:-1","max-image-preview":"max-image-preview:large","max-video-preview":"max-video-preview:-1"},"canonical":"https:\/\/mainstream.eu\/sl\/public-cloud\/optimizacija-stroskov-v-javnem-oblaku\/","og_locale":"sl_SI","og_type":"article","og_title":"Optimizacija stro\u0161kov v javnem oblaku - Mainstream","og_description":"Zmanj\u0161ajte stro\u0161ke uporabe virov v oblaku z re\u0161itvami Mainstream support in Spot by NetApp. Ne glede na to, ali uporabljate AWC, Azure ali Google Cloud.","og_url":"https:\/\/mainstream.eu\/sl\/public-cloud\/optimizacija-stroskov-v-javnem-oblaku\/","og_site_name":"Mainstream","article_modified_time":"2025-12-08T15:08:48+00:00","og_image":[{"width":1920,"height":500,"url":"https:\/\/mainstream.eu\/wp-content\/uploads\/2024\/02\/optimizacija-troskova-hero.jpg","type":"image\/jpeg"}],"twitter_card":"summary_large_image","twitter_misc":{"Est. reading time":"1 minuta"},"schema":{"@context":"https:\/\/schema.org","@graph":[{"@type":"WebPage","@id":"https:\/\/mainstream.eu\/sl\/public-cloud\/optimizacija-stroskov-v-javnem-oblaku\/","url":"https:\/\/mainstream.eu\/sl\/public-cloud\/optimizacija-stroskov-v-javnem-oblaku\/","name":"Optimizacija stro\u0161kov v javnem oblaku - Mainstream","isPartOf":{"@id":"https:\/\/mainstream.eu\/sr\/#website"},"primaryImageOfPage":{"@id":"https:\/\/mainstream.eu\/sl\/public-cloud\/optimizacija-stroskov-v-javnem-oblaku\/#primaryimage"},"image":{"@id":"https:\/\/mainstream.eu\/sl\/public-cloud\/optimizacija-stroskov-v-javnem-oblaku\/#primaryimage"},"thumbnailUrl":"https:\/\/mainstream.eu\/wp-content\/uploads\/2024\/02\/optimizacija-troskova-hero.jpg","datePublished":"2025-06-05T13:42:06+00:00","dateModified":"2025-12-08T15:08:48+00:00","description":"Zmanj\u0161ajte stro\u0161ke uporabe virov v oblaku z re\u0161itvami Mainstream support in Spot by NetApp. Ne glede na to, ali uporabljate AWC, Azure ali Google Cloud.","breadcrumb":{"@id":"https:\/\/mainstream.eu\/sl\/public-cloud\/optimizacija-stroskov-v-javnem-oblaku\/#breadcrumb"},"inLanguage":"sl-SI","potentialAction":[{"@type":"ReadAction","target":["https:\/\/mainstream.eu\/sl\/public-cloud\/optimizacija-stroskov-v-javnem-oblaku\/"]}]},{"@type":"ImageObject","inLanguage":"sl-SI","@id":"https:\/\/mainstream.eu\/sl\/public-cloud\/optimizacija-stroskov-v-javnem-oblaku\/#primaryimage","url":"https:\/\/mainstream.eu\/wp-content\/uploads\/2024\/02\/optimizacija-troskova-hero.jpg","contentUrl":"https:\/\/mainstream.eu\/wp-content\/uploads\/2024\/02\/optimizacija-troskova-hero.jpg","width":1920,"height":500,"caption":"Optimizacija cloud tro\u0161kova"},{"@type":"BreadcrumbList","@id":"https:\/\/mainstream.eu\/sl\/public-cloud\/optimizacija-stroskov-v-javnem-oblaku\/#breadcrumb","itemListElement":[{"@type":"ListItem","position":1,"name":"Doma\u010da","item":"https:\/\/mainstream.eu\/sl\/"},{"@type":"ListItem","position":2,"name":"Public Cloud","item":"https:\/\/mainstream.eu\/sl\/public-cloud\/"},{"@type":"ListItem","position":3,"name":"Optimizacija stro\u0161kov v javnem oblaku"}]},{"@type":"WebSite","@id":"https:\/\/mainstream.eu\/sr\/#website","url":"https:\/\/mainstream.eu\/sr\/","name":"Mainstream","description":"","potentialAction":[{"@type":"SearchAction","target":{"@type":"EntryPoint","urlTemplate":"https:\/\/mainstream.eu\/sr\/?s={search_term_string}"},"query-input":{"@type":"PropertyValueSpecification","valueRequired":true,"valueName":"search_term_string"}}],"inLanguage":"sl-SI"}]}},"_links":{"self":[{"href":"https:\/\/mainstream.eu\/sl\/wp-json\/wp\/v2\/pages\/34937","targetHints":{"allow":["GET"]}}],"collection":[{"href":"https:\/\/mainstream.eu\/sl\/wp-json\/wp\/v2\/pages"}],"about":[{"href":"https:\/\/mainstream.eu\/sl\/wp-json\/wp\/v2\/types\/page"}],"author":[{"embeddable":true,"href":"https:\/\/mainstream.eu\/sl\/wp-json\/wp\/v2\/users\/4"}],"replies":[{"embeddable":true,"href":"https:\/\/mainstream.eu\/sl\/wp-json\/wp\/v2\/comments?post=34937"}],"version-history":[{"count":0,"href":"https:\/\/mainstream.eu\/sl\/wp-json\/wp\/v2\/pages\/34937\/revisions"}],"up":[{"embeddable":true,"href":"https:\/\/mainstream.eu\/sl\/wp-json\/wp\/v2\/pages\/21581"}],"wp:featuredmedia":[{"embeddable":true,"href":"https:\/\/mainstream.eu\/sl\/wp-json\/wp\/v2\/media\/24142"}],"wp:attachment":[{"href":"https:\/\/mainstream.eu\/sl\/wp-json\/wp\/v2\/media?parent=34937"}],"curies":[{"name":"wp","href":"https:\/\/api.w.org\/{rel}","templated":true}]}}