{"id":37373,"date":"2026-03-24T15:59:22","date_gmt":"2026-03-24T15:59:22","guid":{"rendered":"https:\/\/mainstream.eu\/?page_id=37373"},"modified":"2026-03-31T10:51:33","modified_gmt":"2026-03-31T10:51:33","slug":"hpe-zerto-software","status":"publish","type":"page","link":"https:\/\/mainstream.eu\/sl\/hpe-zerto-software","title":{"rendered":"Disaster Recovery ako slu\u017eba s HPE Zerto softv\u00e9rom na Mainstream Cloud"},"content":{"rendered":"","protected":false},"excerpt":{"rendered":"","protected":false},"author":4,"featured_media":37312,"parent":0,"menu_order":0,"comment_status":"closed","ping_status":"closed","template":"page-builder.php","meta":{"_acf_changed":false,"footnotes":""},"class_list":["post-37373","page","type-page","status-publish","has-post-thumbnail","hentry"],"acf":[],"yoast_head":"<!-- This site is optimized with the Yoast SEO plugin v27.4 - https:\/\/yoast.com\/product\/yoast-seo-wordpress\/ -->\n<title>HPE Zerto softv\u00e9rom na Mainstream Cloud<\/title>\n<meta name=\"description\" content=\"Disaster Recovery ako slu\u017eba s HPE Zerto softv\u00e9rom na Mainstream Cloud zagotavlja neprekinjeno za\u0161\u010dito podatkov, hitro obnovitev aplikacij, odpornost na izsiljevalsko programsko opremo ter predvidljive stro\u0161ke obnove po nesre\u010di za podjetja vseh velikosti.\" \/>\n<meta name=\"robots\" content=\"index, follow, max-snippet:-1, max-image-preview:large, max-video-preview:-1\" \/>\n<link rel=\"canonical\" href=\"https:\/\/mainstream.eu\/sl\/hpe-zerto-software\/\" \/>\n<meta property=\"og:locale\" content=\"sl_SI\" \/>\n<meta property=\"og:type\" content=\"article\" \/>\n<meta property=\"og:title\" content=\"HPE Zerto softv\u00e9rom na Mainstream Cloud\" \/>\n<meta property=\"og:description\" content=\"Disaster Recovery ako slu\u017eba s HPE Zerto softv\u00e9rom na Mainstream Cloud zagotavlja neprekinjeno za\u0161\u010dito podatkov, hitro obnovitev aplikacij, odpornost na izsiljevalsko programsko opremo ter predvidljive stro\u0161ke obnove po nesre\u010di za podjetja vseh velikosti.\" \/>\n<meta property=\"og:url\" content=\"https:\/\/mainstream.eu\/sl\/hpe-zerto-software\/\" \/>\n<meta property=\"og:site_name\" content=\"Mainstream\" \/>\n<meta property=\"article:modified_time\" content=\"2026-03-31T10:51:33+00:00\" \/>\n<meta property=\"og:image\" content=\"https:\/\/mainstream.eu\/wp-content\/uploads\/2026\/03\/zerto.jpg\" \/>\n\t<meta property=\"og:image:width\" content=\"808\" \/>\n\t<meta property=\"og:image:height\" content=\"632\" \/>\n\t<meta property=\"og:image:type\" content=\"image\/jpeg\" \/>\n<meta name=\"twitter:card\" content=\"summary_large_image\" \/>\n<meta name=\"twitter:label1\" content=\"Est. reading time\" \/>\n\t<meta name=\"twitter:data1\" content=\"1 minuta\" \/>\n<script type=\"application\/ld+json\" class=\"yoast-schema-graph\">{\"@context\":\"https:\\\/\\\/schema.org\",\"@graph\":[{\"@type\":\"WebPage\",\"@id\":\"https:\\\/\\\/mainstream.eu\\\/sl\\\/hpe-zerto-software\\\/\",\"url\":\"https:\\\/\\\/mainstream.eu\\\/sl\\\/hpe-zerto-software\\\/\",\"name\":\"HPE Zerto softv\u00e9rom na Mainstream Cloud\",\"isPartOf\":{\"@id\":\"https:\\\/\\\/mainstream.eu\\\/sr\\\/#website\"},\"primaryImageOfPage\":{\"@id\":\"https:\\\/\\\/mainstream.eu\\\/sl\\\/hpe-zerto-software\\\/#primaryimage\"},\"image\":{\"@id\":\"https:\\\/\\\/mainstream.eu\\\/sl\\\/hpe-zerto-software\\\/#primaryimage\"},\"thumbnailUrl\":\"https:\\\/\\\/mainstream.eu\\\/wp-content\\\/uploads\\\/2026\\\/03\\\/zerto.jpg\",\"datePublished\":\"2026-03-24T15:59:22+00:00\",\"dateModified\":\"2026-03-31T10:51:33+00:00\",\"description\":\"Disaster Recovery ako slu\u017eba s HPE Zerto softv\u00e9rom na Mainstream Cloud zagotavlja neprekinjeno za\u0161\u010dito podatkov, hitro obnovitev aplikacij, odpornost na izsiljevalsko programsko opremo ter predvidljive stro\u0161ke obnove po nesre\u010di za podjetja vseh velikosti.\",\"breadcrumb\":{\"@id\":\"https:\\\/\\\/mainstream.eu\\\/sl\\\/hpe-zerto-software\\\/#breadcrumb\"},\"inLanguage\":\"sl-SI\",\"potentialAction\":[{\"@type\":\"ReadAction\",\"target\":[\"https:\\\/\\\/mainstream.eu\\\/sl\\\/hpe-zerto-software\\\/\"]}]},{\"@type\":\"ImageObject\",\"inLanguage\":\"sl-SI\",\"@id\":\"https:\\\/\\\/mainstream.eu\\\/sl\\\/hpe-zerto-software\\\/#primaryimage\",\"url\":\"https:\\\/\\\/mainstream.eu\\\/wp-content\\\/uploads\\\/2026\\\/03\\\/zerto.jpg\",\"contentUrl\":\"https:\\\/\\\/mainstream.eu\\\/wp-content\\\/uploads\\\/2026\\\/03\\\/zerto.jpg\",\"width\":808,\"height\":632},{\"@type\":\"BreadcrumbList\",\"@id\":\"https:\\\/\\\/mainstream.eu\\\/sl\\\/hpe-zerto-software\\\/#breadcrumb\",\"itemListElement\":[{\"@type\":\"ListItem\",\"position\":1,\"name\":\"Doma\u010da\",\"item\":\"https:\\\/\\\/mainstream.eu\\\/sl\\\/\"},{\"@type\":\"ListItem\",\"position\":2,\"name\":\"Disaster Recovery ako slu\u017eba s HPE Zerto softv\u00e9rom na Mainstream Cloud\"}]},{\"@type\":\"WebSite\",\"@id\":\"https:\\\/\\\/mainstream.eu\\\/sr\\\/#website\",\"url\":\"https:\\\/\\\/mainstream.eu\\\/sr\\\/\",\"name\":\"Mainstream\",\"description\":\"\",\"potentialAction\":[{\"@type\":\"SearchAction\",\"target\":{\"@type\":\"EntryPoint\",\"urlTemplate\":\"https:\\\/\\\/mainstream.eu\\\/sr\\\/?s={search_term_string}\"},\"query-input\":{\"@type\":\"PropertyValueSpecification\",\"valueRequired\":true,\"valueName\":\"search_term_string\"}}],\"inLanguage\":\"sl-SI\"}]}<\/script>\n<!-- \/ Yoast SEO plugin. -->","yoast_head_json":{"title":"HPE Zerto softv\u00e9rom na Mainstream Cloud","description":"Disaster Recovery ako slu\u017eba s HPE Zerto softv\u00e9rom na Mainstream Cloud zagotavlja neprekinjeno za\u0161\u010dito podatkov, hitro obnovitev aplikacij, odpornost na izsiljevalsko programsko opremo ter predvidljive stro\u0161ke obnove po nesre\u010di za podjetja vseh velikosti.","robots":{"index":"index","follow":"follow","max-snippet":"max-snippet:-1","max-image-preview":"max-image-preview:large","max-video-preview":"max-video-preview:-1"},"canonical":"https:\/\/mainstream.eu\/sl\/hpe-zerto-software\/","og_locale":"sl_SI","og_type":"article","og_title":"HPE Zerto softv\u00e9rom na Mainstream Cloud","og_description":"Disaster Recovery ako slu\u017eba s HPE Zerto softv\u00e9rom na Mainstream Cloud zagotavlja neprekinjeno za\u0161\u010dito podatkov, hitro obnovitev aplikacij, odpornost na izsiljevalsko programsko opremo ter predvidljive stro\u0161ke obnove po nesre\u010di za podjetja vseh velikosti.","og_url":"https:\/\/mainstream.eu\/sl\/hpe-zerto-software\/","og_site_name":"Mainstream","article_modified_time":"2026-03-31T10:51:33+00:00","og_image":[{"width":808,"height":632,"url":"https:\/\/mainstream.eu\/wp-content\/uploads\/2026\/03\/zerto.jpg","type":"image\/jpeg"}],"twitter_card":"summary_large_image","twitter_misc":{"Est. reading time":"1 minuta"},"schema":{"@context":"https:\/\/schema.org","@graph":[{"@type":"WebPage","@id":"https:\/\/mainstream.eu\/sl\/hpe-zerto-software\/","url":"https:\/\/mainstream.eu\/sl\/hpe-zerto-software\/","name":"HPE Zerto softv\u00e9rom na Mainstream Cloud","isPartOf":{"@id":"https:\/\/mainstream.eu\/sr\/#website"},"primaryImageOfPage":{"@id":"https:\/\/mainstream.eu\/sl\/hpe-zerto-software\/#primaryimage"},"image":{"@id":"https:\/\/mainstream.eu\/sl\/hpe-zerto-software\/#primaryimage"},"thumbnailUrl":"https:\/\/mainstream.eu\/wp-content\/uploads\/2026\/03\/zerto.jpg","datePublished":"2026-03-24T15:59:22+00:00","dateModified":"2026-03-31T10:51:33+00:00","description":"Disaster Recovery ako slu\u017eba s HPE Zerto softv\u00e9rom na Mainstream Cloud zagotavlja neprekinjeno za\u0161\u010dito podatkov, hitro obnovitev aplikacij, odpornost na izsiljevalsko programsko opremo ter predvidljive stro\u0161ke obnove po nesre\u010di za podjetja vseh velikosti.","breadcrumb":{"@id":"https:\/\/mainstream.eu\/sl\/hpe-zerto-software\/#breadcrumb"},"inLanguage":"sl-SI","potentialAction":[{"@type":"ReadAction","target":["https:\/\/mainstream.eu\/sl\/hpe-zerto-software\/"]}]},{"@type":"ImageObject","inLanguage":"sl-SI","@id":"https:\/\/mainstream.eu\/sl\/hpe-zerto-software\/#primaryimage","url":"https:\/\/mainstream.eu\/wp-content\/uploads\/2026\/03\/zerto.jpg","contentUrl":"https:\/\/mainstream.eu\/wp-content\/uploads\/2026\/03\/zerto.jpg","width":808,"height":632},{"@type":"BreadcrumbList","@id":"https:\/\/mainstream.eu\/sl\/hpe-zerto-software\/#breadcrumb","itemListElement":[{"@type":"ListItem","position":1,"name":"Doma\u010da","item":"https:\/\/mainstream.eu\/sl\/"},{"@type":"ListItem","position":2,"name":"Disaster Recovery ako slu\u017eba s HPE Zerto softv\u00e9rom na Mainstream Cloud"}]},{"@type":"WebSite","@id":"https:\/\/mainstream.eu\/sr\/#website","url":"https:\/\/mainstream.eu\/sr\/","name":"Mainstream","description":"","potentialAction":[{"@type":"SearchAction","target":{"@type":"EntryPoint","urlTemplate":"https:\/\/mainstream.eu\/sr\/?s={search_term_string}"},"query-input":{"@type":"PropertyValueSpecification","valueRequired":true,"valueName":"search_term_string"}}],"inLanguage":"sl-SI"}]}},"_links":{"self":[{"href":"https:\/\/mainstream.eu\/sl\/wp-json\/wp\/v2\/pages\/37373","targetHints":{"allow":["GET"]}}],"collection":[{"href":"https:\/\/mainstream.eu\/sl\/wp-json\/wp\/v2\/pages"}],"about":[{"href":"https:\/\/mainstream.eu\/sl\/wp-json\/wp\/v2\/types\/page"}],"author":[{"embeddable":true,"href":"https:\/\/mainstream.eu\/sl\/wp-json\/wp\/v2\/users\/4"}],"replies":[{"embeddable":true,"href":"https:\/\/mainstream.eu\/sl\/wp-json\/wp\/v2\/comments?post=37373"}],"version-history":[{"count":20,"href":"https:\/\/mainstream.eu\/sl\/wp-json\/wp\/v2\/pages\/37373\/revisions"}],"predecessor-version":[{"id":37460,"href":"https:\/\/mainstream.eu\/sl\/wp-json\/wp\/v2\/pages\/37373\/revisions\/37460"}],"wp:featuredmedia":[{"embeddable":true,"href":"https:\/\/mainstream.eu\/sl\/wp-json\/wp\/v2\/media\/37312"}],"wp:attachment":[{"href":"https:\/\/mainstream.eu\/sl\/wp-json\/wp\/v2\/media?parent=37373"}],"curies":[{"name":"wp","href":"https:\/\/api.w.org\/{rel}","templated":true}]}}