{"id":31856,"date":"2024-11-26T13:13:20","date_gmt":"2024-11-26T13:13:20","guid":{"rendered":"https:\/\/mainstream.eu\/?page_id=31856"},"modified":"2025-12-10T08:34:39","modified_gmt":"2025-12-10T08:34:39","slug":"strategija-za-analitiku-podataka","status":"publish","type":"page","link":"https:\/\/mainstream.eu\/sr\/konsalting-usluge\/strategija-za-analitiku-podataka","title":{"rendered":"Strategija za analitiku podataka"},"content":{"rendered":"","protected":false},"excerpt":{"rendered":"","protected":false},"author":4,"featured_media":31860,"parent":21210,"menu_order":0,"comment_status":"closed","ping_status":"closed","template":"page-builder.php","meta":{"_acf_changed":false,"footnotes":""},"class_list":["post-31856","page","type-page","status-publish","has-post-thumbnail","hentry"],"acf":[],"yoast_head":"<!-- This site is optimized with the Yoast SEO plugin v27.4 - https:\/\/yoast.com\/product\/yoast-seo-wordpress\/ -->\n<title>Strategija za analitiku podataka - Mainstream<\/title>\n<meta name=\"description\" content=\"Kreirajte uspe\u0161nu data-driven strategiju uz Mainstream. Na\u0161i stru\u010dnjaci pru\u017eaju podr\u0161ku za analizu podataka, integraciju, AI projekte i jo\u0161 mnogo toga.\" \/>\n<meta name=\"robots\" content=\"index, follow, max-snippet:-1, max-image-preview:large, max-video-preview:-1\" \/>\n<link rel=\"canonical\" href=\"https:\/\/mainstream.eu\/sr\/konsalting-usluge\/strategija-za-analitiku-podataka\/\" \/>\n<meta property=\"og:locale\" content=\"sr_RS\" \/>\n<meta property=\"og:type\" content=\"article\" \/>\n<meta property=\"og:title\" content=\"Strategija za analitiku podataka - Mainstream\" \/>\n<meta property=\"og:description\" content=\"Kreirajte uspe\u0161nu data-driven strategiju uz Mainstream. Na\u0161i stru\u010dnjaci pru\u017eaju podr\u0161ku za analizu podataka, integraciju, AI projekte i jo\u0161 mnogo toga.\" \/>\n<meta property=\"og:url\" content=\"https:\/\/mainstream.eu\/sr\/konsalting-usluge\/strategija-za-analitiku-podataka\/\" \/>\n<meta property=\"og:site_name\" content=\"Mainstream\" \/>\n<meta property=\"article:modified_time\" content=\"2025-12-10T08:34:39+00:00\" \/>\n<meta property=\"og:image\" content=\"https:\/\/mainstream.eu\/wp-content\/uploads\/2024\/11\/office-workers-using-finance-graphs-1024x683.jpg\" \/>\n\t<meta property=\"og:image:width\" content=\"1024\" \/>\n\t<meta property=\"og:image:height\" content=\"683\" \/>\n\t<meta property=\"og:image:type\" content=\"image\/jpeg\" \/>\n<meta name=\"twitter:card\" content=\"summary_large_image\" \/>\n<meta name=\"twitter:label1\" content=\"\u041f\u0440\u043e\u0446\u0435\u045a\u0435\u043d\u043e \u0432\u0440\u0435\u043c\u0435 \u0447\u0438\u0442\u0430\u045a\u0430\" \/>\n\t<meta name=\"twitter:data1\" content=\"1 \u043c\u0438\u043d\u0443\u0442\" \/>\n<script type=\"application\/ld+json\" class=\"yoast-schema-graph\">{\"@context\":\"https:\\\/\\\/schema.org\",\"@graph\":[{\"@type\":\"WebPage\",\"@id\":\"https:\\\/\\\/mainstream.eu\\\/sr\\\/konsalting-usluge\\\/strategija-za-analitiku-podataka\\\/\",\"url\":\"https:\\\/\\\/mainstream.eu\\\/sr\\\/konsalting-usluge\\\/strategija-za-analitiku-podataka\\\/\",\"name\":\"Strategija za analitiku podataka - Mainstream\",\"isPartOf\":{\"@id\":\"https:\\\/\\\/mainstream.eu\\\/sr\\\/#website\"},\"primaryImageOfPage\":{\"@id\":\"https:\\\/\\\/mainstream.eu\\\/sr\\\/konsalting-usluge\\\/strategija-za-analitiku-podataka\\\/#primaryimage\"},\"image\":{\"@id\":\"https:\\\/\\\/mainstream.eu\\\/sr\\\/konsalting-usluge\\\/strategija-za-analitiku-podataka\\\/#primaryimage\"},\"thumbnailUrl\":\"https:\\\/\\\/mainstream.eu\\\/wp-content\\\/uploads\\\/2024\\\/11\\\/office-workers-using-finance-graphs.jpg\",\"datePublished\":\"2024-11-26T13:13:20+00:00\",\"dateModified\":\"2025-12-10T08:34:39+00:00\",\"description\":\"Kreirajte uspe\u0161nu data-driven strategiju uz Mainstream. Na\u0161i stru\u010dnjaci pru\u017eaju podr\u0161ku za analizu podataka, integraciju, AI projekte i jo\u0161 mnogo toga.\",\"breadcrumb\":{\"@id\":\"https:\\\/\\\/mainstream.eu\\\/sr\\\/konsalting-usluge\\\/strategija-za-analitiku-podataka\\\/#breadcrumb\"},\"inLanguage\":\"sr-RS\",\"potentialAction\":[{\"@type\":\"ReadAction\",\"target\":[\"https:\\\/\\\/mainstream.eu\\\/sr\\\/konsalting-usluge\\\/strategija-za-analitiku-podataka\\\/\"]}]},{\"@type\":\"ImageObject\",\"inLanguage\":\"sr-RS\",\"@id\":\"https:\\\/\\\/mainstream.eu\\\/sr\\\/konsalting-usluge\\\/strategija-za-analitiku-podataka\\\/#primaryimage\",\"url\":\"https:\\\/\\\/mainstream.eu\\\/wp-content\\\/uploads\\\/2024\\\/11\\\/office-workers-using-finance-graphs.jpg\",\"contentUrl\":\"https:\\\/\\\/mainstream.eu\\\/wp-content\\\/uploads\\\/2024\\\/11\\\/office-workers-using-finance-graphs.jpg\",\"width\":7900,\"height\":5267},{\"@type\":\"BreadcrumbList\",\"@id\":\"https:\\\/\\\/mainstream.eu\\\/sr\\\/konsalting-usluge\\\/strategija-za-analitiku-podataka\\\/#breadcrumb\",\"itemListElement\":[{\"@type\":\"ListItem\",\"position\":1,\"name\":\"Po\u010detna\",\"item\":\"https:\\\/\\\/mainstream.eu\\\/sr\\\/\"},{\"@type\":\"ListItem\",\"position\":2,\"name\":\"Konsalting usluge\",\"item\":\"https:\\\/\\\/mainstream.eu\\\/sr\\\/konsalting-usluge\\\/\"},{\"@type\":\"ListItem\",\"position\":3,\"name\":\"Strategija za analitiku podataka\"}]},{\"@type\":\"WebSite\",\"@id\":\"https:\\\/\\\/mainstream.eu\\\/sr\\\/#website\",\"url\":\"https:\\\/\\\/mainstream.eu\\\/sr\\\/\",\"name\":\"Mainstream\",\"description\":\"\",\"potentialAction\":[{\"@type\":\"SearchAction\",\"target\":{\"@type\":\"EntryPoint\",\"urlTemplate\":\"https:\\\/\\\/mainstream.eu\\\/sr\\\/?s={search_term_string}\"},\"query-input\":{\"@type\":\"PropertyValueSpecification\",\"valueRequired\":true,\"valueName\":\"search_term_string\"}}],\"inLanguage\":\"sr-RS\"}]}<\/script>\n<!-- \/ Yoast SEO plugin. -->","yoast_head_json":{"title":"Strategija za analitiku podataka - Mainstream","description":"Kreirajte uspe\u0161nu data-driven strategiju uz Mainstream. Na\u0161i stru\u010dnjaci pru\u017eaju podr\u0161ku za analizu podataka, integraciju, AI projekte i jo\u0161 mnogo toga.","robots":{"index":"index","follow":"follow","max-snippet":"max-snippet:-1","max-image-preview":"max-image-preview:large","max-video-preview":"max-video-preview:-1"},"canonical":"https:\/\/mainstream.eu\/sr\/konsalting-usluge\/strategija-za-analitiku-podataka\/","og_locale":"sr_RS","og_type":"article","og_title":"Strategija za analitiku podataka - Mainstream","og_description":"Kreirajte uspe\u0161nu data-driven strategiju uz Mainstream. Na\u0161i stru\u010dnjaci pru\u017eaju podr\u0161ku za analizu podataka, integraciju, AI projekte i jo\u0161 mnogo toga.","og_url":"https:\/\/mainstream.eu\/sr\/konsalting-usluge\/strategija-za-analitiku-podataka\/","og_site_name":"Mainstream","article_modified_time":"2025-12-10T08:34:39+00:00","og_image":[{"width":1024,"height":683,"url":"https:\/\/mainstream.eu\/wp-content\/uploads\/2024\/11\/office-workers-using-finance-graphs-1024x683.jpg","type":"image\/jpeg"}],"twitter_card":"summary_large_image","twitter_misc":{"\u041f\u0440\u043e\u0446\u0435\u045a\u0435\u043d\u043e \u0432\u0440\u0435\u043c\u0435 \u0447\u0438\u0442\u0430\u045a\u0430":"1 \u043c\u0438\u043d\u0443\u0442"},"schema":{"@context":"https:\/\/schema.org","@graph":[{"@type":"WebPage","@id":"https:\/\/mainstream.eu\/sr\/konsalting-usluge\/strategija-za-analitiku-podataka\/","url":"https:\/\/mainstream.eu\/sr\/konsalting-usluge\/strategija-za-analitiku-podataka\/","name":"Strategija za analitiku podataka - Mainstream","isPartOf":{"@id":"https:\/\/mainstream.eu\/sr\/#website"},"primaryImageOfPage":{"@id":"https:\/\/mainstream.eu\/sr\/konsalting-usluge\/strategija-za-analitiku-podataka\/#primaryimage"},"image":{"@id":"https:\/\/mainstream.eu\/sr\/konsalting-usluge\/strategija-za-analitiku-podataka\/#primaryimage"},"thumbnailUrl":"https:\/\/mainstream.eu\/wp-content\/uploads\/2024\/11\/office-workers-using-finance-graphs.jpg","datePublished":"2024-11-26T13:13:20+00:00","dateModified":"2025-12-10T08:34:39+00:00","description":"Kreirajte uspe\u0161nu data-driven strategiju uz Mainstream. Na\u0161i stru\u010dnjaci pru\u017eaju podr\u0161ku za analizu podataka, integraciju, AI projekte i jo\u0161 mnogo toga.","breadcrumb":{"@id":"https:\/\/mainstream.eu\/sr\/konsalting-usluge\/strategija-za-analitiku-podataka\/#breadcrumb"},"inLanguage":"sr-RS","potentialAction":[{"@type":"ReadAction","target":["https:\/\/mainstream.eu\/sr\/konsalting-usluge\/strategija-za-analitiku-podataka\/"]}]},{"@type":"ImageObject","inLanguage":"sr-RS","@id":"https:\/\/mainstream.eu\/sr\/konsalting-usluge\/strategija-za-analitiku-podataka\/#primaryimage","url":"https:\/\/mainstream.eu\/wp-content\/uploads\/2024\/11\/office-workers-using-finance-graphs.jpg","contentUrl":"https:\/\/mainstream.eu\/wp-content\/uploads\/2024\/11\/office-workers-using-finance-graphs.jpg","width":7900,"height":5267},{"@type":"BreadcrumbList","@id":"https:\/\/mainstream.eu\/sr\/konsalting-usluge\/strategija-za-analitiku-podataka\/#breadcrumb","itemListElement":[{"@type":"ListItem","position":1,"name":"Po\u010detna","item":"https:\/\/mainstream.eu\/sr\/"},{"@type":"ListItem","position":2,"name":"Konsalting usluge","item":"https:\/\/mainstream.eu\/sr\/konsalting-usluge\/"},{"@type":"ListItem","position":3,"name":"Strategija za analitiku podataka"}]},{"@type":"WebSite","@id":"https:\/\/mainstream.eu\/sr\/#website","url":"https:\/\/mainstream.eu\/sr\/","name":"Mainstream","description":"","potentialAction":[{"@type":"SearchAction","target":{"@type":"EntryPoint","urlTemplate":"https:\/\/mainstream.eu\/sr\/?s={search_term_string}"},"query-input":{"@type":"PropertyValueSpecification","valueRequired":true,"valueName":"search_term_string"}}],"inLanguage":"sr-RS"}]}},"_links":{"self":[{"href":"https:\/\/mainstream.eu\/sr\/wp-json\/wp\/v2\/pages\/31856","targetHints":{"allow":["GET"]}}],"collection":[{"href":"https:\/\/mainstream.eu\/sr\/wp-json\/wp\/v2\/pages"}],"about":[{"href":"https:\/\/mainstream.eu\/sr\/wp-json\/wp\/v2\/types\/page"}],"author":[{"embeddable":true,"href":"https:\/\/mainstream.eu\/sr\/wp-json\/wp\/v2\/users\/4"}],"replies":[{"embeddable":true,"href":"https:\/\/mainstream.eu\/sr\/wp-json\/wp\/v2\/comments?post=31856"}],"version-history":[{"count":0,"href":"https:\/\/mainstream.eu\/sr\/wp-json\/wp\/v2\/pages\/31856\/revisions"}],"up":[{"embeddable":true,"href":"https:\/\/mainstream.eu\/sr\/wp-json\/wp\/v2\/pages\/21210"}],"wp:featuredmedia":[{"embeddable":true,"href":"https:\/\/mainstream.eu\/sr\/wp-json\/wp\/v2\/media\/31860"}],"wp:attachment":[{"href":"https:\/\/mainstream.eu\/sr\/wp-json\/wp\/v2\/media?parent=31856"}],"curies":[{"name":"wp","href":"https:\/\/api.w.org\/{rel}","templated":true}]}}