{"id":34065,"date":"2025-04-04T10:12:13","date_gmt":"2025-04-04T10:12:13","guid":{"rendered":"https:\/\/mainstream.eu\/?page_id=34065"},"modified":"2025-12-08T15:40:12","modified_gmt":"2025-12-08T15:40:12","slug":"aws-za-startape","status":"publish","type":"page","link":"https:\/\/mainstream.eu\/sr\/public-cloud\/aws\/aws-za-startape","title":{"rendered":"AWS za startape"},"content":{"rendered":"","protected":false},"excerpt":{"rendered":"","protected":false},"author":4,"featured_media":11525,"parent":780,"menu_order":0,"comment_status":"closed","ping_status":"closed","template":"page-builder.php","meta":{"_acf_changed":false,"footnotes":""},"class_list":["post-34065","page","type-page","status-publish","has-post-thumbnail","hentry"],"acf":[],"yoast_head":"<!-- This site is optimized with the Yoast SEO plugin v27.4 - https:\/\/yoast.com\/product\/yoast-seo-wordpress\/ -->\n<title>AWS za startape - Mainstream<\/title>\n<meta name=\"description\" content=\"Pro\u0161irite i izgradite svoj startup uz besplatne AWS kredite i tehni\u010dku podr\u0161ku, od AWS arhitekture do DevOps-a.\" \/>\n<meta name=\"robots\" content=\"index, follow, max-snippet:-1, max-image-preview:large, max-video-preview:-1\" \/>\n<link rel=\"canonical\" href=\"https:\/\/mainstream.eu\/sr\/public-cloud\/aws\/aws-za-startape\/\" \/>\n<meta property=\"og:locale\" content=\"sr_RS\" \/>\n<meta property=\"og:type\" content=\"article\" \/>\n<meta property=\"og:title\" content=\"AWS za startape - Mainstream\" \/>\n<meta property=\"og:description\" content=\"Pro\u0161irite i izgradite svoj startup uz besplatne AWS kredite i tehni\u010dku podr\u0161ku, od AWS arhitekture do DevOps-a.\" \/>\n<meta property=\"og:url\" content=\"https:\/\/mainstream.eu\/sr\/public-cloud\/aws\/aws-za-startape\/\" \/>\n<meta property=\"og:site_name\" content=\"Mainstream\" \/>\n<meta property=\"article:modified_time\" content=\"2025-12-08T15:40:12+00:00\" \/>\n<meta property=\"og:image\" content=\"https:\/\/mainstream.eu\/wp-content\/uploads\/2022\/09\/aws-sertifikacija.png\" \/>\n\t<meta property=\"og:image:width\" content=\"1024\" \/>\n\t<meta property=\"og:image:height\" content=\"536\" \/>\n\t<meta property=\"og:image:type\" content=\"image\/png\" \/>\n<meta name=\"twitter:card\" content=\"summary_large_image\" \/>\n<meta name=\"twitter:label1\" content=\"\u041f\u0440\u043e\u0446\u0435\u045a\u0435\u043d\u043e \u0432\u0440\u0435\u043c\u0435 \u0447\u0438\u0442\u0430\u045a\u0430\" \/>\n\t<meta name=\"twitter:data1\" content=\"1 \u043c\u0438\u043d\u0443\u0442\" \/>\n<script type=\"application\/ld+json\" class=\"yoast-schema-graph\">{\"@context\":\"https:\\\/\\\/schema.org\",\"@graph\":[{\"@type\":\"WebPage\",\"@id\":\"https:\\\/\\\/mainstream.eu\\\/sr\\\/public-cloud\\\/aws\\\/aws-za-startape\\\/\",\"url\":\"https:\\\/\\\/mainstream.eu\\\/sr\\\/public-cloud\\\/aws\\\/aws-za-startape\\\/\",\"name\":\"AWS za startape - Mainstream\",\"isPartOf\":{\"@id\":\"https:\\\/\\\/mainstream.eu\\\/sr\\\/#website\"},\"primaryImageOfPage\":{\"@id\":\"https:\\\/\\\/mainstream.eu\\\/sr\\\/public-cloud\\\/aws\\\/aws-za-startape\\\/#primaryimage\"},\"image\":{\"@id\":\"https:\\\/\\\/mainstream.eu\\\/sr\\\/public-cloud\\\/aws\\\/aws-za-startape\\\/#primaryimage\"},\"thumbnailUrl\":\"https:\\\/\\\/mainstream.eu\\\/wp-content\\\/uploads\\\/2022\\\/09\\\/aws-sertifikacija.png\",\"datePublished\":\"2025-04-04T10:12:13+00:00\",\"dateModified\":\"2025-12-08T15:40:12+00:00\",\"description\":\"Pro\u0161irite i izgradite svoj startup uz besplatne AWS kredite i tehni\u010dku podr\u0161ku, od AWS arhitekture do DevOps-a.\",\"breadcrumb\":{\"@id\":\"https:\\\/\\\/mainstream.eu\\\/sr\\\/public-cloud\\\/aws\\\/aws-za-startape\\\/#breadcrumb\"},\"inLanguage\":\"sr-RS\",\"potentialAction\":[{\"@type\":\"ReadAction\",\"target\":[\"https:\\\/\\\/mainstream.eu\\\/sr\\\/public-cloud\\\/aws\\\/aws-za-startape\\\/\"]}]},{\"@type\":\"ImageObject\",\"inLanguage\":\"sr-RS\",\"@id\":\"https:\\\/\\\/mainstream.eu\\\/sr\\\/public-cloud\\\/aws\\\/aws-za-startape\\\/#primaryimage\",\"url\":\"https:\\\/\\\/mainstream.eu\\\/wp-content\\\/uploads\\\/2022\\\/09\\\/aws-sertifikacija.png\",\"contentUrl\":\"https:\\\/\\\/mainstream.eu\\\/wp-content\\\/uploads\\\/2022\\\/09\\\/aws-sertifikacija.png\",\"width\":1024,\"height\":536},{\"@type\":\"BreadcrumbList\",\"@id\":\"https:\\\/\\\/mainstream.eu\\\/sr\\\/public-cloud\\\/aws\\\/aws-za-startape\\\/#breadcrumb\",\"itemListElement\":[{\"@type\":\"ListItem\",\"position\":1,\"name\":\"Po\u010detna\",\"item\":\"https:\\\/\\\/mainstream.eu\\\/sr\\\/\"},{\"@type\":\"ListItem\",\"position\":2,\"name\":\"Cloud servisi\",\"item\":\"https:\\\/\\\/mainstream.eu\\\/sr\\\/cloud-servisi\\\/\"},{\"@type\":\"ListItem\",\"position\":3,\"name\":\"AWS za startape\"}]},{\"@type\":\"WebSite\",\"@id\":\"https:\\\/\\\/mainstream.eu\\\/sr\\\/#website\",\"url\":\"https:\\\/\\\/mainstream.eu\\\/sr\\\/\",\"name\":\"Mainstream\",\"description\":\"\",\"potentialAction\":[{\"@type\":\"SearchAction\",\"target\":{\"@type\":\"EntryPoint\",\"urlTemplate\":\"https:\\\/\\\/mainstream.eu\\\/sr\\\/?s={search_term_string}\"},\"query-input\":{\"@type\":\"PropertyValueSpecification\",\"valueRequired\":true,\"valueName\":\"search_term_string\"}}],\"inLanguage\":\"sr-RS\"}]}<\/script>\n<!-- \/ Yoast SEO plugin. -->","yoast_head_json":{"title":"AWS za startape - Mainstream","description":"Pro\u0161irite i izgradite svoj startup uz besplatne AWS kredite i tehni\u010dku podr\u0161ku, od AWS arhitekture do DevOps-a.","robots":{"index":"index","follow":"follow","max-snippet":"max-snippet:-1","max-image-preview":"max-image-preview:large","max-video-preview":"max-video-preview:-1"},"canonical":"https:\/\/mainstream.eu\/sr\/public-cloud\/aws\/aws-za-startape\/","og_locale":"sr_RS","og_type":"article","og_title":"AWS za startape - Mainstream","og_description":"Pro\u0161irite i izgradite svoj startup uz besplatne AWS kredite i tehni\u010dku podr\u0161ku, od AWS arhitekture do DevOps-a.","og_url":"https:\/\/mainstream.eu\/sr\/public-cloud\/aws\/aws-za-startape\/","og_site_name":"Mainstream","article_modified_time":"2025-12-08T15:40:12+00:00","og_image":[{"width":1024,"height":536,"url":"https:\/\/mainstream.eu\/wp-content\/uploads\/2022\/09\/aws-sertifikacija.png","type":"image\/png"}],"twitter_card":"summary_large_image","twitter_misc":{"\u041f\u0440\u043e\u0446\u0435\u045a\u0435\u043d\u043e \u0432\u0440\u0435\u043c\u0435 \u0447\u0438\u0442\u0430\u045a\u0430":"1 \u043c\u0438\u043d\u0443\u0442"},"schema":{"@context":"https:\/\/schema.org","@graph":[{"@type":"WebPage","@id":"https:\/\/mainstream.eu\/sr\/public-cloud\/aws\/aws-za-startape\/","url":"https:\/\/mainstream.eu\/sr\/public-cloud\/aws\/aws-za-startape\/","name":"AWS za startape - Mainstream","isPartOf":{"@id":"https:\/\/mainstream.eu\/sr\/#website"},"primaryImageOfPage":{"@id":"https:\/\/mainstream.eu\/sr\/public-cloud\/aws\/aws-za-startape\/#primaryimage"},"image":{"@id":"https:\/\/mainstream.eu\/sr\/public-cloud\/aws\/aws-za-startape\/#primaryimage"},"thumbnailUrl":"https:\/\/mainstream.eu\/wp-content\/uploads\/2022\/09\/aws-sertifikacija.png","datePublished":"2025-04-04T10:12:13+00:00","dateModified":"2025-12-08T15:40:12+00:00","description":"Pro\u0161irite i izgradite svoj startup uz besplatne AWS kredite i tehni\u010dku podr\u0161ku, od AWS arhitekture do DevOps-a.","breadcrumb":{"@id":"https:\/\/mainstream.eu\/sr\/public-cloud\/aws\/aws-za-startape\/#breadcrumb"},"inLanguage":"sr-RS","potentialAction":[{"@type":"ReadAction","target":["https:\/\/mainstream.eu\/sr\/public-cloud\/aws\/aws-za-startape\/"]}]},{"@type":"ImageObject","inLanguage":"sr-RS","@id":"https:\/\/mainstream.eu\/sr\/public-cloud\/aws\/aws-za-startape\/#primaryimage","url":"https:\/\/mainstream.eu\/wp-content\/uploads\/2022\/09\/aws-sertifikacija.png","contentUrl":"https:\/\/mainstream.eu\/wp-content\/uploads\/2022\/09\/aws-sertifikacija.png","width":1024,"height":536},{"@type":"BreadcrumbList","@id":"https:\/\/mainstream.eu\/sr\/public-cloud\/aws\/aws-za-startape\/#breadcrumb","itemListElement":[{"@type":"ListItem","position":1,"name":"Po\u010detna","item":"https:\/\/mainstream.eu\/sr\/"},{"@type":"ListItem","position":2,"name":"Cloud servisi","item":"https:\/\/mainstream.eu\/sr\/cloud-servisi\/"},{"@type":"ListItem","position":3,"name":"AWS za startape"}]},{"@type":"WebSite","@id":"https:\/\/mainstream.eu\/sr\/#website","url":"https:\/\/mainstream.eu\/sr\/","name":"Mainstream","description":"","potentialAction":[{"@type":"SearchAction","target":{"@type":"EntryPoint","urlTemplate":"https:\/\/mainstream.eu\/sr\/?s={search_term_string}"},"query-input":{"@type":"PropertyValueSpecification","valueRequired":true,"valueName":"search_term_string"}}],"inLanguage":"sr-RS"}]}},"_links":{"self":[{"href":"https:\/\/mainstream.eu\/sr\/wp-json\/wp\/v2\/pages\/34065","targetHints":{"allow":["GET"]}}],"collection":[{"href":"https:\/\/mainstream.eu\/sr\/wp-json\/wp\/v2\/pages"}],"about":[{"href":"https:\/\/mainstream.eu\/sr\/wp-json\/wp\/v2\/types\/page"}],"author":[{"embeddable":true,"href":"https:\/\/mainstream.eu\/sr\/wp-json\/wp\/v2\/users\/4"}],"replies":[{"embeddable":true,"href":"https:\/\/mainstream.eu\/sr\/wp-json\/wp\/v2\/comments?post=34065"}],"version-history":[{"count":0,"href":"https:\/\/mainstream.eu\/sr\/wp-json\/wp\/v2\/pages\/34065\/revisions"}],"up":[{"embeddable":true,"href":"https:\/\/mainstream.eu\/sr\/wp-json\/wp\/v2\/pages\/780"}],"wp:featuredmedia":[{"embeddable":true,"href":"https:\/\/mainstream.eu\/sr\/wp-json\/wp\/v2\/media\/11525"}],"wp:attachment":[{"href":"https:\/\/mainstream.eu\/sr\/wp-json\/wp\/v2\/media?parent=34065"}],"curies":[{"name":"wp","href":"https:\/\/api.w.org\/{rel}","templated":true}]}}