{"id":36292,"date":"2025-11-19T10:28:28","date_gmt":"2025-11-19T10:28:28","guid":{"rendered":"https:\/\/mainstream.eu\/?page_id=36292"},"modified":"2025-12-08T13:00:02","modified_gmt":"2025-12-08T13:00:02","slug":"microsoft-365","status":"publish","type":"page","link":"https:\/\/mainstream.eu\/sr\/microsoft-365\/","title":{"rendered":"MICROSOFT 365\u00a0"},"content":{"rendered":"","protected":false},"excerpt":{"rendered":"","protected":false},"author":4,"featured_media":0,"parent":0,"menu_order":0,"comment_status":"closed","ping_status":"closed","template":"page-builder.php","meta":{"_acf_changed":false,"footnotes":""},"class_list":["post-36292","page","type-page","status-publish","hentry"],"acf":[],"yoast_head":"<!-- This site is optimized with the Yoast SEO plugin v27.4 - https:\/\/yoast.com\/product\/yoast-seo-wordpress\/ -->\n<title>MICROSOFT 365\u00a0 - Mainstream<\/title>\n<meta name=\"description\" content=\"Microsoft 365 paketi poma\u017eu poslovanjima da pove\u0107aju produktivnost, bezbednost i jednostavnost rada uz podr\u0161ku pouzdanog tehnolo\u0161kog partnera.\" \/>\n<meta name=\"robots\" content=\"index, follow, max-snippet:-1, max-image-preview:large, max-video-preview:-1\" \/>\n<link rel=\"canonical\" href=\"https:\/\/mainstream.eu\/sr\/microsoft-365\/\" \/>\n<meta property=\"og:locale\" content=\"sr_RS\" \/>\n<meta property=\"og:type\" content=\"article\" \/>\n<meta property=\"og:title\" content=\"MICROSOFT 365\u00a0 - Mainstream\" \/>\n<meta property=\"og:description\" content=\"Microsoft 365 paketi poma\u017eu poslovanjima da pove\u0107aju produktivnost, bezbednost i jednostavnost rada uz podr\u0161ku pouzdanog tehnolo\u0161kog partnera.\" \/>\n<meta property=\"og:url\" content=\"https:\/\/mainstream.eu\/sr\/microsoft-365\/\" \/>\n<meta property=\"og:site_name\" content=\"Mainstream\" \/>\n<meta property=\"article:modified_time\" content=\"2025-12-08T13:00:02+00:00\" \/>\n<meta property=\"og:image\" content=\"https:\/\/mainstream.eu\/wp-content\/uploads\/2025\/11\/icons.jpg\" \/>\n\t<meta property=\"og:image:width\" content=\"1200\" \/>\n\t<meta property=\"og:image:height\" content=\"1200\" \/>\n\t<meta property=\"og:image:type\" content=\"image\/jpeg\" \/>\n<meta name=\"twitter:card\" content=\"summary_large_image\" \/>\n<script type=\"application\/ld+json\" class=\"yoast-schema-graph\">{\"@context\":\"https:\\\/\\\/schema.org\",\"@graph\":[{\"@type\":\"WebPage\",\"@id\":\"https:\\\/\\\/mainstream.eu\\\/sr\\\/microsoft-365\\\/\",\"url\":\"https:\\\/\\\/mainstream.eu\\\/sr\\\/microsoft-365\\\/\",\"name\":\"MICROSOFT 365\u00a0 - Mainstream\",\"isPartOf\":{\"@id\":\"https:\\\/\\\/mainstream.eu\\\/sr\\\/#website\"},\"datePublished\":\"2025-11-19T10:28:28+00:00\",\"dateModified\":\"2025-12-08T13:00:02+00:00\",\"description\":\"Microsoft 365 paketi poma\u017eu poslovanjima da pove\u0107aju produktivnost, bezbednost i jednostavnost rada uz podr\u0161ku pouzdanog tehnolo\u0161kog partnera.\",\"breadcrumb\":{\"@id\":\"https:\\\/\\\/mainstream.eu\\\/sr\\\/microsoft-365\\\/#breadcrumb\"},\"inLanguage\":\"sr-RS\",\"potentialAction\":[{\"@type\":\"ReadAction\",\"target\":[\"https:\\\/\\\/mainstream.eu\\\/sr\\\/microsoft-365\\\/\"]}]},{\"@type\":\"BreadcrumbList\",\"@id\":\"https:\\\/\\\/mainstream.eu\\\/sr\\\/microsoft-365\\\/#breadcrumb\",\"itemListElement\":[{\"@type\":\"ListItem\",\"position\":1,\"name\":\"Po\u010detna\",\"item\":\"https:\\\/\\\/mainstream.eu\\\/sr\\\/\"},{\"@type\":\"ListItem\",\"position\":2,\"name\":\"MICROSOFT 365\u00a0\"}]},{\"@type\":\"WebSite\",\"@id\":\"https:\\\/\\\/mainstream.eu\\\/sr\\\/#website\",\"url\":\"https:\\\/\\\/mainstream.eu\\\/sr\\\/\",\"name\":\"Mainstream\",\"description\":\"\",\"potentialAction\":[{\"@type\":\"SearchAction\",\"target\":{\"@type\":\"EntryPoint\",\"urlTemplate\":\"https:\\\/\\\/mainstream.eu\\\/sr\\\/?s={search_term_string}\"},\"query-input\":{\"@type\":\"PropertyValueSpecification\",\"valueRequired\":true,\"valueName\":\"search_term_string\"}}],\"inLanguage\":\"sr-RS\"}]}<\/script>\n<!-- \/ Yoast SEO plugin. -->","yoast_head_json":{"title":"MICROSOFT 365\u00a0 - Mainstream","description":"Microsoft 365 paketi poma\u017eu poslovanjima da pove\u0107aju produktivnost, bezbednost i jednostavnost rada uz podr\u0161ku pouzdanog tehnolo\u0161kog partnera.","robots":{"index":"index","follow":"follow","max-snippet":"max-snippet:-1","max-image-preview":"max-image-preview:large","max-video-preview":"max-video-preview:-1"},"canonical":"https:\/\/mainstream.eu\/sr\/microsoft-365\/","og_locale":"sr_RS","og_type":"article","og_title":"MICROSOFT 365\u00a0 - Mainstream","og_description":"Microsoft 365 paketi poma\u017eu poslovanjima da pove\u0107aju produktivnost, bezbednost i jednostavnost rada uz podr\u0161ku pouzdanog tehnolo\u0161kog partnera.","og_url":"https:\/\/mainstream.eu\/sr\/microsoft-365\/","og_site_name":"Mainstream","article_modified_time":"2025-12-08T13:00:02+00:00","og_image":[{"width":1200,"height":1200,"url":"https:\/\/mainstream.eu\/wp-content\/uploads\/2025\/11\/icons.jpg","type":"image\/jpeg"}],"twitter_card":"summary_large_image","schema":{"@context":"https:\/\/schema.org","@graph":[{"@type":"WebPage","@id":"https:\/\/mainstream.eu\/sr\/microsoft-365\/","url":"https:\/\/mainstream.eu\/sr\/microsoft-365\/","name":"MICROSOFT 365\u00a0 - Mainstream","isPartOf":{"@id":"https:\/\/mainstream.eu\/sr\/#website"},"datePublished":"2025-11-19T10:28:28+00:00","dateModified":"2025-12-08T13:00:02+00:00","description":"Microsoft 365 paketi poma\u017eu poslovanjima da pove\u0107aju produktivnost, bezbednost i jednostavnost rada uz podr\u0161ku pouzdanog tehnolo\u0161kog partnera.","breadcrumb":{"@id":"https:\/\/mainstream.eu\/sr\/microsoft-365\/#breadcrumb"},"inLanguage":"sr-RS","potentialAction":[{"@type":"ReadAction","target":["https:\/\/mainstream.eu\/sr\/microsoft-365\/"]}]},{"@type":"BreadcrumbList","@id":"https:\/\/mainstream.eu\/sr\/microsoft-365\/#breadcrumb","itemListElement":[{"@type":"ListItem","position":1,"name":"Po\u010detna","item":"https:\/\/mainstream.eu\/sr\/"},{"@type":"ListItem","position":2,"name":"MICROSOFT 365\u00a0"}]},{"@type":"WebSite","@id":"https:\/\/mainstream.eu\/sr\/#website","url":"https:\/\/mainstream.eu\/sr\/","name":"Mainstream","description":"","potentialAction":[{"@type":"SearchAction","target":{"@type":"EntryPoint","urlTemplate":"https:\/\/mainstream.eu\/sr\/?s={search_term_string}"},"query-input":{"@type":"PropertyValueSpecification","valueRequired":true,"valueName":"search_term_string"}}],"inLanguage":"sr-RS"}]}},"_links":{"self":[{"href":"https:\/\/mainstream.eu\/sr\/wp-json\/wp\/v2\/pages\/36292","targetHints":{"allow":["GET"]}}],"collection":[{"href":"https:\/\/mainstream.eu\/sr\/wp-json\/wp\/v2\/pages"}],"about":[{"href":"https:\/\/mainstream.eu\/sr\/wp-json\/wp\/v2\/types\/page"}],"author":[{"embeddable":true,"href":"https:\/\/mainstream.eu\/sr\/wp-json\/wp\/v2\/users\/4"}],"replies":[{"embeddable":true,"href":"https:\/\/mainstream.eu\/sr\/wp-json\/wp\/v2\/comments?post=36292"}],"version-history":[{"count":0,"href":"https:\/\/mainstream.eu\/sr\/wp-json\/wp\/v2\/pages\/36292\/revisions"}],"wp:attachment":[{"href":"https:\/\/mainstream.eu\/sr\/wp-json\/wp\/v2\/media?parent=36292"}],"curies":[{"name":"wp","href":"https:\/\/api.w.org\/{rel}","templated":true}]}}