{"id":655,"date":"2023-11-01T09:09:28","date_gmt":"2023-11-01T09:09:28","guid":{"rendered":"https:\/\/mainstream.eu\/?page_id=655"},"modified":"2024-06-20T15:12:22","modified_gmt":"2024-06-20T15:12:22","slug":"politika-kolacica","status":"publish","type":"page","link":"https:\/\/mainstream.eu\/sr\/politika-kolacica\/","title":{"rendered":"Politika kola\u010di\u0107a"},"content":{"rendered":"\n<p>Ovom politikom vas obave\u0161tavamo o upotrebi kola\u010di\u0107a na vebsajtu <a href=\"https:\/\/www.mainstream.eu\/sr\/\">www.mainstream.eu\/sr\/<\/a> .Posetom samog vebsajta u prilici ste da se slo\u017eite sa upotrebom kola\u010di\u0107a.<\/p>\n\n\n\n<p>Na\u0161a politika obja\u0161njava \u0161ta su kola\u010di\u0107i, kako ih koristimo, kako im tre\u0107a strana mo\u017ee pristupiti, kako ih mo\u017eete kontrolisati, kao i dodatne informacije o kola\u010di\u0107ima. Mainstream DOO zadr\u017eava pravo da izmeni sadr\u017eaj ove politike u skladu sa izvr\u0161enim promenama.<\/p>\n\n\n\n<p><strong>\u0160ta su kola\u010di\u0107i?<\/strong><\/p>\n\n\n\n<p>Kola\u010di\u0107i su male tekstualne datoteke koje va\u0161 pretra\u017eiva\u010d prikuplja od vebsajtova koje pose\u0107ujete. Datoteka kola\u010di\u0107a se \u010duva u va\u0161em ra\u010dunaru ili mobilnom telefonu i omogu\u0107ava da se prepoznaju i zapamte relevantne informacije.<\/p>\n\n\n\n<p>Kola\u010di\u0107i su korisni jer vam omogu\u0107uju odre\u0111ene funkcionalnosti i unapre\u0111enje korisni\u010dkog iskustva na samom vebsatju. Tako\u0111e se mogu koristiti i za prilago\u0111avanje reklama va\u0161im interesovanjima, \u0161to je bazirano na va\u0161im prethodnim pretragama.<\/p>\n\n\n\n<p>Sesijski kola\u010di\u0107i se automatski bri\u0161u kada zatvorite svoj pretra\u017eiva\u010d, dok trajni kola\u010di\u0107i ostaju na va\u0161em ure\u0111aju i nakon \u0161to zatvorite pretra\u017eiva\u010d.<\/p>\n\n\n\n<p><strong>Kako Mainstream koristi kola\u010di\u0107e?<\/strong><\/p>\n\n\n\n<p>Na\u0161 vebsajt koristi statisti\u010dke i marketin\u0161ke kola\u010di\u0107e.<br>Statisti\u010dki kola\u010di\u0107i nam poma\u017eu da razumemo kako posetioci koriste vebsajt. Sa druge strane marketin\u0161ki kola\u010di\u0107i slu\u017ee za pra\u0107enje posetilaca kroz veb stranicu. Cilj je prikazati reklame koje su relevantne za posetioca samim tim korisnije i za ogla\u0161iva\u010de.<\/p>\n\n\n\n<figure class=\"wp-block-table\"><table><tbody><tr><td><em>Naziv kola\u010di\u0107a<\/em><\/td><td><em>Izvor<\/em><\/td><td><em>Svrha<\/em><\/td><td><em>Trajanje<\/em><\/td><\/tr><tr><td>_ga<\/td><td>mainstream.eu<\/td><td>Koristi se za generisanje statisti\u010dkih podataka o tome kako posetilac koristi vebsajt.<\/td><td>2 godine<\/td><\/tr><tr><td>_gat<\/td><td>mainstream.eu<\/td><td>Kori\u0161\u0107en od strane Google Analytics. Ne \u010duva nikakve informacije o korisniku ve\u0107 slu\u017ei da se ograni\u010di broj zahteva koji treba da se izvr\u0161i na doubleclick.net<\/td><td>1 dan<\/td><\/tr><tr><td>_gid<\/td><td>mainstream.eu<\/td><td>Koristi se za generisanje statisti\u010dkih podataka o tome kako posetilac koristi vebsajt.<\/td><td>1 dan<\/td><\/tr><tr><td>r\/collect<\/td><td>doubleclick.net<\/td><td>Ovaj kola\u010di\u0107 \u0161alje informacije o ure\u0111aju i pona\u0161anju posetioca. Prati poesitoca kroz razli\u010dite ure\u0111aje kojim pristupa vebsajtu i razli\u010ditim marketin\u0161kim kanalima.<\/td><td>Sesijski<\/td><\/tr><tr><td>rc::c<\/td><td>google.com<\/td><td><\/td><td>Sesijski<\/td><\/tr><tr><td>nQ_cookieId<\/td><td>mainstream.eu<\/td><td>Identifikacija posetioca<\/td><td>&nbsp;1 godina<\/td><\/tr><tr><td>nQ_visitId<\/td><td>mainstream.eu<\/td><td>Identifikacija sesije posetioca<\/td><td>1 godina<\/td><\/tr><\/tbody><\/table><\/figure>\n\n\n\n<p><strong>Kako tre\u0107a lica koriste kola\u010di\u0107e na stranici?<\/strong><\/p>\n\n\n\n<p>Pored sopstvenih kola\u010di\u0107a, mogu se koristiti i razli\u010diti kola\u010di\u0107i tre\u0107ih strana za potrebe pra\u0107enja statistike kori\u0161\u0107enja vebsajta, za potrebe usmerenog ogla\u0161avanja i tako dalje. Ovi kola\u010di\u0107i nisu postavljeni od strane na\u0161eg servisa, ali mogu slu\u017eiti za normalno funkcionisanje vebsajta. Napominjemo da nismo odgovorni za praksu za\u0161tite privatnosti tre\u0107ih lica koji mogu biti povezani sa ovim vebsajtom.<\/p>\n\n\n\n<p><strong>Kako mogu da kontroli\u0161em kola\u010di\u0107e?<\/strong><\/p>\n\n\n\n<p>Ukoliko \u017eelite da onemogu\u0107ite kola\u010di\u0107e to mo\u017eete uraditi putem va\u0161eg web pretra\u017eiva\u010da. Pre toga treba napomenuti da vebsajt funkcioni\u0161e optimalno samo ukoliko su kola\u010di\u0107i u va\u0161em pretra\u017eiva\u010du omogu\u0107eni.<\/p>\n\n\n\n<p><a href=\"https:\/\/support.google.com\/chrome\/answer\/95647?hl=en\" target=\"_blank\" rel=\"noreferrer noopener\">Pode\u0161avanje kola\u010di\u0107a u Google Chrome-u<\/a><\/p>\n\n\n\n<p><a href=\"https:\/\/support.mozilla.org\/en-US\/kb\/cookies-information-websites-store-on-your-computer?redirectlocale=en-US&amp;redirectslug=Cookies\" target=\"_blank\" rel=\"noreferrer noopener\">Pode\u0161avanje kola\u010di\u0107a u Firefox-u<\/a><\/p>\n\n\n\n<p><a href=\"https:\/\/support.microsoft.com\/en-ca\/help\/17442\/windows-internet-explorer-delete-manage-cookies\" target=\"_blank\" rel=\"noreferrer noopener\">Pode\u0161avanje kola\u010di\u0107a u Internet Explorer-u<\/a><\/p>\n\n\n\n<p><a href=\"https:\/\/support.apple.com\/en-us\/HT201265\" target=\"_blank\" rel=\"noreferrer noopener\">Pode\u0161avanje kola\u010di\u0107a u Safari-ju<\/a><\/p>\n\n\n\n<p><a href=\"https:\/\/forums.opera.com\/topic\/27687\/how-do-i-delete-cookie-s-for-one-specific-site\" target=\"_blank\" rel=\"noreferrer noopener\">Pode\u0161avanje kola\u010di\u0107a u Opera-i<\/a><\/p>\n","protected":false},"excerpt":{"rendered":"<p>Ovom politikom vas obave\u0161tavamo o upotrebi kola\u010di\u0107a na vebsajtu www.mainstream.eu\/sr\/ .Posetom samog vebsajta u prilici ste da se slo\u017eite sa<\/p>\n","protected":false},"author":1,"featured_media":0,"parent":0,"menu_order":0,"comment_status":"closed","ping_status":"closed","template":"","meta":{"_acf_changed":false,"footnotes":""},"class_list":["post-655","page","type-page","status-publish","hentry"],"acf":[],"yoast_head":"<!-- This site is optimized with the Yoast SEO plugin v27.4 - https:\/\/yoast.com\/product\/yoast-seo-wordpress\/ -->\n<title>Politika kola\u010di\u0107a - Mainstream<\/title>\n<meta name=\"description\" content=\"Ovom politikom vas obave\u0161tavamo o upotrebi kola\u010di\u0107a na vebsajtu www.mainstream.rs. Posetom samog vebsajta u prilici ste da se slo\u017eite sa upotrebom kola\u010di\u0107a.\" \/>\n<meta name=\"robots\" content=\"index, follow, max-snippet:-1, max-image-preview:large, max-video-preview:-1\" \/>\n<link rel=\"canonical\" href=\"https:\/\/mainstream.eu\/sr\/politika-kolacica\/\" \/>\n<meta property=\"og:locale\" content=\"sr_RS\" \/>\n<meta property=\"og:type\" content=\"article\" \/>\n<meta property=\"og:title\" content=\"Politika kola\u010di\u0107a - Mainstream\" \/>\n<meta property=\"og:description\" content=\"Ovom politikom vas obave\u0161tavamo o upotrebi kola\u010di\u0107a na vebsajtu www.mainstream.rs. Posetom samog vebsajta u prilici ste da se slo\u017eite sa upotrebom kola\u010di\u0107a.\" \/>\n<meta property=\"og:url\" content=\"https:\/\/mainstream.eu\/sr\/politika-kolacica\/\" \/>\n<meta property=\"og:site_name\" content=\"Mainstream\" \/>\n<meta property=\"article:modified_time\" content=\"2024-06-20T15:12:22+00:00\" \/>\n<meta name=\"twitter:card\" content=\"summary_large_image\" \/>\n<meta name=\"twitter:label1\" content=\"\u041f\u0440\u043e\u0446\u0435\u045a\u0435\u043d\u043e \u0432\u0440\u0435\u043c\u0435 \u0447\u0438\u0442\u0430\u045a\u0430\" \/>\n\t<meta name=\"twitter:data1\" content=\"2 \u043c\u0438\u043d\u0443\u0442\u0430\" \/>\n<script type=\"application\/ld+json\" class=\"yoast-schema-graph\">{\"@context\":\"https:\\\/\\\/schema.org\",\"@graph\":[{\"@type\":\"WebPage\",\"@id\":\"https:\\\/\\\/mainstream.eu\\\/sr\\\/politika-kolacica\\\/\",\"url\":\"https:\\\/\\\/mainstream.eu\\\/sr\\\/politika-kolacica\\\/\",\"name\":\"Politika kola\u010di\u0107a - Mainstream\",\"isPartOf\":{\"@id\":\"https:\\\/\\\/mainstream.eu\\\/sr\\\/#website\"},\"datePublished\":\"2023-11-01T09:09:28+00:00\",\"dateModified\":\"2024-06-20T15:12:22+00:00\",\"description\":\"Ovom politikom vas obave\u0161tavamo o upotrebi kola\u010di\u0107a na vebsajtu www.mainstream.rs. Posetom samog vebsajta u prilici ste da se slo\u017eite sa upotrebom kola\u010di\u0107a.\",\"breadcrumb\":{\"@id\":\"https:\\\/\\\/mainstream.eu\\\/sr\\\/politika-kolacica\\\/#breadcrumb\"},\"inLanguage\":\"sr-RS\",\"potentialAction\":[{\"@type\":\"ReadAction\",\"target\":[\"https:\\\/\\\/mainstream.eu\\\/sr\\\/politika-kolacica\\\/\"]}]},{\"@type\":\"BreadcrumbList\",\"@id\":\"https:\\\/\\\/mainstream.eu\\\/sr\\\/politika-kolacica\\\/#breadcrumb\",\"itemListElement\":[{\"@type\":\"ListItem\",\"position\":1,\"name\":\"Po\u010detna\",\"item\":\"https:\\\/\\\/mainstream.eu\\\/sr\\\/\"},{\"@type\":\"ListItem\",\"position\":2,\"name\":\"Politika kola\u010di\u0107a\"}]},{\"@type\":\"WebSite\",\"@id\":\"https:\\\/\\\/mainstream.eu\\\/sr\\\/#website\",\"url\":\"https:\\\/\\\/mainstream.eu\\\/sr\\\/\",\"name\":\"Mainstream\",\"description\":\"\",\"potentialAction\":[{\"@type\":\"SearchAction\",\"target\":{\"@type\":\"EntryPoint\",\"urlTemplate\":\"https:\\\/\\\/mainstream.eu\\\/sr\\\/?s={search_term_string}\"},\"query-input\":{\"@type\":\"PropertyValueSpecification\",\"valueRequired\":true,\"valueName\":\"search_term_string\"}}],\"inLanguage\":\"sr-RS\"}]}<\/script>\n<!-- \/ Yoast SEO plugin. -->","yoast_head_json":{"title":"Politika kola\u010di\u0107a - Mainstream","description":"Ovom politikom vas obave\u0161tavamo o upotrebi kola\u010di\u0107a na vebsajtu www.mainstream.rs. Posetom samog vebsajta u prilici ste da se slo\u017eite sa upotrebom kola\u010di\u0107a.","robots":{"index":"index","follow":"follow","max-snippet":"max-snippet:-1","max-image-preview":"max-image-preview:large","max-video-preview":"max-video-preview:-1"},"canonical":"https:\/\/mainstream.eu\/sr\/politika-kolacica\/","og_locale":"sr_RS","og_type":"article","og_title":"Politika kola\u010di\u0107a - Mainstream","og_description":"Ovom politikom vas obave\u0161tavamo o upotrebi kola\u010di\u0107a na vebsajtu www.mainstream.rs. Posetom samog vebsajta u prilici ste da se slo\u017eite sa upotrebom kola\u010di\u0107a.","og_url":"https:\/\/mainstream.eu\/sr\/politika-kolacica\/","og_site_name":"Mainstream","article_modified_time":"2024-06-20T15:12:22+00:00","twitter_card":"summary_large_image","twitter_misc":{"\u041f\u0440\u043e\u0446\u0435\u045a\u0435\u043d\u043e \u0432\u0440\u0435\u043c\u0435 \u0447\u0438\u0442\u0430\u045a\u0430":"2 \u043c\u0438\u043d\u0443\u0442\u0430"},"schema":{"@context":"https:\/\/schema.org","@graph":[{"@type":"WebPage","@id":"https:\/\/mainstream.eu\/sr\/politika-kolacica\/","url":"https:\/\/mainstream.eu\/sr\/politika-kolacica\/","name":"Politika kola\u010di\u0107a - Mainstream","isPartOf":{"@id":"https:\/\/mainstream.eu\/sr\/#website"},"datePublished":"2023-11-01T09:09:28+00:00","dateModified":"2024-06-20T15:12:22+00:00","description":"Ovom politikom vas obave\u0161tavamo o upotrebi kola\u010di\u0107a na vebsajtu www.mainstream.rs. Posetom samog vebsajta u prilici ste da se slo\u017eite sa upotrebom kola\u010di\u0107a.","breadcrumb":{"@id":"https:\/\/mainstream.eu\/sr\/politika-kolacica\/#breadcrumb"},"inLanguage":"sr-RS","potentialAction":[{"@type":"ReadAction","target":["https:\/\/mainstream.eu\/sr\/politika-kolacica\/"]}]},{"@type":"BreadcrumbList","@id":"https:\/\/mainstream.eu\/sr\/politika-kolacica\/#breadcrumb","itemListElement":[{"@type":"ListItem","position":1,"name":"Po\u010detna","item":"https:\/\/mainstream.eu\/sr\/"},{"@type":"ListItem","position":2,"name":"Politika kola\u010di\u0107a"}]},{"@type":"WebSite","@id":"https:\/\/mainstream.eu\/sr\/#website","url":"https:\/\/mainstream.eu\/sr\/","name":"Mainstream","description":"","potentialAction":[{"@type":"SearchAction","target":{"@type":"EntryPoint","urlTemplate":"https:\/\/mainstream.eu\/sr\/?s={search_term_string}"},"query-input":{"@type":"PropertyValueSpecification","valueRequired":true,"valueName":"search_term_string"}}],"inLanguage":"sr-RS"}]}},"_links":{"self":[{"href":"https:\/\/mainstream.eu\/sr\/wp-json\/wp\/v2\/pages\/655","targetHints":{"allow":["GET"]}}],"collection":[{"href":"https:\/\/mainstream.eu\/sr\/wp-json\/wp\/v2\/pages"}],"about":[{"href":"https:\/\/mainstream.eu\/sr\/wp-json\/wp\/v2\/types\/page"}],"author":[{"embeddable":true,"href":"https:\/\/mainstream.eu\/sr\/wp-json\/wp\/v2\/users\/1"}],"replies":[{"embeddable":true,"href":"https:\/\/mainstream.eu\/sr\/wp-json\/wp\/v2\/comments?post=655"}],"version-history":[{"count":0,"href":"https:\/\/mainstream.eu\/sr\/wp-json\/wp\/v2\/pages\/655\/revisions"}],"wp:attachment":[{"href":"https:\/\/mainstream.eu\/sr\/wp-json\/wp\/v2\/media?parent=655"}],"curies":[{"name":"wp","href":"https:\/\/api.w.org\/{rel}","templated":true}]}}