{"id":794,"date":"2023-11-08T13:04:50","date_gmt":"2023-11-08T13:04:50","guid":{"rendered":"https:\/\/mainstream.eu\/?page_id=794"},"modified":"2025-12-25T09:59:47","modified_gmt":"2025-12-25T09:59:47","slug":"azure","status":"publish","type":"page","link":"https:\/\/mainstream.eu\/sr\/public-cloud\/azure\/","title":{"rendered":"Azure"},"content":{"rendered":"","protected":false},"excerpt":{"rendered":"","protected":false},"author":1,"featured_media":20675,"parent":1245,"menu_order":0,"comment_status":"closed","ping_status":"closed","template":"page-builder.php","meta":{"_acf_changed":false,"footnotes":""},"class_list":["post-794","page","type-page","status-publish","has-post-thumbnail","hentry"],"acf":[],"yoast_head":"<!-- This site is optimized with the Yoast SEO plugin v27.4 - https:\/\/yoast.com\/product\/yoast-seo-wordpress\/ -->\n<title>Microsoft Azure - Mainstream<\/title>\n<meta name=\"description\" content=\"Makslimalno iskoristite mogu\u0107nosti vode\u0107e Azure cloud platforme uz pouzdanog Microsoft Azure partnera. Kompletna podr\u0161ka za migraciju i 24\/7 cloud menad\u017ement.\" \/>\n<meta name=\"robots\" content=\"index, follow, max-snippet:-1, max-image-preview:large, max-video-preview:-1\" \/>\n<link rel=\"canonical\" href=\"https:\/\/mainstream.eu\/sr\/public-cloud\/azure\/\" \/>\n<meta property=\"og:locale\" content=\"sr_RS\" \/>\n<meta property=\"og:type\" content=\"article\" \/>\n<meta property=\"og:title\" content=\"Microsoft Azure - Mainstream\" \/>\n<meta property=\"og:description\" content=\"Makslimalno iskoristite mogu\u0107nosti vode\u0107e Azure cloud platforme uz pouzdanog Microsoft Azure partnera. Kompletna podr\u0161ka za migraciju i 24\/7 cloud menad\u017ement.\" \/>\n<meta property=\"og:url\" content=\"https:\/\/mainstream.eu\/sr\/public-cloud\/azure\/\" \/>\n<meta property=\"og:site_name\" content=\"Mainstream\" \/>\n<meta property=\"article:modified_time\" content=\"2025-12-25T09:59:47+00:00\" \/>\n<meta property=\"og:image\" content=\"https:\/\/mainstream.eu\/wp-content\/uploads\/2024\/02\/azure-hero.jpg\" \/>\n\t<meta property=\"og:image:width\" content=\"1920\" \/>\n\t<meta property=\"og:image:height\" content=\"500\" \/>\n\t<meta property=\"og:image:type\" content=\"image\/jpeg\" \/>\n<meta name=\"twitter:card\" content=\"summary_large_image\" \/>\n<script type=\"application\/ld+json\" class=\"yoast-schema-graph\">{\"@context\":\"https:\\\/\\\/schema.org\",\"@graph\":[{\"@type\":\"WebPage\",\"@id\":\"https:\\\/\\\/mainstream.eu\\\/sr\\\/public-cloud\\\/azure\\\/\",\"url\":\"https:\\\/\\\/mainstream.eu\\\/sr\\\/public-cloud\\\/azure\\\/\",\"name\":\"Microsoft Azure - Mainstream\",\"isPartOf\":{\"@id\":\"https:\\\/\\\/mainstream.eu\\\/sr\\\/#website\"},\"primaryImageOfPage\":{\"@id\":\"https:\\\/\\\/mainstream.eu\\\/sr\\\/public-cloud\\\/azure\\\/#primaryimage\"},\"image\":{\"@id\":\"https:\\\/\\\/mainstream.eu\\\/sr\\\/public-cloud\\\/azure\\\/#primaryimage\"},\"thumbnailUrl\":\"https:\\\/\\\/mainstream.eu\\\/wp-content\\\/uploads\\\/2024\\\/02\\\/azure-hero.jpg\",\"datePublished\":\"2023-11-08T13:04:50+00:00\",\"dateModified\":\"2025-12-25T09:59:47+00:00\",\"description\":\"Makslimalno iskoristite mogu\u0107nosti vode\u0107e Azure cloud platforme uz pouzdanog Microsoft Azure partnera. Kompletna podr\u0161ka za migraciju i 24\\\/7 cloud menad\u017ement.\",\"breadcrumb\":{\"@id\":\"https:\\\/\\\/mainstream.eu\\\/sr\\\/public-cloud\\\/azure\\\/#breadcrumb\"},\"inLanguage\":\"sr-RS\",\"potentialAction\":[{\"@type\":\"ReadAction\",\"target\":[\"https:\\\/\\\/mainstream.eu\\\/sr\\\/public-cloud\\\/azure\\\/\"]}]},{\"@type\":\"ImageObject\",\"inLanguage\":\"sr-RS\",\"@id\":\"https:\\\/\\\/mainstream.eu\\\/sr\\\/public-cloud\\\/azure\\\/#primaryimage\",\"url\":\"https:\\\/\\\/mainstream.eu\\\/wp-content\\\/uploads\\\/2024\\\/02\\\/azure-hero.jpg\",\"contentUrl\":\"https:\\\/\\\/mainstream.eu\\\/wp-content\\\/uploads\\\/2024\\\/02\\\/azure-hero.jpg\",\"width\":1920,\"height\":500,\"caption\":\"azure\"},{\"@type\":\"BreadcrumbList\",\"@id\":\"https:\\\/\\\/mainstream.eu\\\/sr\\\/public-cloud\\\/azure\\\/#breadcrumb\",\"itemListElement\":[{\"@type\":\"ListItem\",\"position\":1,\"name\":\"Po\u010detna\",\"item\":\"https:\\\/\\\/mainstream.eu\\\/sr\\\/\"},{\"@type\":\"ListItem\",\"position\":2,\"name\":\"Public Cloud\",\"item\":\"https:\\\/\\\/mainstream.eu\\\/sr\\\/public-cloud\\\/\"},{\"@type\":\"ListItem\",\"position\":3,\"name\":\"Azure\"}]},{\"@type\":\"WebSite\",\"@id\":\"https:\\\/\\\/mainstream.eu\\\/sr\\\/#website\",\"url\":\"https:\\\/\\\/mainstream.eu\\\/sr\\\/\",\"name\":\"Mainstream\",\"description\":\"\",\"potentialAction\":[{\"@type\":\"SearchAction\",\"target\":{\"@type\":\"EntryPoint\",\"urlTemplate\":\"https:\\\/\\\/mainstream.eu\\\/sr\\\/?s={search_term_string}\"},\"query-input\":{\"@type\":\"PropertyValueSpecification\",\"valueRequired\":true,\"valueName\":\"search_term_string\"}}],\"inLanguage\":\"sr-RS\"}]}<\/script>\n<!-- \/ Yoast SEO plugin. -->","yoast_head_json":{"title":"Microsoft Azure - Mainstream","description":"Makslimalno iskoristite mogu\u0107nosti vode\u0107e Azure cloud platforme uz pouzdanog Microsoft Azure partnera. Kompletna podr\u0161ka za migraciju i 24\/7 cloud menad\u017ement.","robots":{"index":"index","follow":"follow","max-snippet":"max-snippet:-1","max-image-preview":"max-image-preview:large","max-video-preview":"max-video-preview:-1"},"canonical":"https:\/\/mainstream.eu\/sr\/public-cloud\/azure\/","og_locale":"sr_RS","og_type":"article","og_title":"Microsoft Azure - Mainstream","og_description":"Makslimalno iskoristite mogu\u0107nosti vode\u0107e Azure cloud platforme uz pouzdanog Microsoft Azure partnera. Kompletna podr\u0161ka za migraciju i 24\/7 cloud menad\u017ement.","og_url":"https:\/\/mainstream.eu\/sr\/public-cloud\/azure\/","og_site_name":"Mainstream","article_modified_time":"2025-12-25T09:59:47+00:00","og_image":[{"width":1920,"height":500,"url":"https:\/\/mainstream.eu\/wp-content\/uploads\/2024\/02\/azure-hero.jpg","type":"image\/jpeg"}],"twitter_card":"summary_large_image","schema":{"@context":"https:\/\/schema.org","@graph":[{"@type":"WebPage","@id":"https:\/\/mainstream.eu\/sr\/public-cloud\/azure\/","url":"https:\/\/mainstream.eu\/sr\/public-cloud\/azure\/","name":"Microsoft Azure - Mainstream","isPartOf":{"@id":"https:\/\/mainstream.eu\/sr\/#website"},"primaryImageOfPage":{"@id":"https:\/\/mainstream.eu\/sr\/public-cloud\/azure\/#primaryimage"},"image":{"@id":"https:\/\/mainstream.eu\/sr\/public-cloud\/azure\/#primaryimage"},"thumbnailUrl":"https:\/\/mainstream.eu\/wp-content\/uploads\/2024\/02\/azure-hero.jpg","datePublished":"2023-11-08T13:04:50+00:00","dateModified":"2025-12-25T09:59:47+00:00","description":"Makslimalno iskoristite mogu\u0107nosti vode\u0107e Azure cloud platforme uz pouzdanog Microsoft Azure partnera. Kompletna podr\u0161ka za migraciju i 24\/7 cloud menad\u017ement.","breadcrumb":{"@id":"https:\/\/mainstream.eu\/sr\/public-cloud\/azure\/#breadcrumb"},"inLanguage":"sr-RS","potentialAction":[{"@type":"ReadAction","target":["https:\/\/mainstream.eu\/sr\/public-cloud\/azure\/"]}]},{"@type":"ImageObject","inLanguage":"sr-RS","@id":"https:\/\/mainstream.eu\/sr\/public-cloud\/azure\/#primaryimage","url":"https:\/\/mainstream.eu\/wp-content\/uploads\/2024\/02\/azure-hero.jpg","contentUrl":"https:\/\/mainstream.eu\/wp-content\/uploads\/2024\/02\/azure-hero.jpg","width":1920,"height":500,"caption":"azure"},{"@type":"BreadcrumbList","@id":"https:\/\/mainstream.eu\/sr\/public-cloud\/azure\/#breadcrumb","itemListElement":[{"@type":"ListItem","position":1,"name":"Po\u010detna","item":"https:\/\/mainstream.eu\/sr\/"},{"@type":"ListItem","position":2,"name":"Public Cloud","item":"https:\/\/mainstream.eu\/sr\/public-cloud\/"},{"@type":"ListItem","position":3,"name":"Azure"}]},{"@type":"WebSite","@id":"https:\/\/mainstream.eu\/sr\/#website","url":"https:\/\/mainstream.eu\/sr\/","name":"Mainstream","description":"","potentialAction":[{"@type":"SearchAction","target":{"@type":"EntryPoint","urlTemplate":"https:\/\/mainstream.eu\/sr\/?s={search_term_string}"},"query-input":{"@type":"PropertyValueSpecification","valueRequired":true,"valueName":"search_term_string"}}],"inLanguage":"sr-RS"}]}},"_links":{"self":[{"href":"https:\/\/mainstream.eu\/sr\/wp-json\/wp\/v2\/pages\/794","targetHints":{"allow":["GET"]}}],"collection":[{"href":"https:\/\/mainstream.eu\/sr\/wp-json\/wp\/v2\/pages"}],"about":[{"href":"https:\/\/mainstream.eu\/sr\/wp-json\/wp\/v2\/types\/page"}],"author":[{"embeddable":true,"href":"https:\/\/mainstream.eu\/sr\/wp-json\/wp\/v2\/users\/1"}],"replies":[{"embeddable":true,"href":"https:\/\/mainstream.eu\/sr\/wp-json\/wp\/v2\/comments?post=794"}],"version-history":[{"count":0,"href":"https:\/\/mainstream.eu\/sr\/wp-json\/wp\/v2\/pages\/794\/revisions"}],"up":[{"embeddable":true,"href":"https:\/\/mainstream.eu\/sr\/wp-json\/wp\/v2\/pages\/1245"}],"wp:featuredmedia":[{"embeddable":true,"href":"https:\/\/mainstream.eu\/sr\/wp-json\/wp\/v2\/media\/20675"}],"wp:attachment":[{"href":"https:\/\/mainstream.eu\/sr\/wp-json\/wp\/v2\/media?parent=794"}],"curies":[{"name":"wp","href":"https:\/\/api.w.org\/{rel}","templated":true}]}}