{"id":816,"date":"2023-11-08T13:14:23","date_gmt":"2023-11-08T13:14:23","guid":{"rendered":"https:\/\/mainstream.eu\/?page_id=816"},"modified":"2025-12-25T09:52:54","modified_gmt":"2025-12-25T09:52:54","slug":"managed-hosting","status":"publish","type":"page","link":"https:\/\/mainstream.eu\/sr\/cloud-servisi\/managed-hosting\/","title":{"rendered":"Managed hosting"},"content":{"rendered":"","protected":false},"excerpt":{"rendered":"","protected":false},"author":1,"featured_media":20708,"parent":780,"menu_order":0,"comment_status":"closed","ping_status":"closed","template":"page-builder.php","meta":{"_acf_changed":false,"footnotes":""},"class_list":["post-816","page","type-page","status-publish","has-post-thumbnail","hentry"],"acf":[],"yoast_head":"<!-- This site is optimized with the Yoast SEO plugin v27.3 - https:\/\/yoast.com\/product\/yoast-seo-wordpress\/ -->\n<title>Managed hosting - Mainstream<\/title>\n<meta name=\"description\" content=\"Besprekoran rad veb aplikacija uz managed hosting. Pru\u017eamo single-tenant re\u0161enja za mission-critical aplikacije, visoku dostupnost, bezbednost i stru\u010dnu podr\u0161ku.\" \/>\n<meta name=\"robots\" content=\"index, follow, max-snippet:-1, max-image-preview:large, max-video-preview:-1\" \/>\n<link rel=\"canonical\" href=\"https:\/\/mainstream.eu\/sr\/cloud-servisi\/managed-hosting\/\" \/>\n<meta property=\"og:locale\" content=\"sr_RS\" \/>\n<meta property=\"og:type\" content=\"article\" \/>\n<meta property=\"og:title\" content=\"Managed hosting - Mainstream\" \/>\n<meta property=\"og:description\" content=\"Besprekoran rad veb aplikacija uz managed hosting. Pru\u017eamo single-tenant re\u0161enja za mission-critical aplikacije, visoku dostupnost, bezbednost i stru\u010dnu podr\u0161ku.\" \/>\n<meta property=\"og:url\" content=\"https:\/\/mainstream.eu\/sr\/cloud-servisi\/managed-hosting\/\" \/>\n<meta property=\"og:site_name\" content=\"Mainstream\" \/>\n<meta property=\"article:modified_time\" content=\"2025-12-25T09:52:54+00:00\" \/>\n<meta property=\"og:image\" content=\"https:\/\/mainstream.eu\/wp-content\/uploads\/2024\/02\/managed-hosting-hero.jpg\" \/>\n\t<meta property=\"og:image:width\" content=\"1920\" \/>\n\t<meta property=\"og:image:height\" content=\"500\" \/>\n\t<meta property=\"og:image:type\" content=\"image\/jpeg\" \/>\n<meta name=\"twitter:card\" content=\"summary_large_image\" \/>\n<meta name=\"twitter:label1\" content=\"\u041f\u0440\u043e\u0446\u0435\u045a\u0435\u043d\u043e \u0432\u0440\u0435\u043c\u0435 \u0447\u0438\u0442\u0430\u045a\u0430\" \/>\n\t<meta name=\"twitter:data1\" content=\"1 \u043c\u0438\u043d\u0443\u0442\" \/>\n<script type=\"application\/ld+json\" class=\"yoast-schema-graph\">{\"@context\":\"https:\\\/\\\/schema.org\",\"@graph\":[{\"@type\":\"WebPage\",\"@id\":\"https:\\\/\\\/mainstream.eu\\\/sr\\\/cloud-servisi\\\/managed-hosting\\\/\",\"url\":\"https:\\\/\\\/mainstream.eu\\\/sr\\\/cloud-servisi\\\/managed-hosting\\\/\",\"name\":\"Managed hosting - Mainstream\",\"isPartOf\":{\"@id\":\"https:\\\/\\\/mainstream.eu\\\/sr\\\/#website\"},\"primaryImageOfPage\":{\"@id\":\"https:\\\/\\\/mainstream.eu\\\/sr\\\/cloud-servisi\\\/managed-hosting\\\/#primaryimage\"},\"image\":{\"@id\":\"https:\\\/\\\/mainstream.eu\\\/sr\\\/cloud-servisi\\\/managed-hosting\\\/#primaryimage\"},\"thumbnailUrl\":\"https:\\\/\\\/mainstream.eu\\\/wp-content\\\/uploads\\\/2024\\\/02\\\/managed-hosting-hero.jpg\",\"datePublished\":\"2023-11-08T13:14:23+00:00\",\"dateModified\":\"2025-12-25T09:52:54+00:00\",\"description\":\"Besprekoran rad veb aplikacija uz managed hosting. Pru\u017eamo single-tenant re\u0161enja za mission-critical aplikacije, visoku dostupnost, bezbednost i stru\u010dnu podr\u0161ku.\",\"breadcrumb\":{\"@id\":\"https:\\\/\\\/mainstream.eu\\\/sr\\\/cloud-servisi\\\/managed-hosting\\\/#breadcrumb\"},\"inLanguage\":\"sr-RS\",\"potentialAction\":[{\"@type\":\"ReadAction\",\"target\":[\"https:\\\/\\\/mainstream.eu\\\/sr\\\/cloud-servisi\\\/managed-hosting\\\/\"]}]},{\"@type\":\"ImageObject\",\"inLanguage\":\"sr-RS\",\"@id\":\"https:\\\/\\\/mainstream.eu\\\/sr\\\/cloud-servisi\\\/managed-hosting\\\/#primaryimage\",\"url\":\"https:\\\/\\\/mainstream.eu\\\/wp-content\\\/uploads\\\/2024\\\/02\\\/managed-hosting-hero.jpg\",\"contentUrl\":\"https:\\\/\\\/mainstream.eu\\\/wp-content\\\/uploads\\\/2024\\\/02\\\/managed-hosting-hero.jpg\",\"width\":1920,\"height\":500},{\"@type\":\"BreadcrumbList\",\"@id\":\"https:\\\/\\\/mainstream.eu\\\/sr\\\/cloud-servisi\\\/managed-hosting\\\/#breadcrumb\",\"itemListElement\":[{\"@type\":\"ListItem\",\"position\":1,\"name\":\"Po\u010detna\",\"item\":\"https:\\\/\\\/mainstream.eu\\\/sr\\\/\"},{\"@type\":\"ListItem\",\"position\":2,\"name\":\"Cloud servisi\",\"item\":\"https:\\\/\\\/mainstream.eu\\\/sr\\\/cloud-servisi\\\/\"},{\"@type\":\"ListItem\",\"position\":3,\"name\":\"Managed hosting\"}]},{\"@type\":\"WebSite\",\"@id\":\"https:\\\/\\\/mainstream.eu\\\/sr\\\/#website\",\"url\":\"https:\\\/\\\/mainstream.eu\\\/sr\\\/\",\"name\":\"Mainstream\",\"description\":\"\",\"potentialAction\":[{\"@type\":\"SearchAction\",\"target\":{\"@type\":\"EntryPoint\",\"urlTemplate\":\"https:\\\/\\\/mainstream.eu\\\/sr\\\/?s={search_term_string}\"},\"query-input\":{\"@type\":\"PropertyValueSpecification\",\"valueRequired\":true,\"valueName\":\"search_term_string\"}}],\"inLanguage\":\"sr-RS\"}]}<\/script>\n<!-- \/ Yoast SEO plugin. -->","yoast_head_json":{"title":"Managed hosting - Mainstream","description":"Besprekoran rad veb aplikacija uz managed hosting. Pru\u017eamo single-tenant re\u0161enja za mission-critical aplikacije, visoku dostupnost, bezbednost i stru\u010dnu podr\u0161ku.","robots":{"index":"index","follow":"follow","max-snippet":"max-snippet:-1","max-image-preview":"max-image-preview:large","max-video-preview":"max-video-preview:-1"},"canonical":"https:\/\/mainstream.eu\/sr\/cloud-servisi\/managed-hosting\/","og_locale":"sr_RS","og_type":"article","og_title":"Managed hosting - Mainstream","og_description":"Besprekoran rad veb aplikacija uz managed hosting. Pru\u017eamo single-tenant re\u0161enja za mission-critical aplikacije, visoku dostupnost, bezbednost i stru\u010dnu podr\u0161ku.","og_url":"https:\/\/mainstream.eu\/sr\/cloud-servisi\/managed-hosting\/","og_site_name":"Mainstream","article_modified_time":"2025-12-25T09:52:54+00:00","og_image":[{"width":1920,"height":500,"url":"https:\/\/mainstream.eu\/wp-content\/uploads\/2024\/02\/managed-hosting-hero.jpg","type":"image\/jpeg"}],"twitter_card":"summary_large_image","twitter_misc":{"\u041f\u0440\u043e\u0446\u0435\u045a\u0435\u043d\u043e \u0432\u0440\u0435\u043c\u0435 \u0447\u0438\u0442\u0430\u045a\u0430":"1 \u043c\u0438\u043d\u0443\u0442"},"schema":{"@context":"https:\/\/schema.org","@graph":[{"@type":"WebPage","@id":"https:\/\/mainstream.eu\/sr\/cloud-servisi\/managed-hosting\/","url":"https:\/\/mainstream.eu\/sr\/cloud-servisi\/managed-hosting\/","name":"Managed hosting - Mainstream","isPartOf":{"@id":"https:\/\/mainstream.eu\/sr\/#website"},"primaryImageOfPage":{"@id":"https:\/\/mainstream.eu\/sr\/cloud-servisi\/managed-hosting\/#primaryimage"},"image":{"@id":"https:\/\/mainstream.eu\/sr\/cloud-servisi\/managed-hosting\/#primaryimage"},"thumbnailUrl":"https:\/\/mainstream.eu\/wp-content\/uploads\/2024\/02\/managed-hosting-hero.jpg","datePublished":"2023-11-08T13:14:23+00:00","dateModified":"2025-12-25T09:52:54+00:00","description":"Besprekoran rad veb aplikacija uz managed hosting. Pru\u017eamo single-tenant re\u0161enja za mission-critical aplikacije, visoku dostupnost, bezbednost i stru\u010dnu podr\u0161ku.","breadcrumb":{"@id":"https:\/\/mainstream.eu\/sr\/cloud-servisi\/managed-hosting\/#breadcrumb"},"inLanguage":"sr-RS","potentialAction":[{"@type":"ReadAction","target":["https:\/\/mainstream.eu\/sr\/cloud-servisi\/managed-hosting\/"]}]},{"@type":"ImageObject","inLanguage":"sr-RS","@id":"https:\/\/mainstream.eu\/sr\/cloud-servisi\/managed-hosting\/#primaryimage","url":"https:\/\/mainstream.eu\/wp-content\/uploads\/2024\/02\/managed-hosting-hero.jpg","contentUrl":"https:\/\/mainstream.eu\/wp-content\/uploads\/2024\/02\/managed-hosting-hero.jpg","width":1920,"height":500},{"@type":"BreadcrumbList","@id":"https:\/\/mainstream.eu\/sr\/cloud-servisi\/managed-hosting\/#breadcrumb","itemListElement":[{"@type":"ListItem","position":1,"name":"Po\u010detna","item":"https:\/\/mainstream.eu\/sr\/"},{"@type":"ListItem","position":2,"name":"Cloud servisi","item":"https:\/\/mainstream.eu\/sr\/cloud-servisi\/"},{"@type":"ListItem","position":3,"name":"Managed hosting"}]},{"@type":"WebSite","@id":"https:\/\/mainstream.eu\/sr\/#website","url":"https:\/\/mainstream.eu\/sr\/","name":"Mainstream","description":"","potentialAction":[{"@type":"SearchAction","target":{"@type":"EntryPoint","urlTemplate":"https:\/\/mainstream.eu\/sr\/?s={search_term_string}"},"query-input":{"@type":"PropertyValueSpecification","valueRequired":true,"valueName":"search_term_string"}}],"inLanguage":"sr-RS"}]}},"_links":{"self":[{"href":"https:\/\/mainstream.eu\/sr\/wp-json\/wp\/v2\/pages\/816","targetHints":{"allow":["GET"]}}],"collection":[{"href":"https:\/\/mainstream.eu\/sr\/wp-json\/wp\/v2\/pages"}],"about":[{"href":"https:\/\/mainstream.eu\/sr\/wp-json\/wp\/v2\/types\/page"}],"author":[{"embeddable":true,"href":"https:\/\/mainstream.eu\/sr\/wp-json\/wp\/v2\/users\/1"}],"replies":[{"embeddable":true,"href":"https:\/\/mainstream.eu\/sr\/wp-json\/wp\/v2\/comments?post=816"}],"version-history":[{"count":0,"href":"https:\/\/mainstream.eu\/sr\/wp-json\/wp\/v2\/pages\/816\/revisions"}],"up":[{"embeddable":true,"href":"https:\/\/mainstream.eu\/sr\/wp-json\/wp\/v2\/pages\/780"}],"wp:featuredmedia":[{"embeddable":true,"href":"https:\/\/mainstream.eu\/sr\/wp-json\/wp\/v2\/media\/20708"}],"wp:attachment":[{"href":"https:\/\/mainstream.eu\/sr\/wp-json\/wp\/v2\/media?parent=816"}],"curies":[{"name":"wp","href":"https:\/\/api.w.org\/{rel}","templated":true}]}}