{"id":878,"date":"2023-11-08T13:35:13","date_gmt":"2023-11-08T13:35:13","guid":{"rendered":"https:\/\/mainstream.eu\/?page_id=878"},"modified":"2025-12-17T13:15:06","modified_gmt":"2025-12-17T13:15:06","slug":"kontaktirajte-nas","status":"publish","type":"page","link":"https:\/\/mainstream.eu\/sr\/kontaktirajte-nas\/","title":{"rendered":"Kontaktirajte nas"},"content":{"rendered":"","protected":false},"excerpt":{"rendered":"","protected":false},"author":1,"featured_media":24183,"parent":0,"menu_order":0,"comment_status":"closed","ping_status":"closed","template":"contact.php","meta":{"_acf_changed":false,"footnotes":""},"class_list":["post-878","page","type-page","status-publish","has-post-thumbnail","hentry"],"acf":[],"yoast_head":"<!-- This site is optimized with the Yoast SEO plugin v27.3 - https:\/\/yoast.com\/product\/yoast-seo-wordpress\/ -->\n<title>Kontaktirajte nas | Mainstream<\/title>\n<meta name=\"description\" content=\"Tu smo da odgovorimo na sva va\u0161a pitanja, pru\u017eimo savet i konsultaciju. Pove\u017eite se sa Mainstream ekspertom ve\u0107 danas.\" \/>\n<meta name=\"robots\" content=\"index, follow, max-snippet:-1, max-image-preview:large, max-video-preview:-1\" \/>\n<link rel=\"canonical\" href=\"https:\/\/mainstream.eu\/sr\/kontaktirajte-nas\/\" \/>\n<meta property=\"og:locale\" content=\"sr_RS\" \/>\n<meta property=\"og:type\" content=\"article\" \/>\n<meta property=\"og:title\" content=\"Kontaktirajte nas | Mainstream\" \/>\n<meta property=\"og:description\" content=\"Tu smo da odgovorimo na sva va\u0161a pitanja, pru\u017eimo savet i konsultaciju. Pove\u017eite se sa Mainstream ekspertom ve\u0107 danas.\" \/>\n<meta property=\"og:url\" content=\"https:\/\/mainstream.eu\/sr\/kontaktirajte-nas\/\" \/>\n<meta property=\"og:site_name\" content=\"Mainstream\" \/>\n<meta property=\"article:modified_time\" content=\"2025-12-17T13:15:06+00:00\" \/>\n<meta name=\"twitter:card\" content=\"summary_large_image\" \/>\n<meta name=\"twitter:label1\" content=\"\u041f\u0440\u043e\u0446\u0435\u045a\u0435\u043d\u043e \u0432\u0440\u0435\u043c\u0435 \u0447\u0438\u0442\u0430\u045a\u0430\" \/>\n\t<meta name=\"twitter:data1\" content=\"1 \u043c\u0438\u043d\u0443\u0442\" \/>\n<script type=\"application\/ld+json\" class=\"yoast-schema-graph\">{\"@context\":\"https:\\\/\\\/schema.org\",\"@graph\":[{\"@type\":\"WebPage\",\"@id\":\"https:\\\/\\\/mainstream.eu\\\/sr\\\/kontaktirajte-nas\\\/\",\"url\":\"https:\\\/\\\/mainstream.eu\\\/sr\\\/kontaktirajte-nas\\\/\",\"name\":\"Kontaktirajte nas | Mainstream\",\"isPartOf\":{\"@id\":\"https:\\\/\\\/mainstream.eu\\\/sr\\\/#website\"},\"primaryImageOfPage\":{\"@id\":\"https:\\\/\\\/mainstream.eu\\\/sr\\\/kontaktirajte-nas\\\/#primaryimage\"},\"image\":{\"@id\":\"https:\\\/\\\/mainstream.eu\\\/sr\\\/kontaktirajte-nas\\\/#primaryimage\"},\"thumbnailUrl\":\"https:\\\/\\\/mainstream.eu\\\/wp-content\\\/uploads\\\/2024\\\/03\\\/contact-dark-1.svg\",\"datePublished\":\"2023-11-08T13:35:13+00:00\",\"dateModified\":\"2025-12-17T13:15:06+00:00\",\"description\":\"Tu smo da odgovorimo na sva va\u0161a pitanja, pru\u017eimo savet i konsultaciju. Pove\u017eite se sa Mainstream ekspertom ve\u0107 danas.\",\"breadcrumb\":{\"@id\":\"https:\\\/\\\/mainstream.eu\\\/sr\\\/kontaktirajte-nas\\\/#breadcrumb\"},\"inLanguage\":\"sr-RS\",\"potentialAction\":[{\"@type\":\"ReadAction\",\"target\":[\"https:\\\/\\\/mainstream.eu\\\/sr\\\/kontaktirajte-nas\\\/\"]}]},{\"@type\":\"ImageObject\",\"inLanguage\":\"sr-RS\",\"@id\":\"https:\\\/\\\/mainstream.eu\\\/sr\\\/kontaktirajte-nas\\\/#primaryimage\",\"url\":\"https:\\\/\\\/mainstream.eu\\\/wp-content\\\/uploads\\\/2024\\\/03\\\/contact-dark-1.svg\",\"contentUrl\":\"https:\\\/\\\/mainstream.eu\\\/wp-content\\\/uploads\\\/2024\\\/03\\\/contact-dark-1.svg\",\"caption\":\"mainstream kontakt\"},{\"@type\":\"BreadcrumbList\",\"@id\":\"https:\\\/\\\/mainstream.eu\\\/sr\\\/kontaktirajte-nas\\\/#breadcrumb\",\"itemListElement\":[{\"@type\":\"ListItem\",\"position\":1,\"name\":\"Po\u010detna\",\"item\":\"https:\\\/\\\/mainstream.eu\\\/sr\\\/\"},{\"@type\":\"ListItem\",\"position\":2,\"name\":\"Kontaktirajte nas\"}]},{\"@type\":\"WebSite\",\"@id\":\"https:\\\/\\\/mainstream.eu\\\/sr\\\/#website\",\"url\":\"https:\\\/\\\/mainstream.eu\\\/sr\\\/\",\"name\":\"Mainstream\",\"description\":\"\",\"potentialAction\":[{\"@type\":\"SearchAction\",\"target\":{\"@type\":\"EntryPoint\",\"urlTemplate\":\"https:\\\/\\\/mainstream.eu\\\/sr\\\/?s={search_term_string}\"},\"query-input\":{\"@type\":\"PropertyValueSpecification\",\"valueRequired\":true,\"valueName\":\"search_term_string\"}}],\"inLanguage\":\"sr-RS\"}]}<\/script>\n<!-- \/ Yoast SEO plugin. -->","yoast_head_json":{"title":"Kontaktirajte nas | Mainstream","description":"Tu smo da odgovorimo na sva va\u0161a pitanja, pru\u017eimo savet i konsultaciju. Pove\u017eite se sa Mainstream ekspertom ve\u0107 danas.","robots":{"index":"index","follow":"follow","max-snippet":"max-snippet:-1","max-image-preview":"max-image-preview:large","max-video-preview":"max-video-preview:-1"},"canonical":"https:\/\/mainstream.eu\/sr\/kontaktirajte-nas\/","og_locale":"sr_RS","og_type":"article","og_title":"Kontaktirajte nas | Mainstream","og_description":"Tu smo da odgovorimo na sva va\u0161a pitanja, pru\u017eimo savet i konsultaciju. Pove\u017eite se sa Mainstream ekspertom ve\u0107 danas.","og_url":"https:\/\/mainstream.eu\/sr\/kontaktirajte-nas\/","og_site_name":"Mainstream","article_modified_time":"2025-12-17T13:15:06+00:00","twitter_card":"summary_large_image","twitter_misc":{"\u041f\u0440\u043e\u0446\u0435\u045a\u0435\u043d\u043e \u0432\u0440\u0435\u043c\u0435 \u0447\u0438\u0442\u0430\u045a\u0430":"1 \u043c\u0438\u043d\u0443\u0442"},"schema":{"@context":"https:\/\/schema.org","@graph":[{"@type":"WebPage","@id":"https:\/\/mainstream.eu\/sr\/kontaktirajte-nas\/","url":"https:\/\/mainstream.eu\/sr\/kontaktirajte-nas\/","name":"Kontaktirajte nas | Mainstream","isPartOf":{"@id":"https:\/\/mainstream.eu\/sr\/#website"},"primaryImageOfPage":{"@id":"https:\/\/mainstream.eu\/sr\/kontaktirajte-nas\/#primaryimage"},"image":{"@id":"https:\/\/mainstream.eu\/sr\/kontaktirajte-nas\/#primaryimage"},"thumbnailUrl":"https:\/\/mainstream.eu\/wp-content\/uploads\/2024\/03\/contact-dark-1.svg","datePublished":"2023-11-08T13:35:13+00:00","dateModified":"2025-12-17T13:15:06+00:00","description":"Tu smo da odgovorimo na sva va\u0161a pitanja, pru\u017eimo savet i konsultaciju. Pove\u017eite se sa Mainstream ekspertom ve\u0107 danas.","breadcrumb":{"@id":"https:\/\/mainstream.eu\/sr\/kontaktirajte-nas\/#breadcrumb"},"inLanguage":"sr-RS","potentialAction":[{"@type":"ReadAction","target":["https:\/\/mainstream.eu\/sr\/kontaktirajte-nas\/"]}]},{"@type":"ImageObject","inLanguage":"sr-RS","@id":"https:\/\/mainstream.eu\/sr\/kontaktirajte-nas\/#primaryimage","url":"https:\/\/mainstream.eu\/wp-content\/uploads\/2024\/03\/contact-dark-1.svg","contentUrl":"https:\/\/mainstream.eu\/wp-content\/uploads\/2024\/03\/contact-dark-1.svg","caption":"mainstream kontakt"},{"@type":"BreadcrumbList","@id":"https:\/\/mainstream.eu\/sr\/kontaktirajte-nas\/#breadcrumb","itemListElement":[{"@type":"ListItem","position":1,"name":"Po\u010detna","item":"https:\/\/mainstream.eu\/sr\/"},{"@type":"ListItem","position":2,"name":"Kontaktirajte nas"}]},{"@type":"WebSite","@id":"https:\/\/mainstream.eu\/sr\/#website","url":"https:\/\/mainstream.eu\/sr\/","name":"Mainstream","description":"","potentialAction":[{"@type":"SearchAction","target":{"@type":"EntryPoint","urlTemplate":"https:\/\/mainstream.eu\/sr\/?s={search_term_string}"},"query-input":{"@type":"PropertyValueSpecification","valueRequired":true,"valueName":"search_term_string"}}],"inLanguage":"sr-RS"}]}},"_links":{"self":[{"href":"https:\/\/mainstream.eu\/sr\/wp-json\/wp\/v2\/pages\/878","targetHints":{"allow":["GET"]}}],"collection":[{"href":"https:\/\/mainstream.eu\/sr\/wp-json\/wp\/v2\/pages"}],"about":[{"href":"https:\/\/mainstream.eu\/sr\/wp-json\/wp\/v2\/types\/page"}],"author":[{"embeddable":true,"href":"https:\/\/mainstream.eu\/sr\/wp-json\/wp\/v2\/users\/1"}],"replies":[{"embeddable":true,"href":"https:\/\/mainstream.eu\/sr\/wp-json\/wp\/v2\/comments?post=878"}],"version-history":[{"count":0,"href":"https:\/\/mainstream.eu\/sr\/wp-json\/wp\/v2\/pages\/878\/revisions"}],"wp:featuredmedia":[{"embeddable":true,"href":"https:\/\/mainstream.eu\/sr\/wp-json\/wp\/v2\/media\/24183"}],"wp:attachment":[{"href":"https:\/\/mainstream.eu\/sr\/wp-json\/wp\/v2\/media?parent=878"}],"curies":[{"name":"wp","href":"https:\/\/api.w.org\/{rel}","templated":true}]}}